{"id":12326,"date":"2022-04-09T01:06:25","date_gmt":"2022-04-09T01:06:25","guid":{"rendered":"https:\/\/archeojewels.com\/wordpress\/home-2-francais\/"},"modified":"2022-06-09T03:31:57","modified_gmt":"2022-06-09T03:31:57","slug":"home-main","status":"publish","type":"page","link":"https:\/\/archeojewels.com\/fr\/","title":{"rendered":""},"content":{"rendered":"<div id=\"gutenslider-v7lw28ryq\" class=\"wp-block-eedee-block-gutenslider gs-frontend content-change alignnone adaptive-height arrow-style-1 arrow-position-sides arrow-mb-none arrows-lg arrows-md arrows-sm dot-style-1 dots-lg dots-md dots-sm dot-position-bottom is-position-center-center mb-none wrap-auto-height\" data-parallax-direction=\"down\" data-parallax-amount=\"1.3\" data-lg-transition=\"lg-slide\" data-hash=\"\" ><div class=\"eedee-swiper-outer\" style=\"--gutenslider-min-height: 50vh;--gutenslider-arrow-size: 30px;--gutenslider-dot-size: 25px;--gutenslider-arrow-color: #000000;--gutenslider-dot-color: #ffffff;--gutenslider-padding-y-mobile: 40px;--gutenslider-padding-x-mobile: 40px;--gutenslider-padding-y-tablet: 40px;--gutenslider-padding-x-tablet: 40px;--gutenslider-padding-y-desktop: 40px;--gutenslider-padding-x-desktop: 40px;--gutenslider-bg-image: url();--gutenslider-min-height-md: 50vh;--gutenslider-min-height-sm: 50vh;--gutenslider-padding-x: 40px;--gutenslider-padding-x-md: 40px;--gutenslider-padding-x-sm: 20px;--gutenslider-padding-y: 40px;--gutenslider-padding-y-md: 40px;--gutenslider-padding-y-sm: 20px;--gutenslider-arrow-size-md: 30px;--gutenslider-arrow-size-sm: 30px;--gutenslider-dot-size-md: 25px;--gutenslider-dot-size-sm: 25px;--gutenslider-arrow-bg-color: transparent;--gutenslider-arrow-hover-color: #000000bb;--gutenslider-arrow-bg-hover-color: transparent;--gutenslider-arrow-x-offset: 10px;--gutenslider-arrow-x-offset-md: 10px;--gutenslider-arrow-x-offset-sm: 10px;--gutenslider-arrow-y-offset: 0px;--gutenslider-arrow-y-offset-md: 0px;--gutenslider-arrow-y-offset-sm: 0px;--gutenslider-arrow-x-spacing: 0px;--gutenslider-dot-y-offset: 10px;--gutenslider-dot-y-offset-md: 10px;--gutenslider-dot-y-offset-sm: 10px;--gutenslider-margin-x: 0px;--gutenslider-margin-x-md: 0px;--gutenslider-margin-x-sm: 0px;--gutenslider-margin-y: 0px;--gutenslider-margin-y-md: 0px;--gutenslider-margin-y-sm: 0px;--gutenslider-divider-top: 60px;--gutenslider-divider-bottom: 60px;--gutenslider-lightgallery-bg: #ffffff;--gutenslider-lightgallery-font: #000000;--gs-first-pos: 50% 50%;--gs-gap-vertical: var( --wp--style--gallery-gap-default, var( --gallery-block--gutter-size, var( --wp--style--block-gap, 0.5em ) ) );--gs-gap-horizontal: var( --wp--style--gallery-gap-default, var( --gallery-block--gutter-size, var( --wp--style--block-gap, 0.5em ) ) );\"><div class=\"gutenslider-divider-top\" style=\"color:#fff;\"><\/div><div class=\"swiper\" data-settings='{\"autoplay\":{\"delay\":3000,\"pauseOnMouseEnter\":true,\"disableOnInteraction\":false},\"speed\":700,\"direction\":\"horizontal\",\"autoHeight\":\"\",\"loop\":true,\"centeredSlides\":true,\"spaceBetween\":0,\"slidesPerView\":1,\"slidesPerGroup\":1,\"effect\":\"slide\",\"coverflowEffect\":{\"rotate\":30,\"slideShadows\":false,\"depth\":100,\"stretch\":50,\"modifier\":1},\"fadeEffect\":{\"crossFade\":true},\"zoom\":\"\",\"navigation\":{\"nextEl\":\"#gutenslider-v7lw28ryq .eedee-gutenslider-next\",\"prevEl\":\"#gutenslider-v7lw28ryq .eedee-gutenslider-prev\"},\"pagination\":{\"type\":\"bullets\",\"clickable\":true,\"dynamicBullets\":false,\"el\":\"#gutenslider-v7lw28ryq .eedee-gutenslider-pagination\"},\"pauseOnHover\":\"1\",\"watchSlidesProgress\":true,\"watchSlidesVisibility\":true,\"settingsMd\":{\"autoHeight\":\"\",\"slidesPerView\":1,\"slidesPerGroup\":1,\"spaceBetween\":0,\"loop\":true},\"settingsLg\":{\"autoHeight\":\"1\",\"slidesPerView\":1,\"slidesPerGroup\":1,\"spaceBetween\":0,\"loop\":true},\"hasLg\":false,\"hasLgCounter\":true,\"isFullScreen\":false,\"arrowsFollowMouse\":false,\"lgTitle\":\"none\",\"lgCaption\":\"none\",\"lgThumbnails\":true,\"lgZoomEnabled\":false,\"keyboard\":{\"keyboard\":{\"enabled\":true,\"onlyInViewport\":true}},\"hashNavigation\":false,\"dividers\":false}'><div class=\"swiper-wrapper\">\n<div class=\"swiper-slide wp-block-eedee-block-gutenslide is-position-center-center ed-bg-image\" style=\"--ed-vw:300;--ed-vh:95;\" data-hash=\"\"><div class=\"eedee-background-div bg-image\"><img loading=\"lazy\" width=\"950\" height=\"300\" class=\"wp-image-11936\" src=\"https:\/\/archeojewels.com\/wordpress\/wp-content\/uploads\/2022\/04\/1.jpg\" alt=\"\" decoding=\"async\" style=\"object-fit: cover; object-position: 50% 50%;\"  data-title=\"1\" srcset=\"https:\/\/archeojewels.com\/wp-content\/uploads\/2022\/04\/1.jpg 950w, https:\/\/archeojewels.com\/wp-content\/uploads\/2022\/04\/1-305x96.jpg 305w, https:\/\/archeojewels.com\/wp-content\/uploads\/2022\/04\/1-620x196.jpg 620w, https:\/\/archeojewels.com\/wp-content\/uploads\/2022\/04\/1-300x95.jpg 300w, https:\/\/archeojewels.com\/wp-content\/uploads\/2022\/04\/1-768x243.jpg 768w\" sizes=\"auto, (max-width: 950px) 100vw, 950px\" \/><div class=\"eedee-background-div__overlay\" style=\"opacity:1;\"><\/div><\/div><div class=\"slide-content\">\n\n<p class=\"has-text-align-center gutenslider-content-initial has-larger-font-size\"> <\/p>\n\n<\/div><\/div>\n\n<div class=\"swiper-slide wp-block-eedee-block-gutenslide is-position-center-center ed-bg-image\" style=\"--ed-vw:300;--ed-vh:95;\" data-hash=\"\"><div class=\"eedee-background-div bg-image\"><img loading=\"lazy\" width=\"950\" height=\"300\" class=\"wp-image-11941\" src=\"https:\/\/archeojewels.com\/wordpress\/wp-content\/uploads\/2022\/04\/2.jpg\" alt=\"\" decoding=\"async\" style=\"object-fit: cover; object-position: 50% 50%;\"  data-title=\"2\" srcset=\"https:\/\/archeojewels.com\/wp-content\/uploads\/2022\/04\/2.jpg 950w, https:\/\/archeojewels.com\/wp-content\/uploads\/2022\/04\/2-305x96.jpg 305w, https:\/\/archeojewels.com\/wp-content\/uploads\/2022\/04\/2-620x196.jpg 620w, https:\/\/archeojewels.com\/wp-content\/uploads\/2022\/04\/2-300x95.jpg 300w, https:\/\/archeojewels.com\/wp-content\/uploads\/2022\/04\/2-768x243.jpg 768w\" sizes=\"auto, (max-width: 950px) 100vw, 950px\" \/><div class=\"eedee-background-div__overlay\" style=\"opacity:1;\"><\/div><\/div><div class=\"slide-content\">\n\n<p class=\"has-text-align-center gutenslider-content-initial has-larger-font-size\"><\/p>\n\n<\/div><\/div>\n\n<div class=\"swiper-slide wp-block-eedee-block-gutenslide is-position-center-center ed-bg-image\" style=\"--ed-vw:300;--ed-vh:95;\" data-hash=\"\"><div class=\"eedee-background-div bg-image\"><img loading=\"lazy\" width=\"950\" height=\"300\" class=\"wp-image-12032\" src=\"https:\/\/archeojewels.com\/wordpress\/wp-content\/uploads\/2022\/04\/3.jpg\" alt=\"\" decoding=\"async\" style=\"object-fit: cover; object-position: 50% 50%;\"  data-title=\"3\" srcset=\"https:\/\/archeojewels.com\/wp-content\/uploads\/2022\/04\/3.jpg 950w, https:\/\/archeojewels.com\/wp-content\/uploads\/2022\/04\/3-305x96.jpg 305w, https:\/\/archeojewels.com\/wp-content\/uploads\/2022\/04\/3-620x196.jpg 620w, https:\/\/archeojewels.com\/wp-content\/uploads\/2022\/04\/3-300x95.jpg 300w, https:\/\/archeojewels.com\/wp-content\/uploads\/2022\/04\/3-768x243.jpg 768w\" sizes=\"auto, (max-width: 950px) 100vw, 950px\" \/><div class=\"eedee-background-div__overlay\" style=\"opacity:1;\"><\/div><\/div><div class=\"slide-content\">\n\n<p class=\"has-text-align-center gutenslider-content-initial has-larger-font-size\"><\/p>\n\n<\/div><\/div>\n<\/div><\/div><button class=\"eedee-gutenslider-nav eedee-gutenslider-prev\"><svg xmlns=\"http:\/\/www.w3.org\/2000\/svg\" viewBox=\"0 0 24 24\" width=\"24\" height=\"24\"><circle class=\"bg\" cx=\"13\" cy=\"12\" r=\"11\" \/><path fill=\"none\" d=\"M0 0h24v24H0z\"\/><path class=\"arrow\" d=\"M10.828 12l4.95 4.95-1.414 1.414L8 12l6.364-6.364 1.414 1.414z\"\/><\/svg><\/button><button class=\"eedee-gutenslider-nav eedee-gutenslider-next\"><svg xmlns=\"http:\/\/www.w3.org\/2000\/svg\" viewBox=\"0 0 24 24\" width=\"24\" height=\"24\"><circle class=\"bg\" cx=\"11\" cy=\"12\" r=\"11\" \/><path fill=\"none\" d=\"M0 0h24v24H0z\"\/><path class=\"arrow\" d=\"M13.172 12l-4.95-4.95 1.414-1.414L16 12l-6.364 6.364-1.414-1.414z\"\/><\/svg><\/button><div class=\"eedee-gutenslider-pagination\"><\/div><div class=\"gutenslider-divider-bottom \" style=\"color:#fff;\"><\/div><\/div><\/div>\n\n\n<div class=\"wp-block-getwid-advanced-spacer\" style=\"height:86px\" aria-hidden=\"true\"><\/div>\n\n\n\n<div class=\"wp-block-columns is-layout-flex wp-container-core-columns-is-layout-9d6595d7 wp-block-columns-is-layout-flex\">\n<div class=\"wp-block-column is-layout-flow wp-block-column-is-layout-flow\">\n<div class=\"wp-block-cb-carousel\" data-slick=\"{\"slidesToShow\":3,\"slidesToScroll\":3,\"speed\":300,\"arrows\":true,\"dots\":true,\"autoplay\":false,\"autoplaySpeed\":3000,\"infinite\":false,\"responsive\":[{\"breakpoint\":769,\"settings\":{\"slidesToShow\":1,\"slidesToScroll\":1}}]}\">\n\n<div class=\"wp-block-cb-slide\">\n\n<div class=\"wp-block-image\"><figure class=\"aligncenter size-full\"><img loading=\"lazy\" decoding=\"async\" width=\"375\" height=\"250\" src=\"https:\/\/archeojewels.com\/wordpress\/wp-content\/uploads\/2022\/04\/image1.jpg\" alt=\"\" class=\"wp-image-11963\" srcset=\"https:\/\/archeojewels.com\/wp-content\/uploads\/2022\/04\/image1.jpg 375w, https:\/\/archeojewels.com\/wp-content\/uploads\/2022\/04\/image1-305x203.jpg 305w, https:\/\/archeojewels.com\/wp-content\/uploads\/2022\/04\/image1-300x200.jpg 300w\" sizes=\"auto, (max-width: 375px) 100vw, 375px\" \/><\/figure><\/div>\n\n<\/div>\n\n\n<div class=\"wp-block-cb-slide\">\n\n<div class=\"wp-block-image\"><figure class=\"aligncenter size-full\"><img loading=\"lazy\" decoding=\"async\" width=\"375\" height=\"250\" src=\"https:\/\/archeojewels.com\/wordpress\/wp-content\/uploads\/2022\/04\/image3.jpg\" alt=\"\" class=\"wp-image-11964\" srcset=\"https:\/\/archeojewels.com\/wp-content\/uploads\/2022\/04\/image3.jpg 375w, https:\/\/archeojewels.com\/wp-content\/uploads\/2022\/04\/image3-305x203.jpg 305w, https:\/\/archeojewels.com\/wp-content\/uploads\/2022\/04\/image3-300x200.jpg 300w\" sizes=\"auto, (max-width: 375px) 100vw, 375px\" \/><\/figure><\/div>\n\n<\/div>\n\n\n<div class=\"wp-block-cb-slide\">\n\n<div class=\"wp-block-image\"><figure class=\"aligncenter size-full\"><img loading=\"lazy\" decoding=\"async\" width=\"375\" height=\"250\" src=\"https:\/\/archeojewels.com\/wordpress\/wp-content\/uploads\/2022\/04\/image2.jpg\" alt=\"\" class=\"wp-image-11965\" srcset=\"https:\/\/archeojewels.com\/wp-content\/uploads\/2022\/04\/image2.jpg 375w, https:\/\/archeojewels.com\/wp-content\/uploads\/2022\/04\/image2-305x203.jpg 305w, https:\/\/archeojewels.com\/wp-content\/uploads\/2022\/04\/image2-300x200.jpg 300w\" sizes=\"auto, (max-width: 375px) 100vw, 375px\" \/><\/figure><\/div>\n\n<\/div>\n\n<\/div>\n<\/div>\n\n\n\n<div class=\"wp-block-column is-layout-flow wp-block-column-is-layout-flow\">\n<h2 class=\"wp-block-heading\">Histoire<\/h2>\n\n\n\n<p style=\"font-size:16px\">Archeo Jewels est une collection unique de bijoux artisanaux en or et argent, qui s\u2019inspirent des mythologies Romaines, Ph\u00e9niciennes et Grecques.<br>Mes bijoux sont des cr\u00e9ations uniques, \u00e9ternelles et \u00e9l\u00e9gantes.<br>A travers&nbsp;<a href=\"https:\/\/archeojewels.com\/fr\/shop\/\" data-type=\"URL\" data-id=\"https:\/\/archeojewels.com\/fr\/shop\/\">la collection de mes bijoux<\/a>, je vais vous conter les tr\u00e8s belles histoires de ces \u00e9poques antiques o\u00f9 la mythologie et la r\u00e9alit\u00e9 ne font qu\u2019un.<\/p>\n<\/div>\n<\/div>\n\n\n\n<div style=\"height:44px\" aria-hidden=\"true\" class=\"wp-block-spacer\"><\/div>\n\n\n\n<div class=\"wp-block-cb-carousel\" data-slick=\"{\"slidesToShow\":3,\"slidesToScroll\":2,\"speed\":300,\"arrows\":false,\"dots\":true,\"autoplay\":true,\"autoplaySpeed\":2000,\"infinite\":true,\"rtl\":false,\"responsive\":[{\"breakpoint\":769,\"settings\":{\"slidesToShow\":1,\"slidesToScroll\":1}}]}\"><\/div>\n\n\n\n<div class=\"wp-block-media-text alignwide has-media-on-the-right is-vertically-aligned-center is-image-fill has-white-background-color has-background\" style=\"grid-template-columns:auto 51%\"><figure class=\"wp-block-media-text__media\" style=\"background-image:url(https:\/\/archeojewels.com\/wp-content\/uploads\/2022\/04\/02collec_white-4.jpg);background-position:50% 50%\"><img loading=\"lazy\" decoding=\"async\" width=\"1021\" height=\"617\" src=\"https:\/\/archeojewels.com\/wp-content\/uploads\/2022\/04\/02collec_white-4.jpg\" alt=\"\" class=\"wp-image-11988 size-full\" srcset=\"https:\/\/archeojewels.com\/wp-content\/uploads\/2022\/04\/02collec_white-4.jpg 1021w, https:\/\/archeojewels.com\/wp-content\/uploads\/2022\/04\/02collec_white-4-305x184.jpg 305w, https:\/\/archeojewels.com\/wp-content\/uploads\/2022\/04\/02collec_white-4-620x375.jpg 620w, https:\/\/archeojewels.com\/wp-content\/uploads\/2022\/04\/02collec_white-4-300x181.jpg 300w, https:\/\/archeojewels.com\/wp-content\/uploads\/2022\/04\/02collec_white-4-768x464.jpg 768w\" sizes=\"auto, (max-width: 1021px) 100vw, 1021px\" \/><\/figure><div class=\"wp-block-media-text__content\">\n<div class=\"wp-block-group\" style=\"padding-top:2em;padding-right:2em;padding-bottom:2em;padding-left:2em\"><div class=\"wp-block-group__inner-container is-layout-flow wp-block-group-is-layout-flow\">\n<h2 class=\"wp-block-heading\"><strong>On va commencer par <a href=\"https:\/\/archeojewels.com\/fr\/product\/dido-silver-seal-ring\/\" data-type=\"URL\" data-id=\"https:\/\/archeojewels.com\/fr\/product\/dido-silver-seal-ring\/\">Dido, la Reine de Carthage<\/a>. <\/strong><\/h2>\n\n\n\n<p class=\"has-extra-small-font-size\"><\/p>\n<\/div><\/div>\n<\/div><\/div>\n\n\n\n<div style=\"height:60px\" aria-hidden=\"true\" class=\"wp-block-spacer\"><\/div>\n\n\n\n<div class=\"wp-block-columns is-layout-flex wp-container-core-columns-is-layout-9d6595d7 wp-block-columns-is-layout-flex\">\n<div class=\"wp-block-column featured-categories is-layout-flow wp-block-column-is-layout-flow\"><div data-block-name=\"woocommerce\/featured-category\" data-category-id=\"108\" data-dim-ratio=\"40\" data-edit-mode=\"false\" class=\"wc-block-featured-category alignnone has-background-dim has-background-dim-40 wp-block-woocommerce-featured-category\" style=\"min-height:500px;\"><div class=\"wc-block-featured-category__wrapper\"><div class=\"background-dim__overlay\" style=\"background-color: #000000\"><\/div><img decoding=\"async\" alt=\"Bagues\" class=\"wc-block-featured-category__background-image\" src=\"https:\/\/archeojewels.com\/wp-content\/uploads\/2022\/04\/categorie.jpg\" style=\"object-fit: none;object-position: 50% 50%;\" \/><h2 class=\"wc-block-featured-category__title\">Bagues<\/h2><div class=\"wc-block-featured-category__description\"><\/div><div class=\"wc-block-featured-category__inner-blocks\">\n\n<div class=\"wp-block-buttons is-layout-flex wp-block-buttons-is-layout-flex\">\n<div class=\"wp-block-button aligncenter has-custom-font-size has-small-font-size\"><a class=\"wp-block-button__link has-background\" href=\"https:\/\/archeojewels.com\/fr\/product-category\/rings\/\" style=\"background-color:#a773c1\">Shop now<\/a><\/div>\n<\/div>\n\n<\/div><\/div><\/div>\n\n<div data-block-name=\"woocommerce\/featured-category\" data-category-id=\"110\" data-edit-mode=\"false\" class=\"wc-block-featured-category alignnone has-background-dim wp-block-woocommerce-featured-category\" style=\"min-height:500px;\"><div class=\"wc-block-featured-category__wrapper\"><div class=\"background-dim__overlay\" style=\"background-color: #000000\"><\/div><img decoding=\"async\" alt=\"Bracelets\" class=\"wc-block-featured-category__background-image\" src=\"https:\/\/archeojewels.com\/wp-content\/uploads\/2022\/04\/categorie1_1196588678.jpg\" style=\"object-fit: none;object-position: 50% 50%;\" \/><h2 class=\"wc-block-featured-category__title\">Bracelets<\/h2><div class=\"wc-block-featured-category__description\"><\/div><div class=\"wc-block-featured-category__inner-blocks\">\n\n<div class=\"wp-block-buttons is-layout-flex wp-block-buttons-is-layout-flex\">\n<div class=\"wp-block-button aligncenter has-custom-font-size has-small-font-size\"><a class=\"wp-block-button__link has-background\" href=\"https:\/\/archeojewels.com\/fr\/product-category\/bracelets\/\" style=\"background-color:#a773c1\">Shop now<\/a><\/div>\n<\/div>\n\n<\/div><\/div><\/div>\n\n<div data-block-name=\"woocommerce\/featured-category\" data-category-id=\"111\" data-edit-mode=\"false\" class=\"wc-block-featured-category alignfull has-background-dim wp-block-woocommerce-featured-category\" style=\"min-height:500px;\"><div class=\"wc-block-featured-category__wrapper\"><div class=\"background-dim__overlay\" style=\"background-color: #000000\"><\/div><img decoding=\"async\" alt=\"Colliers\" class=\"wc-block-featured-category__background-image\" src=\"https:\/\/archeojewels.com\/wp-content\/uploads\/2022\/04\/categorie_1509293197.jpg\" style=\"object-fit: none;object-position: 50% 50%;\" \/><h2 class=\"wc-block-featured-category__title\">Colliers<\/h2><div class=\"wc-block-featured-category__description\"><\/div><div class=\"wc-block-featured-category__inner-blocks\">\n\n<div class=\"wp-block-buttons is-layout-flex wp-block-buttons-is-layout-flex\">\n<div class=\"wp-block-button aligncenter has-custom-font-size has-small-font-size\"><a class=\"wp-block-button__link has-background\" href=\"https:\/\/archeojewels.com\/fr\/product-category\/necklaces\/\" style=\"background-color:#a773c1\">Shop now<\/a><\/div>\n<\/div>\n\n<\/div><\/div><\/div>\n\n<div data-block-name=\"woocommerce\/featured-category\" data-category-id=\"112\" data-edit-mode=\"false\" class=\"wc-block-featured-category alignnone has-background-dim wp-block-woocommerce-featured-category\" style=\"min-height:500px;\"><div class=\"wc-block-featured-category__wrapper\"><div class=\"background-dim__overlay\" style=\"background-color: #000000\"><\/div><img decoding=\"async\" alt=\"Montres\" class=\"wc-block-featured-category__background-image\" src=\"https:\/\/archeojewels.com\/wp-content\/uploads\/2022\/04\/watches.jpg\" style=\"object-fit: none;object-position: 50% 50%;\" \/><h2 class=\"wc-block-featured-category__title\">Montres<\/h2><div class=\"wc-block-featured-category__description\"><\/div><div class=\"wc-block-featured-category__inner-blocks\">\n\n<div class=\"wp-block-buttons is-layout-flex wp-block-buttons-is-layout-flex\">\n<div class=\"wp-block-button aligncenter has-custom-font-size has-small-font-size\"><a class=\"wp-block-button__link has-background\" href=\"https:\/\/archeojewels.com\/fr\/product-category\/watches\/\" style=\"background-color:#a773c1\">Shop now<\/a><\/div>\n<\/div>\n\n<\/div><\/div><\/div>\n\n<div data-block-name=\"woocommerce\/featured-category\" data-category-id=\"109\" data-edit-mode=\"false\" class=\"wc-block-featured-category alignnone has-background-dim wp-block-woocommerce-featured-category\" style=\"min-height:500px;\"><div class=\"wc-block-featured-category__wrapper\"><div class=\"background-dim__overlay\" style=\"background-color: #000000\"><\/div><img decoding=\"async\" alt=\"Boucles d&#039;Oreilles\" class=\"wc-block-featured-category__background-image\" src=\"https:\/\/archeojewels.com\/wp-content\/uploads\/2022\/04\/categorie_693442527.jpg\" style=\"object-fit: none;object-position: 50% 50%;\" \/><h2 class=\"wc-block-featured-category__title\">Boucles d&rsquo;Oreilles<\/h2><div class=\"wc-block-featured-category__description\"><\/div><div class=\"wc-block-featured-category__inner-blocks\">\n\n<div class=\"wp-block-buttons is-layout-flex wp-block-buttons-is-layout-flex\">\n<div class=\"wp-block-button aligncenter has-custom-font-size has-small-font-size\"><a class=\"wp-block-button__link has-background\" href=\"https:\/\/archeojewels.com\/fr\/product-category\/earrings\/\" style=\"background-color:#a773c1\">Shop now<\/a><\/div>\n<\/div>\n\n<\/div><\/div><\/div>\n\n<div data-block-name=\"woocommerce\/featured-category\" data-category-id=\"113\" data-edit-mode=\"false\" class=\"wc-block-featured-category alignnone has-background-dim wp-block-woocommerce-featured-category\" style=\"min-height:500px;\"><div class=\"wc-block-featured-category__wrapper\"><div class=\"background-dim__overlay\" style=\"background-color: #000000\"><\/div><img decoding=\"async\" alt=\"Articles divers\" class=\"wc-block-featured-category__background-image\" src=\"https:\/\/archeojewels.com\/wp-content\/uploads\/2022\/04\/various-articles.jpg\" style=\"object-fit: none;object-position: 50% 50%;\" \/><h2 class=\"wc-block-featured-category__title\">Articles divers<\/h2><div class=\"wc-block-featured-category__description\"><\/div><div class=\"wc-block-featured-category__inner-blocks\">\n\n<div class=\"wp-block-buttons is-layout-flex wp-block-buttons-is-layout-flex\">\n<div class=\"wp-block-button aligncenter has-custom-font-size has-small-font-size\"><a class=\"wp-block-button__link has-background\" href=\"https:\/\/archeojewels.com\/fr\/product-category\/various-articles\/\" style=\"background-color:#a773c1\">Shop now<\/a><\/div>\n<\/div>\n\n<\/div><\/div><\/div><\/div>\n<\/div>\n\n\n\n<div class=\"wp-block-columns is-layout-flex wp-container-core-columns-is-layout-9d6595d7 wp-block-columns-is-layout-flex\">\n<div class=\"wp-block-column is-layout-flow wp-block-column-is-layout-flow\" style=\"flex-basis:66.66%\">\n<div class=\"wp-block-cb-carousel\" data-slick=\"{\"slidesToShow\":3,\"slidesToScroll\":1,\"speed\":300,\"arrows\":true,\"dots\":true,\"autoplay\":false,\"autoplaySpeed\":3000,\"infinite\":false,\"responsive\":[{\"breakpoint\":769,\"settings\":{\"slidesToShow\":1,\"slidesToScroll\":1}}]}\">\n\n<div class=\"wp-block-cb-slide\">\n\n<figure class=\"wp-block-video\"><video height=\"360\" style=\"aspect-ratio: 640 \/ 360;\" width=\"640\" autoplay controls loop muted src=\"https:\/\/archeojewels.com\/wp-content\/uploads\/2022\/04\/video1.mp4\"><\/video><\/figure>\n\n<\/div>\n\n\n<div class=\"wp-block-cb-slide\">\n\n<figure class=\"wp-block-video\"><video height=\"360\" style=\"aspect-ratio: 640 \/ 360;\" width=\"640\" autoplay controls loop muted src=\"https:\/\/archeojewels.com\/wp-content\/uploads\/2022\/04\/video2.mp4\"><\/video><\/figure>\n\n<\/div>\n\n\n<div class=\"wp-block-cb-slide\">\n\n<figure class=\"wp-block-video\"><video height=\"1080\" style=\"aspect-ratio: 1920 \/ 1080;\" width=\"1920\" autoplay controls loop muted src=\"https:\/\/archeojewels.com\/wp-content\/uploads\/2022\/04\/vidoe3.mp4\"><\/video><\/figure>\n\n<\/div>\n\n<\/div>\n<\/div>\n\n\n\n<div class=\"wp-block-column is-layout-flow wp-block-column-is-layout-flow\" style=\"flex-basis:33.33%\">\n<iframe loading=\"lazy\" src=\"https:\/\/www.facebook.com\/plugins\/page.php?href=https%3A%2F%2Fwww.facebook.com%2Farcheojewels%2F%3Fhc_ref%3DARQIDbS77MQNARJDhzeEHqIdyHCTiXY87MjHBOoYMB1sD0LWFsXd7ppAt-lkeOM7Ehc%26fref%3Dnf%26__tn__%3DkC-R&#038;tabs=timeline&#038;width=400&#038;height=400&#038;small_header=false&#038;adapt_container_width=true&#038;hide_cover=false&#038;show_facepile=false&#038;appId\" width=\"400\" height=\"400\" style=\"border:none;overflow:hidden\" scrolling=\"no\" frameborder=\"0\" allowfullscreen=\"true\" allow=\"autoplay; clipboard-write; encrypted-media; picture-in-picture; web-share\"><\/iframe>\n<\/div>\n<\/div>\n","protected":false},"excerpt":{"rendered":"<p>Histoire Archeo Jewels est une collection unique de bijoux artisanaux en or et argent, qui s\u2019inspirent des mythologies Romaines, Ph\u00e9niciennes et Grecques.Mes bijoux sont des cr\u00e9ations uniques, \u00e9ternelles et \u00e9l\u00e9gantes.A travers&nbsp;la collection de mes bijoux, je vais vous conter les tr\u00e8s belles histoires de ces \u00e9poques antiques o\u00f9 la mythologie et la r\u00e9alit\u00e9 ne font [&hellip;]<\/p>\n","protected":false},"author":2,"featured_media":0,"parent":0,"menu_order":0,"comment_status":"closed","ping_status":"closed","template":"","meta":{"_uag_custom_page_level_css":"","footnotes":""},"class_list":["post-12326","page","type-page","status-publish","hentry"],"uagb_featured_image_src":{"full":false,"thumbnail":false,"medium":false,"medium_large":false,"large":false,"gs-tiny":false,"xl":false,"xxl":false,"xxxl":false,"xxxxl":false,"xxxxxl":false,"1536x1536":false,"2048x2048":false,"amela_featured_small":false,"amela_featured_medium":false,"amela_featured_large":false,"woocommerce_thumbnail":false,"woocommerce_single":false,"woocommerce_gallery_thumbnail":false,"sow-carousel-default":false},"uagb_author_info":{"display_name":"Archeo Jewels","author_link":"https:\/\/archeojewels.com\/fr\/author\/kallan\/"},"uagb_comment_info":0,"uagb_excerpt":"Histoire Archeo Jewels est une collection unique de bijoux artisanaux en or et argent, qui s\u2019inspirent des mythologies Romaines, Ph\u00e9niciennes et Grecques.Mes bijoux sont des cr\u00e9ations uniques, \u00e9ternelles et \u00e9l\u00e9gantes.A travers&nbsp;la collection de mes bijoux, je vais vous conter les tr\u00e8s belles histoires de ces \u00e9poques antiques o\u00f9 la mythologie et la r\u00e9alit\u00e9 ne font\u2026","jetpack_sharing_enabled":true,"_links":{"self":[{"href":"https:\/\/archeojewels.com\/fr\/wp-json\/wp\/v2\/pages\/12326","targetHints":{"allow":["GET"]}}],"collection":[{"href":"https:\/\/archeojewels.com\/fr\/wp-json\/wp\/v2\/pages"}],"about":[{"href":"https:\/\/archeojewels.com\/fr\/wp-json\/wp\/v2\/types\/page"}],"author":[{"embeddable":true,"href":"https:\/\/archeojewels.com\/fr\/wp-json\/wp\/v2\/users\/2"}],"replies":[{"embeddable":true,"href":"https:\/\/archeojewels.com\/fr\/wp-json\/wp\/v2\/comments?post=12326"}],"version-history":[{"count":137,"href":"https:\/\/archeojewels.com\/fr\/wp-json\/wp\/v2\/pages\/12326\/revisions"}],"predecessor-version":[{"id":13110,"href":"https:\/\/archeojewels.com\/fr\/wp-json\/wp\/v2\/pages\/12326\/revisions\/13110"}],"wp:attachment":[{"href":"https:\/\/archeojewels.com\/fr\/wp-json\/wp\/v2\/media?parent=12326"}],"curies":[{"name":"wp","href":"https:\/\/api.w.org\/{rel}","templated":true}]}}