{"id":633,"date":"2020-10-13T09:00:26","date_gmt":"2020-10-13T09:00:26","guid":{"rendered":"http:\/\/localhost\/razzi\/?page_id=633"},"modified":"2022-06-09T02:24:25","modified_gmt":"2022-06-09T02:24:25","slug":"about-us","status":"publish","type":"page","link":"https:\/\/archeojewels.com\/fr\/about-us\/","title":{"rendered":"About Us"},"content":{"rendered":"\n<h2 class=\"has-text-align-left wp-block-heading\">A Propos de Nous<\/h2>\n\n\n<div class=\"wp-block-image\">\n<figure class=\"alignleft size-full\"><a href=\"https:\/\/archeojewels.com\/wordpress\/wp-content\/uploads\/2022\/04\/ibrahim.jpg\"><img loading=\"lazy\" decoding=\"async\" width=\"238\" height=\"332\" src=\"https:\/\/archeojewels.com\/wordpress\/wp-content\/uploads\/2022\/04\/ibrahim.jpg\" alt=\"\" class=\"wp-image-11899\" srcset=\"https:\/\/archeojewels.com\/wp-content\/uploads\/2022\/04\/ibrahim.jpg 238w, https:\/\/archeojewels.com\/wp-content\/uploads\/2022\/04\/ibrahim-215x300.jpg 215w\" sizes=\"auto, (max-width: 238px) 100vw, 238px\" \/><\/a><\/figure>\n<\/div>\n\n\n<p class=\"has-drop-cap\">Ibrahim Rawdah a v\u00e9cu et s\u2019est \u00e9panoui dans une des villes les plus prestigieuses pour un cr\u00e9ateur de bijoux \u00ab\u00a0antiques\u00a0\u00bb: Rome. La capitale italienne, c\u0153ur de l\u2019empire Romain, mais aussi une ville qui, \u00e0 chaque coin de rue, raconte des histoires d\u2019\u00e9poques diff\u00e9rentes.  C&rsquo;est l\u00e0 o\u00f9 Ibrahim a fait ses premiers pas en travaillant d&rsquo;abord aupr\u00e8s de ses oncles, en tant qu&rsquo;architecte d&rsquo;int\u00e9rieur dans leur prestigieuse galerie de meubles d\u2019antiquit\u00e9 \u00ab\u00a0Studio Ripetta\u00a0\u00bb au c\u0153ur de l\u2019une des plus anciennes rues du centre ville, Via Ripetta. <\/p>\n\n\n\n<p>Il s&rsquo;inspire de tout ce qu&rsquo;il voit, de tout ce qu&rsquo;il touche mais aussi des gens qu&rsquo;il rencontre. Et l\u00e0, au fil du temps, il commence \u00e0 s&rsquo;int\u00e9resser aux monnaies antiques romaines, puis il trouve son inspiration dans d&rsquo;autres pi\u00e8ces anciennes de tout genre: que ce soit du bronze, des pierres, des boucles d&rsquo;oreilles, des colliers de diverses \u00e9poques: romaines, \u00e9trusques, grecques, ou orientales. Tr\u00e8s vite cet int\u00e9r\u00eat devient une vraie passion. <\/p>\n\n\n\n<p>Tout commence en 1991 o\u00f9 il cr\u00e9e son premier bijou: une bague en or mont\u00e9e d&rsquo;une cornaline grav\u00e9e. <\/p>\n\n\n\n<p>Et depuis, Ibrahim cr\u00e9e une marque de bijoux \u00ab Archeo Jewels \u00bb, des sp\u00e9cimens uniques, en or et argent, mont\u00e9s de ces pi\u00e8ces rares et antiques. Il cr\u00e9e parall\u00e8lement une autre collection, en argent, en ins\u00e9rant des copies de pi\u00e8ces anciennes ou des pierres grav\u00e9es, recouvertes d&rsquo;\u00e9mail color\u00e9, en maintenant toujours le respect et le style de l&rsquo;esprit des bijoux Archeo Jewels.<\/p>\n\n\n\n<div style=\"height:63px\" aria-hidden=\"true\" class=\"wp-block-spacer\"><\/div>\n\n\n\n<div class=\"wp-block-buttons is-content-justification-center is-layout-flex wp-container-core-buttons-is-layout-16018d1d wp-block-buttons-is-layout-flex\">\n<div class=\"wp-block-button has-custom-width wp-block-button__width-25 has-custom-font-size has-medium-font-size\"><a class=\"wp-block-button__link has-background\" href=\"https:\/\/archeojewels.com\/fr\/shop\/\" style=\"background-color:#a773c1\" rel=\"\">Acheter Maintenant<\/a><\/div>\n<\/div>\n\n\n\n<div style=\"height:125px\" aria-hidden=\"true\" class=\"wp-block-spacer\"><\/div>\n\n\n\n<div class=\"wp-block-columns is-layout-flex wp-container-core-columns-is-layout-9d6595d7 wp-block-columns-is-layout-flex\">\n<div class=\"wp-block-column is-layout-flow wp-block-column-is-layout-flow\" style=\"flex-basis:66.66%\">\n<div class=\"wp-block-cb-carousel\" data-slick=\"{\"slidesToShow\":3,\"slidesToScroll\":1,\"speed\":300,\"arrows\":true,\"dots\":true,\"autoplay\":false,\"autoplaySpeed\":3000,\"infinite\":false,\"responsive\":[{\"breakpoint\":769,\"settings\":{\"slidesToShow\":1,\"slidesToScroll\":1}}]}\">\n<div class=\"wp-block-cb-slide\">\n<figure class=\"wp-block-video\"><video height=\"360\" style=\"aspect-ratio: 640 \/ 360;\" width=\"640\" autoplay controls loop muted src=\"https:\/\/archeojewels.com\/wp-content\/uploads\/2022\/04\/video1.mp4\"><\/video><\/figure>\n<\/div>\n\n\n\n<div class=\"wp-block-cb-slide\">\n<figure class=\"wp-block-video\"><video height=\"360\" style=\"aspect-ratio: 640 \/ 360;\" width=\"640\" autoplay controls loop muted src=\"https:\/\/archeojewels.com\/wp-content\/uploads\/2022\/04\/video2.mp4\"><\/video><\/figure>\n<\/div>\n\n\n\n<div class=\"wp-block-cb-slide\">\n<figure class=\"wp-block-video\"><video height=\"1080\" style=\"aspect-ratio: 1920 \/ 1080;\" width=\"1920\" autoplay controls loop muted src=\"https:\/\/archeojewels.com\/wp-content\/uploads\/2022\/04\/vidoe3.mp4\"><\/video><\/figure>\n<\/div>\n<\/div>\n<\/div>\n\n\n\n<div class=\"wp-block-column is-layout-flow wp-block-column-is-layout-flow\" style=\"flex-basis:33.33%\">\n<iframe loading=\"lazy\" src=\"https:\/\/www.facebook.com\/plugins\/page.php?href=https%3A%2F%2Fwww.facebook.com%2Farcheojewels%2F%3Fhc_ref%3DARQIDbS77MQNARJDhzeEHqIdyHCTiXY87MjHBOoYMB1sD0LWFsXd7ppAt-lkeOM7Ehc%26fref%3Dnf%26__tn__%3DkC-R&#038;tabs=timeline&#038;width=400&#038;height=400&#038;small_header=false&#038;adapt_container_width=true&#038;hide_cover=false&#038;show_facepile=false&#038;appId\" width=\"400\" height=\"400\" style=\"border:none;overflow:hidden\" scrolling=\"no\" frameborder=\"0\" allowfullscreen=\"true\" allow=\"autoplay; clipboard-write; encrypted-media; picture-in-picture; web-share\"><\/iframe>\n<\/div>\n<\/div>\n","protected":false},"excerpt":{"rendered":"<p>A Propos de Nous Ibrahim Rawdah a v\u00e9cu et s\u2019est \u00e9panoui dans une des villes les plus prestigieuses pour un cr\u00e9ateur de bijoux \u00ab\u00a0antiques\u00a0\u00bb: Rome. La capitale italienne, c\u0153ur de l\u2019empire Romain, mais aussi une ville qui, \u00e0 chaque coin de rue, raconte des histoires d\u2019\u00e9poques diff\u00e9rentes. C&rsquo;est l\u00e0 o\u00f9 Ibrahim a fait ses premiers [&hellip;]<\/p>\n","protected":false},"author":2,"featured_media":0,"parent":0,"menu_order":0,"comment_status":"closed","ping_status":"closed","template":"","meta":{"_uag_custom_page_level_css":"","footnotes":""},"class_list":["post-633","page","type-page","status-publish","hentry"],"uagb_featured_image_src":{"full":false,"thumbnail":false,"medium":false,"medium_large":false,"large":false,"gs-tiny":false,"xl":false,"xxl":false,"xxxl":false,"xxxxl":false,"xxxxxl":false,"1536x1536":false,"2048x2048":false,"amela_featured_small":false,"amela_featured_medium":false,"amela_featured_large":false,"woocommerce_thumbnail":false,"woocommerce_single":false,"woocommerce_gallery_thumbnail":false,"sow-carousel-default":false},"uagb_author_info":{"display_name":"Archeo Jewels","author_link":"https:\/\/archeojewels.com\/fr\/author\/kallan\/"},"uagb_comment_info":0,"uagb_excerpt":"A Propos de Nous Ibrahim Rawdah a v\u00e9cu et s\u2019est \u00e9panoui dans une des villes les plus prestigieuses pour un cr\u00e9ateur de bijoux \u00ab\u00a0antiques\u00a0\u00bb: Rome. La capitale italienne, c\u0153ur de l\u2019empire Romain, mais aussi une ville qui, \u00e0 chaque coin de rue, raconte des histoires d\u2019\u00e9poques diff\u00e9rentes. C&rsquo;est l\u00e0 o\u00f9 Ibrahim a fait ses premiers\u2026","jetpack_sharing_enabled":true,"_links":{"self":[{"href":"https:\/\/archeojewels.com\/fr\/wp-json\/wp\/v2\/pages\/633","targetHints":{"allow":["GET"]}}],"collection":[{"href":"https:\/\/archeojewels.com\/fr\/wp-json\/wp\/v2\/pages"}],"about":[{"href":"https:\/\/archeojewels.com\/fr\/wp-json\/wp\/v2\/types\/page"}],"author":[{"embeddable":true,"href":"https:\/\/archeojewels.com\/fr\/wp-json\/wp\/v2\/users\/2"}],"replies":[{"embeddable":true,"href":"https:\/\/archeojewels.com\/fr\/wp-json\/wp\/v2\/comments?post=633"}],"version-history":[{"count":92,"href":"https:\/\/archeojewels.com\/fr\/wp-json\/wp\/v2\/pages\/633\/revisions"}],"predecessor-version":[{"id":13104,"href":"https:\/\/archeojewels.com\/fr\/wp-json\/wp\/v2\/pages\/633\/revisions\/13104"}],"wp:attachment":[{"href":"https:\/\/archeojewels.com\/fr\/wp-json\/wp\/v2\/media?parent=633"}],"curies":[{"name":"wp","href":"https:\/\/api.w.org\/{rel}","templated":true}]}}