{"id":12136,"date":"2022-04-08T20:35:53","date_gmt":"2022-04-08T20:35:53","guid":{"rendered":"https:\/\/archeojewels.com\/wordpress\/?post_type=product&#038;p=12136"},"modified":"2026-02-14T22:59:50","modified_gmt":"2026-02-14T22:59:50","slug":"elissa-silver-earrings","status":"publish","type":"product","link":"https:\/\/archeojewels.com\/fr\/product\/elissa-silver-earrings\/","title":{"rendered":"Boucles d&rsquo;oreilles Elissa en argent (OR 020-AR)"},"content":{"rendered":"<h2><span id=\"result_box\" class=\"short_text\" lang=\"fr\"><span class=\"hps\">Abot<\/span><\/span>\u00a0<strong>\u00c9lissa<\/strong><\/h2>\n<p><img decoding=\"async\" src=\"https:\/\/archeojewels.com\/images\/stories\/elissa.jpg\" alt=\"\" border=\"0\" \/><\/p>\n<p>Dans la mythologie grecque et romaine,\u00a0<strong>Didon<\/strong>\u00a0(en latin Dido) ou\u00a0<strong>\u00c9lisha\/\u00c9lissa<\/strong>\u00a0est la fondatrice l\u00e9gendaire et premi\u00e8re reine de Carthage. Elle est la fille de B\u00e9los et la s\u0153ur du roi de Tyr Pygmalion. Arriv\u00e9e sur les c\u00f4tes d&rsquo;Afrique du Nord, elle se serait immol\u00e9e par le feu pour ne pas avoir \u00e0 \u00e9pouser le souverain des lieux, Hiarbas.<br \/>\nDidon \u00e9tait une princesse ph\u00e9nicienne, premi\u00e8re-n\u00e9e du roi de Tyr, dont la succession est entrav\u00e9e par son fr\u00e8re Pygmalion. Pygmalion assassine son mari, Sych\u00e9e, et impose sa propre tyrannie.<br \/>\nPour \u00e9viter probablement une guerre civile, elle quitte Tyr avec une suite nombreuse, s&#8217;embarquant pour un long voyage dont l&rsquo;\u00e9tape principale fut l&rsquo;\u00eele de Chypre1. \u00c0 Chypre, l&rsquo;escadre embarque des jeunes filles destin\u00e9es \u00e0 \u00e9pouser les membres masculins de l&rsquo;exp\u00e9dition.<br \/>\nD\u00e9barqu\u00e9e sur les c\u00f4tes de l&rsquo;actuelle Tunisie, vers 814 av. J.-C., elle choisit un endroit o\u00f9 fonder une nouvelle capitale pour le peuple ph\u00e9nicien\u00a0: Carthage. Elle obtient pacifiquement des terres par un accord ing\u00e9nieux avec le seigneur local\u00a0: elle obtint une terre pour s&rsquo;\u00e9tablir \u00ab\u00a0autant qu&rsquo;il en pourrait tenir dans la peau d&rsquo;un b\u0153uf\u00a0\u00bb. Elle choisit alors pour fonder sa ville une p\u00e9ninsule qui s&rsquo;avan\u00e7ait dans la mer et fait d\u00e9couper une peau de b\u0153uf en lani\u00e8res extr\u00eamement fines. Mises bout \u00e0 bout, elles d\u00e9limitent l&#8217;emplacement de ce qui deviendra plus tard la grande<\/p>\n","protected":false},"excerpt":{"rendered":"<p>Hauteur 4.8 cm\u00a0 \/ Stands 48 mm \/ just over 18.9\u00a0 inch tall<br \/>\n<strong>Description:<\/strong>\u00a0Boucles d&rsquo;oreilles en argent et \u00e9mail les pi\u00e8ces d&rsquo;argent couvertes en \u00e9mail color\u00e9 sont une reproduction d&rsquo;une pi\u00e8ce de monnaie romaine \u00ab\u00a0Denarus\u00a0\u00bb de l&#8217;empereur Adriano 119-122 AD<br \/>\nArgent: 925<\/p>\n","protected":false},"featured_media":12149,"comment_status":"open","ping_status":"closed","template":"","meta":{"_uag_custom_page_level_css":""},"product_brand":[],"product_cat":[118],"product_tag":[],"class_list":{"0":"post-12136","1":"product","2":"type-product","3":"status-publish","4":"has-post-thumbnail","6":"product_cat-elissa-collection","8":"first","9":"instock","10":"taxable","11":"shipping-taxable","12":"purchasable","13":"product-type-variable","14":"has-default-attributes"},"uagb_featured_image_src":{"full":["https:\/\/archeojewels.com\/wp-content\/uploads\/2022\/04\/earings05.jpg",500,500,false],"thumbnail":["https:\/\/archeojewels.com\/wp-content\/uploads\/2022\/04\/earings05-150x150.jpg",150,150,true],"medium":["https:\/\/archeojewels.com\/wp-content\/uploads\/2022\/04\/earings05-300x300.jpg",300,300,true],"medium_large":["https:\/\/archeojewels.com\/wp-content\/uploads\/2022\/04\/earings05.jpg",500,500,false],"large":["https:\/\/archeojewels.com\/wp-content\/uploads\/2022\/04\/earings05.jpg",500,500,false],"gs-tiny":["https:\/\/archeojewels.com\/wp-content\/uploads\/2022\/04\/earings05.jpg",50,50,false],"xl":["https:\/\/archeojewels.com\/wp-content\/uploads\/2022\/04\/earings05.jpg",500,500,false],"xxl":["https:\/\/archeojewels.com\/wp-content\/uploads\/2022\/04\/earings05.jpg",500,500,false],"xxxl":["https:\/\/archeojewels.com\/wp-content\/uploads\/2022\/04\/earings05.jpg",500,500,false],"xxxxl":["https:\/\/archeojewels.com\/wp-content\/uploads\/2022\/04\/earings05.jpg",500,500,false],"xxxxxl":["https:\/\/archeojewels.com\/wp-content\/uploads\/2022\/04\/earings05.jpg",500,500,false],"1536x1536":["https:\/\/archeojewels.com\/wp-content\/uploads\/2022\/04\/earings05.jpg",500,500,false],"2048x2048":["https:\/\/archeojewels.com\/wp-content\/uploads\/2022\/04\/earings05.jpg",500,500,false],"amela_featured_small":["https:\/\/archeojewels.com\/wp-content\/uploads\/2022\/04\/earings05.jpg",445,445,false],"amela_featured_medium":["https:\/\/archeojewels.com\/wp-content\/uploads\/2022\/04\/earings05.jpg",500,500,false],"amela_featured_large":["https:\/\/archeojewels.com\/wp-content\/uploads\/2022\/04\/earings05.jpg",500,500,false],"woocommerce_thumbnail":["https:\/\/archeojewels.com\/wp-content\/uploads\/2022\/04\/earings05-305x305.jpg",305,305,true],"woocommerce_single":["https:\/\/archeojewels.com\/wp-content\/uploads\/2022\/04\/earings05.jpg",500,500,false],"woocommerce_gallery_thumbnail":["https:\/\/archeojewels.com\/wp-content\/uploads\/2022\/04\/earings05-148x148.jpg",148,148,true],"sow-carousel-default":["https:\/\/archeojewels.com\/wp-content\/uploads\/2022\/04\/earings05.jpg",182,182,false]},"uagb_author_info":{"display_name":"Archeo Jewels","author_link":"https:\/\/archeojewels.com\/fr\/author\/"},"uagb_comment_info":0,"uagb_excerpt":"Hauteur 4.8 cm\u00a0 \/ Stands 48 mm \/ just over 18.9\u00a0 inch tall Description:\u00a0Boucles d'oreilles en argent et \u00e9mail les pi\u00e8ces d'argent couvertes en \u00e9mail color\u00e9 sont une reproduction d'une pi\u00e8ce de monnaie romaine \"Denarus\" de l'empereur Adriano 119-122 AD Argent: 925","jetpack_sharing_enabled":true,"_links":{"self":[{"href":"https:\/\/archeojewels.com\/fr\/wp-json\/wp\/v2\/product\/12136","targetHints":{"allow":["GET"]}}],"collection":[{"href":"https:\/\/archeojewels.com\/fr\/wp-json\/wp\/v2\/product"}],"about":[{"href":"https:\/\/archeojewels.com\/fr\/wp-json\/wp\/v2\/types\/product"}],"replies":[{"embeddable":true,"href":"https:\/\/archeojewels.com\/fr\/wp-json\/wp\/v2\/comments?post=12136"}],"wp:featuredmedia":[{"embeddable":true,"href":"https:\/\/archeojewels.com\/fr\/wp-json\/wp\/v2\/media\/12149"}],"wp:attachment":[{"href":"https:\/\/archeojewels.com\/fr\/wp-json\/wp\/v2\/media?parent=12136"}],"wp:term":[{"taxonomy":"product_brand","embeddable":true,"href":"https:\/\/archeojewels.com\/fr\/wp-json\/wp\/v2\/product_brand?post=12136"},{"taxonomy":"product_cat","embeddable":true,"href":"https:\/\/archeojewels.com\/fr\/wp-json\/wp\/v2\/product_cat?post=12136"},{"taxonomy":"product_tag","embeddable":true,"href":"https:\/\/archeojewels.com\/fr\/wp-json\/wp\/v2\/product_tag?post=12136"}],"curies":[{"name":"wp","href":"https:\/\/api.w.org\/{rel}","templated":true}]}}