{"id":12161,"date":"2022-04-08T21:04:33","date_gmt":"2022-04-08T21:04:33","guid":{"rendered":"https:\/\/archeojewels.com\/wordpress\/fr\/?post_type=product&#038;p=12161"},"modified":"2026-02-15T00:15:26","modified_gmt":"2026-02-15T00:15:26","slug":"silver-bracelet-with-an-ancient-phoenician-stone-br-650-ar","status":"publish","type":"product","link":"https:\/\/archeojewels.com\/fr\/product\/silver-bracelet-with-an-ancient-phoenician-stone-br-650-ar\/","title":{"rendered":"Bracelet en argent avec une pierre antique Ph\u00e9nicienne. BR 650-AR"},"content":{"rendered":"","protected":false},"excerpt":{"rendered":"<p>Bracelet en argent avec une ancienne pierre ph\u00e9nicienne en st\u00e9atite qui repr\u00e9sente la figure d&rsquo;un animal (lion). La\u00a0Pierre date du VIII-VII\u00a0si\u00e8cle\u00a0av.<\/p>\n<p>Argent : 925<\/p>\n<p><strong>Les Ph\u00e9niciens :<\/strong><\/p>\n<p>La Ph\u00e9nicie \u00e9tait une ancienne civilisation situ\u00e9e sur la partie c\u00f4ti\u00e8re occidentale du Croissant Fertile et centr\u00e9e sur le littoral du Liban moderne. Ils \u00e9taient c\u00e9l\u00e8bres pour leur diffusion de l&rsquo;alphabet, dont tous les principaux alphabets phon\u00e9tiques modernes sont d\u00e9riv\u00e9s.<\/p>\n","protected":false},"featured_media":12164,"comment_status":"open","ping_status":"closed","template":"","meta":{"_uag_custom_page_level_css":""},"product_brand":[],"product_cat":[120],"product_tag":[],"class_list":{"0":"post-12161","1":"product","2":"type-product","3":"status-publish","4":"has-post-thumbnail","6":"product_cat-silver-bracelets","8":"first","9":"instock","10":"taxable","11":"shipping-taxable","12":"purchasable","13":"product-type-simple"},"uagb_featured_image_src":{"full":["https:\/\/archeojewels.com\/wp-content\/uploads\/2022\/04\/br_650ar-b.jpg",900,600,false],"thumbnail":["https:\/\/archeojewels.com\/wp-content\/uploads\/2022\/04\/br_650ar-b-150x150.jpg",150,150,true],"medium":["https:\/\/archeojewels.com\/wp-content\/uploads\/2022\/04\/br_650ar-b-300x200.jpg",300,200,true],"medium_large":["https:\/\/archeojewels.com\/wp-content\/uploads\/2022\/04\/br_650ar-b-768x512.jpg",768,512,true],"large":["https:\/\/archeojewels.com\/wp-content\/uploads\/2022\/04\/br_650ar-b.jpg",900,600,false],"gs-tiny":["https:\/\/archeojewels.com\/wp-content\/uploads\/2022\/04\/br_650ar-b.jpg",50,33,false],"xl":["https:\/\/archeojewels.com\/wp-content\/uploads\/2022\/04\/br_650ar-b.jpg",900,600,false],"xxl":["https:\/\/archeojewels.com\/wp-content\/uploads\/2022\/04\/br_650ar-b.jpg",900,600,false],"xxxl":["https:\/\/archeojewels.com\/wp-content\/uploads\/2022\/04\/br_650ar-b.jpg",900,600,false],"xxxxl":["https:\/\/archeojewels.com\/wp-content\/uploads\/2022\/04\/br_650ar-b.jpg",900,600,false],"xxxxxl":["https:\/\/archeojewels.com\/wp-content\/uploads\/2022\/04\/br_650ar-b.jpg",900,600,false],"1536x1536":["https:\/\/archeojewels.com\/wp-content\/uploads\/2022\/04\/br_650ar-b.jpg",900,600,false],"2048x2048":["https:\/\/archeojewels.com\/wp-content\/uploads\/2022\/04\/br_650ar-b.jpg",900,600,false],"amela_featured_small":["https:\/\/archeojewels.com\/wp-content\/uploads\/2022\/04\/br_650ar-b.jpg",445,297,false],"amela_featured_medium":["https:\/\/archeojewels.com\/wp-content\/uploads\/2022\/04\/br_650ar-b.jpg",900,600,false],"amela_featured_large":["https:\/\/archeojewels.com\/wp-content\/uploads\/2022\/04\/br_650ar-b.jpg",900,600,false],"woocommerce_thumbnail":["https:\/\/archeojewels.com\/wp-content\/uploads\/2022\/04\/br_650ar-b-305x203.jpg",305,203,true],"woocommerce_single":["https:\/\/archeojewels.com\/wp-content\/uploads\/2022\/04\/br_650ar-b-620x413.jpg",620,413,true],"woocommerce_gallery_thumbnail":["https:\/\/archeojewels.com\/wp-content\/uploads\/2022\/04\/br_650ar-b-148x148.jpg",148,148,true],"sow-carousel-default":["https:\/\/archeojewels.com\/wp-content\/uploads\/2022\/04\/br_650ar-b.jpg",272,182,false]},"uagb_author_info":{"display_name":"Archeo Jewels","author_link":"https:\/\/archeojewels.com\/fr\/author\/"},"uagb_comment_info":0,"uagb_excerpt":"Bracelet en argent avec une ancienne pierre ph\u00e9nicienne en st\u00e9atite qui repr\u00e9sente la figure d'un animal (lion). La\u00a0Pierre date du VIII-VII\u00a0si\u00e8cle\u00a0av. Argent : 925 Les Ph\u00e9niciens : La Ph\u00e9nicie \u00e9tait une ancienne civilisation situ\u00e9e sur la partie c\u00f4ti\u00e8re occidentale du Croissant Fertile et centr\u00e9e sur le littoral du Liban moderne. Ils \u00e9taient c\u00e9l\u00e8bres pour leur\u2026","jetpack_sharing_enabled":true,"_links":{"self":[{"href":"https:\/\/archeojewels.com\/fr\/wp-json\/wp\/v2\/product\/12161","targetHints":{"allow":["GET"]}}],"collection":[{"href":"https:\/\/archeojewels.com\/fr\/wp-json\/wp\/v2\/product"}],"about":[{"href":"https:\/\/archeojewels.com\/fr\/wp-json\/wp\/v2\/types\/product"}],"replies":[{"embeddable":true,"href":"https:\/\/archeojewels.com\/fr\/wp-json\/wp\/v2\/comments?post=12161"}],"wp:featuredmedia":[{"embeddable":true,"href":"https:\/\/archeojewels.com\/fr\/wp-json\/wp\/v2\/media\/12164"}],"wp:attachment":[{"href":"https:\/\/archeojewels.com\/fr\/wp-json\/wp\/v2\/media?parent=12161"}],"wp:term":[{"taxonomy":"product_brand","embeddable":true,"href":"https:\/\/archeojewels.com\/fr\/wp-json\/wp\/v2\/product_brand?post=12161"},{"taxonomy":"product_cat","embeddable":true,"href":"https:\/\/archeojewels.com\/fr\/wp-json\/wp\/v2\/product_cat?post=12161"},{"taxonomy":"product_tag","embeddable":true,"href":"https:\/\/archeojewels.com\/fr\/wp-json\/wp\/v2\/product_tag?post=12161"}],"curies":[{"name":"wp","href":"https:\/\/api.w.org\/{rel}","templated":true}]}}