{"id":12172,"date":"2022-04-08T21:19:48","date_gmt":"2022-04-08T21:19:48","guid":{"rendered":"https:\/\/archeojewels.com\/wordpress\/?post_type=product&#038;p=12172"},"modified":"2022-04-24T21:41:47","modified_gmt":"2022-04-24T21:41:47","slug":"silver-necklace-with-an-antique-assyrian-engraved-stone-ar-502-ar","status":"publish","type":"product","link":"https:\/\/archeojewels.com\/fr\/product\/silver-necklace-with-an-antique-assyrian-engraved-stone-ar-502-ar\/","title":{"rendered":"Collier en argent avec une pierre Assyrien grav\u00e9e en Diorite. CO 502-AR"},"content":{"rendered":"","protected":false},"excerpt":{"rendered":"<p>Collier en argent\u00a0avec une\u00a0ancienne\u00a0pierre\u00a0grav\u00e9e\u00a0assyrienne\u00a0en\u00a0diorite. Le collier\u00a0est\u00a0en\u00a0argent, avec des parties recouvertes de pvc.<\/p>\n<p>Pierre grav\u00e9e d&rsquo;\u00e9poque\u00a0: Assyrienne, p\u00e9riode du Moyen\u00a0Empire\u00a0de 1365 av. J.-C. \u00e0 911 av. J.-C.<\/p>\n<p>&nbsp;<\/p>\n<p>L&rsquo;Assyrie\u00a0ou\u00a0Athura\u00a0(aram\u00e9en pour l&rsquo;Assyrie) \u00e9tait un royaume s\u00e9mitique\u00a0akkadien, existant en tant qu&rsquo;\u00c9tat-nation de la fin du 25e ou du d\u00e9but du 24e si\u00e8cle avant JC \u00e0 608 avant JC. L&rsquo;Assyrie \u00e9tait centr\u00e9e sur le fleuve du Haut Tigre, dans le nord de la M\u00e9sopotamie (aujourd&rsquo;hui le nord de l&rsquo;Irak). Les Assyriens sont venus diriger de puissants empires \u00e0 plusieurs reprises au cours de l&rsquo;histoire.<\/p>\n","protected":false},"featured_media":12173,"comment_status":"open","ping_status":"closed","template":"","meta":{"_uag_custom_page_level_css":""},"product_brand":[],"product_cat":[122],"product_tag":[],"class_list":{"0":"post-12172","1":"product","2":"type-product","3":"status-publish","4":"has-post-thumbnail","6":"product_cat-silver-necklaces","8":"first","9":"instock","10":"taxable","11":"shipping-taxable","12":"purchasable","13":"product-type-simple"},"uagb_featured_image_src":{"full":["https:\/\/archeojewels.com\/wp-content\/uploads\/2022\/04\/co_502-ar-d.jpg",900,600,false],"thumbnail":["https:\/\/archeojewels.com\/wp-content\/uploads\/2022\/04\/co_502-ar-d-150x150.jpg",150,150,true],"medium":["https:\/\/archeojewels.com\/wp-content\/uploads\/2022\/04\/co_502-ar-d-300x200.jpg",300,200,true],"medium_large":["https:\/\/archeojewels.com\/wp-content\/uploads\/2022\/04\/co_502-ar-d-768x512.jpg",768,512,true],"large":["https:\/\/archeojewels.com\/wp-content\/uploads\/2022\/04\/co_502-ar-d.jpg",900,600,false],"gs-tiny":["https:\/\/archeojewels.com\/wp-content\/uploads\/2022\/04\/co_502-ar-d.jpg",50,33,false],"xl":["https:\/\/archeojewels.com\/wp-content\/uploads\/2022\/04\/co_502-ar-d.jpg",900,600,false],"xxl":["https:\/\/archeojewels.com\/wp-content\/uploads\/2022\/04\/co_502-ar-d.jpg",900,600,false],"xxxl":["https:\/\/archeojewels.com\/wp-content\/uploads\/2022\/04\/co_502-ar-d.jpg",900,600,false],"xxxxl":["https:\/\/archeojewels.com\/wp-content\/uploads\/2022\/04\/co_502-ar-d.jpg",900,600,false],"xxxxxl":["https:\/\/archeojewels.com\/wp-content\/uploads\/2022\/04\/co_502-ar-d.jpg",900,600,false],"1536x1536":["https:\/\/archeojewels.com\/wp-content\/uploads\/2022\/04\/co_502-ar-d.jpg",900,600,false],"2048x2048":["https:\/\/archeojewels.com\/wp-content\/uploads\/2022\/04\/co_502-ar-d.jpg",900,600,false],"amela_featured_small":["https:\/\/archeojewels.com\/wp-content\/uploads\/2022\/04\/co_502-ar-d.jpg",445,297,false],"amela_featured_medium":["https:\/\/archeojewels.com\/wp-content\/uploads\/2022\/04\/co_502-ar-d.jpg",900,600,false],"amela_featured_large":["https:\/\/archeojewels.com\/wp-content\/uploads\/2022\/04\/co_502-ar-d.jpg",900,600,false],"woocommerce_thumbnail":["https:\/\/archeojewels.com\/wp-content\/uploads\/2022\/04\/co_502-ar-d-305x203.jpg",305,203,true],"woocommerce_single":["https:\/\/archeojewels.com\/wp-content\/uploads\/2022\/04\/co_502-ar-d-620x413.jpg",620,413,true],"woocommerce_gallery_thumbnail":["https:\/\/archeojewels.com\/wp-content\/uploads\/2022\/04\/co_502-ar-d-148x148.jpg",148,148,true],"sow-carousel-default":["https:\/\/archeojewels.com\/wp-content\/uploads\/2022\/04\/co_502-ar-d.jpg",272,182,false]},"uagb_author_info":{"display_name":"Archeo Jewels","author_link":"https:\/\/archeojewels.com\/fr\/author\/"},"uagb_comment_info":0,"uagb_excerpt":"Collier en argent\u00a0avec une\u00a0ancienne\u00a0pierre\u00a0grav\u00e9e\u00a0assyrienne\u00a0en\u00a0diorite. Le collier\u00a0est\u00a0en\u00a0argent, avec des parties recouvertes de pvc. Pierre grav\u00e9e d'\u00e9poque\u00a0: Assyrienne, p\u00e9riode du Moyen\u00a0Empire\u00a0de 1365 av. J.-C. \u00e0 911 av. J.-C. &nbsp; L'Assyrie\u00a0ou\u00a0Athura\u00a0(aram\u00e9en pour l'Assyrie) \u00e9tait un royaume s\u00e9mitique\u00a0akkadien, existant en tant qu'\u00c9tat-nation de la fin du 25e ou du d\u00e9but du 24e si\u00e8cle avant JC \u00e0 608 avant JC.\u2026","jetpack_sharing_enabled":true,"_links":{"self":[{"href":"https:\/\/archeojewels.com\/fr\/wp-json\/wp\/v2\/product\/12172","targetHints":{"allow":["GET"]}}],"collection":[{"href":"https:\/\/archeojewels.com\/fr\/wp-json\/wp\/v2\/product"}],"about":[{"href":"https:\/\/archeojewels.com\/fr\/wp-json\/wp\/v2\/types\/product"}],"replies":[{"embeddable":true,"href":"https:\/\/archeojewels.com\/fr\/wp-json\/wp\/v2\/comments?post=12172"}],"wp:featuredmedia":[{"embeddable":true,"href":"https:\/\/archeojewels.com\/fr\/wp-json\/wp\/v2\/media\/12173"}],"wp:attachment":[{"href":"https:\/\/archeojewels.com\/fr\/wp-json\/wp\/v2\/media?parent=12172"}],"wp:term":[{"taxonomy":"product_brand","embeddable":true,"href":"https:\/\/archeojewels.com\/fr\/wp-json\/wp\/v2\/product_brand?post=12172"},{"taxonomy":"product_cat","embeddable":true,"href":"https:\/\/archeojewels.com\/fr\/wp-json\/wp\/v2\/product_cat?post=12172"},{"taxonomy":"product_tag","embeddable":true,"href":"https:\/\/archeojewels.com\/fr\/wp-json\/wp\/v2\/product_tag?post=12172"}],"curies":[{"name":"wp","href":"https:\/\/api.w.org\/{rel}","templated":true}]}}