{"id":12179,"date":"2022-04-08T21:26:53","date_gmt":"2022-04-08T21:26:53","guid":{"rendered":"https:\/\/archeojewels.com\/wordpress\/?post_type=product&#038;p=12179"},"modified":"2026-02-14T23:04:41","modified_gmt":"2026-02-14T23:04:41","slug":"vintage-baume-mercier-watch-oro-701-or","status":"publish","type":"product","link":"https:\/\/archeojewels.com\/fr\/product\/vintage-baume-mercier-watch-oro-701-or\/","title":{"rendered":"BAUME &#038; MERCIER MONTRE. ORO 701-OR"},"content":{"rendered":"","protected":false},"excerpt":{"rendered":"<p><strong>Description:<\/strong>\u00a0BAUME &#038; MERCIER MONTRE 18 K POIGNET BRACELET AVEC COUVERCLE.<br \/>\nMontre-bracelet poin\u00e7onn\u00e9e en or jaune 18 carats faite par le Baume et Mercier prestigieuse. Cette montre \u00e0 remontage manuel se compose d\u2019un bracelet articul\u00e9 en or 18 carats avec un couvercle \u00e0 charni\u00e8re pour cacher la montre. Le bracelet a une cha\u00eene de s\u00e9curit\u00e9 et il est marqu\u00e9 0.750 AB avec la marque d&rsquo;or suisse, la couverture montre est marqu\u00e9e 7 208.750 avec la marque d&rsquo;or, le bo\u00eetier de la montre est marqu\u00e9e Baume &#038; Mercier Gen\u00e8ve 18 K 206 0,750 129 196, et les travaux sont marqu\u00e9s B &#038; M GENEVE 17 BIJOUX.<br \/>\nCette montre de fonctionner parfaitement, et est en excellent \u00e9tat.<br \/>\nle poids total \u00e0 l&rsquo;exclusion des ouvrages est de 18,6 grammes.<\/p>\n<div class=\"gkLegend4\">\n<h4>CONDITIONS<\/h4>\n<p>En raison du probl\u00e8me de permutation de pi\u00e8ces et de bricolage, ainsi que les plaintes mal inform\u00e9es quant \u00e0 l&rsquo;exactitude des montres vintage (par exemple \u00ab\u00a0un d\u00e9calage de 3 \u00e0 5 minutes par jour, il y a une \u00e9gratignure que vous n&rsquo;aviez pas mentionn\u00e9 auparavant, je veux un remboursement!). Je n&rsquo;accepte plus les retours. Les montres que je vends sont vendues TELLES QUELLLES sans retour. Je vais essayer d&rsquo;\u00eatre aussi pr\u00e9cis que je peux dans la liste, mais je ne peux pas garantir ou offrir des remboursements. S&rsquo;il vous pla\u00eet posez toutes les questions \u00e0 l&rsquo;avance. Je vais vous donner autant d&rsquo;informations que possible sur une montre, mais celles-ci sont us\u00e9es, pas nouvelles.<\/p>\n<\/div>\n","protected":false},"featured_media":12180,"comment_status":"open","ping_status":"closed","template":"","meta":{"_uag_custom_page_level_css":""},"product_brand":[],"product_cat":[112],"product_tag":[],"class_list":{"0":"post-12179","1":"product","2":"type-product","3":"status-publish","4":"has-post-thumbnail","6":"product_cat-watches","8":"first","9":"instock","10":"taxable","11":"shipping-taxable","12":"purchasable","13":"product-type-simple"},"uagb_featured_image_src":{"full":["https:\/\/archeojewels.com\/wp-content\/uploads\/2022\/04\/img_6422.jpg",519,600,false],"thumbnail":["https:\/\/archeojewels.com\/wp-content\/uploads\/2022\/04\/img_6422-150x150.jpg",150,150,true],"medium":["https:\/\/archeojewels.com\/wp-content\/uploads\/2022\/04\/img_6422-260x300.jpg",260,300,true],"medium_large":["https:\/\/archeojewels.com\/wp-content\/uploads\/2022\/04\/img_6422.jpg",519,600,false],"large":["https:\/\/archeojewels.com\/wp-content\/uploads\/2022\/04\/img_6422.jpg",519,600,false],"gs-tiny":["https:\/\/archeojewels.com\/wp-content\/uploads\/2022\/04\/img_6422.jpg",50,58,false],"xl":["https:\/\/archeojewels.com\/wp-content\/uploads\/2022\/04\/img_6422.jpg",519,600,false],"xxl":["https:\/\/archeojewels.com\/wp-content\/uploads\/2022\/04\/img_6422.jpg",519,600,false],"xxxl":["https:\/\/archeojewels.com\/wp-content\/uploads\/2022\/04\/img_6422.jpg",519,600,false],"xxxxl":["https:\/\/archeojewels.com\/wp-content\/uploads\/2022\/04\/img_6422.jpg",519,600,false],"xxxxxl":["https:\/\/archeojewels.com\/wp-content\/uploads\/2022\/04\/img_6422.jpg",519,600,false],"1536x1536":["https:\/\/archeojewels.com\/wp-content\/uploads\/2022\/04\/img_6422.jpg",519,600,false],"2048x2048":["https:\/\/archeojewels.com\/wp-content\/uploads\/2022\/04\/img_6422.jpg",519,600,false],"amela_featured_small":["https:\/\/archeojewels.com\/wp-content\/uploads\/2022\/04\/img_6422.jpg",445,514,false],"amela_featured_medium":["https:\/\/archeojewels.com\/wp-content\/uploads\/2022\/04\/img_6422.jpg",519,600,false],"amela_featured_large":["https:\/\/archeojewels.com\/wp-content\/uploads\/2022\/04\/img_6422.jpg",519,600,false],"woocommerce_thumbnail":["https:\/\/archeojewels.com\/wp-content\/uploads\/2022\/04\/img_6422-305x353.jpg",305,353,true],"woocommerce_single":["https:\/\/archeojewels.com\/wp-content\/uploads\/2022\/04\/img_6422.jpg",519,600,false],"woocommerce_gallery_thumbnail":["https:\/\/archeojewels.com\/wp-content\/uploads\/2022\/04\/img_6422-148x148.jpg",148,148,true],"sow-carousel-default":["https:\/\/archeojewels.com\/wp-content\/uploads\/2022\/04\/img_6422.jpg",157,182,false]},"uagb_author_info":{"display_name":"Archeo Jewels","author_link":"https:\/\/archeojewels.com\/fr\/author\/"},"uagb_comment_info":0,"uagb_excerpt":"Description:\u00a0BAUME & MERCIER MONTRE 18 K POIGNET BRACELET AVEC COUVERCLE. Montre-bracelet poin\u00e7onn\u00e9e en or jaune 18 carats faite par le Baume et Mercier prestigieuse. Cette montre \u00e0 remontage manuel se compose d\u2019un bracelet articul\u00e9 en or 18 carats avec un couvercle \u00e0 charni\u00e8re pour cacher la montre. Le bracelet a une cha\u00eene de s\u00e9curit\u00e9 et\u2026","jetpack_sharing_enabled":true,"_links":{"self":[{"href":"https:\/\/archeojewels.com\/fr\/wp-json\/wp\/v2\/product\/12179","targetHints":{"allow":["GET"]}}],"collection":[{"href":"https:\/\/archeojewels.com\/fr\/wp-json\/wp\/v2\/product"}],"about":[{"href":"https:\/\/archeojewels.com\/fr\/wp-json\/wp\/v2\/types\/product"}],"replies":[{"embeddable":true,"href":"https:\/\/archeojewels.com\/fr\/wp-json\/wp\/v2\/comments?post=12179"}],"wp:featuredmedia":[{"embeddable":true,"href":"https:\/\/archeojewels.com\/fr\/wp-json\/wp\/v2\/media\/12180"}],"wp:attachment":[{"href":"https:\/\/archeojewels.com\/fr\/wp-json\/wp\/v2\/media?parent=12179"}],"wp:term":[{"taxonomy":"product_brand","embeddable":true,"href":"https:\/\/archeojewels.com\/fr\/wp-json\/wp\/v2\/product_brand?post=12179"},{"taxonomy":"product_cat","embeddable":true,"href":"https:\/\/archeojewels.com\/fr\/wp-json\/wp\/v2\/product_cat?post=12179"},{"taxonomy":"product_tag","embeddable":true,"href":"https:\/\/archeojewels.com\/fr\/wp-json\/wp\/v2\/product_tag?post=12179"}],"curies":[{"name":"wp","href":"https:\/\/api.w.org\/{rel}","templated":true}]}}