{"id":12586,"date":"2022-04-23T02:46:12","date_gmt":"2022-04-23T02:46:12","guid":{"rendered":"https:\/\/archeojewels.com\/wordpress\/?post_type=product&#038;p=12586"},"modified":"2026-02-15T00:14:11","modified_gmt":"2026-02-15T00:14:11","slug":"silver-seal-ring","status":"publish","type":"product","link":"https:\/\/archeojewels.com\/fr\/product\/silver-seal-ring\/","title":{"rendered":"Bagues en argent. AN 051-AR"},"content":{"rendered":"<h2>Hydra<\/h2>\n<p><a href=\"https:\/\/archeojewels.com\/wp-content\/uploads\/2022\/04\/hydra.jpg\"><img loading=\"lazy\" decoding=\"async\" class=\"alignnone size-full wp-image-12132\" src=\"https:\/\/archeojewels.com\/wp-content\/uploads\/2022\/04\/hydra.jpg\" alt=\"\" width=\"250\" height=\"173\" \/><\/a><\/p>\n<h6><em>Hercules slaying the Hydra, Hans Sebald Beham engraving, 1545<\/em><\/h6>\n<p>Le monstre est d\u00e9crit de fa\u00e7on diff\u00e9rente selon les diff\u00e9rentes versions. Plus r\u00e9cemment, il a \u00e9t\u00e9 d\u00e9crit comme ayant un corps de dragon et sept t\u00eates. La t\u00eate centrale \u00e9tait la \u00ab\u00a0t\u00eate intelligente\u00a0\u00bb qui dirigeait le corps et qui \u00e9tait immortelle. \u00c0 chaque t\u00eate coup\u00e9e, deux nouvelles poussaient. Dans la mythologie de la Gr\u00e8ce antique, cette redoutable cr\u00e9ature habitait les royaumes aquatiques et les marais. Elle poss\u00e9dait un corps reptilien de l\u00e9zard (plus rarement de chien) et entre 5 et 100 t\u00eates. Encore une fois, la t\u00eate centrale est immortelle et faite en partie d\u2019or. Ces t\u00eates se r\u00e9g\u00e9n\u00e9raient doublement lorsqu&rsquo;elles \u00e9taient tranch\u00e9es. De plus, l&rsquo;haleine souffl\u00e9e par les multiples gueules exhalait un poison dangereux, m\u00eame durant le sommeil de l&rsquo;animal. Le monstre ravageait le b\u00e9tail et saccageait les r\u00e9coltes.<\/p>\n","protected":false},"excerpt":{"rendered":"<p>Tout de doigt: 52-53,5 environ<br \/>\nHauteur 2.4 cm<br \/>\n<strong>Description:\u00a0<\/strong>\u00a0Bagues en argent et en \u00e9mail.<br \/>\nLa pierre d&rsquo;argent sous l&rsquo;\u00e9mail, est une reproduction d&rsquo;une pierre antique romaine de cornaline. Elle repr\u00e9sentait un guerrier avec casque 200 B.C.<\/p>\n","protected":false},"featured_media":12595,"comment_status":"open","ping_status":"closed","template":"","meta":{"_uag_custom_page_level_css":""},"product_brand":[],"product_cat":[127],"product_tag":[],"class_list":{"0":"post-12586","1":"product","2":"type-product","3":"status-publish","4":"has-post-thumbnail","6":"product_cat-hydra-collection","8":"first","9":"instock","10":"taxable","11":"shipping-taxable","12":"purchasable","13":"product-type-variable"},"uagb_featured_image_src":{"full":["https:\/\/archeojewels.com\/wp-content\/uploads\/2022\/04\/03collec_white.jpg",1024,1542,false],"thumbnail":["https:\/\/archeojewels.com\/wp-content\/uploads\/2022\/04\/03collec_white-150x150.jpg",150,150,true],"medium":["https:\/\/archeojewels.com\/wp-content\/uploads\/2022\/04\/03collec_white-199x300.jpg",199,300,true],"medium_large":["https:\/\/archeojewels.com\/wp-content\/uploads\/2022\/04\/03collec_white-768x1157.jpg",768,1157,true],"large":["https:\/\/archeojewels.com\/wp-content\/uploads\/2022\/04\/03collec_white-680x1024.jpg",680,1024,true],"gs-tiny":["https:\/\/archeojewels.com\/wp-content\/uploads\/2022\/04\/03collec_white.jpg",50,75,false],"xl":["https:\/\/archeojewels.com\/wp-content\/uploads\/2022\/04\/03collec_white.jpg",1024,1542,false],"xxl":["https:\/\/archeojewels.com\/wp-content\/uploads\/2022\/04\/03collec_white.jpg",1024,1542,false],"xxxl":["https:\/\/archeojewels.com\/wp-content\/uploads\/2022\/04\/03collec_white.jpg",1024,1542,false],"xxxxl":["https:\/\/archeojewels.com\/wp-content\/uploads\/2022\/04\/03collec_white.jpg",1024,1542,false],"xxxxxl":["https:\/\/archeojewels.com\/wp-content\/uploads\/2022\/04\/03collec_white.jpg",1024,1542,false],"1536x1536":["https:\/\/archeojewels.com\/wp-content\/uploads\/2022\/04\/03collec_white-1020x1536.jpg",1020,1536,true],"2048x2048":["https:\/\/archeojewels.com\/wp-content\/uploads\/2022\/04\/03collec_white.jpg",1024,1542,false],"amela_featured_small":["https:\/\/archeojewels.com\/wp-content\/uploads\/2022\/04\/03collec_white-445x670.jpg",445,670,true],"amela_featured_medium":["https:\/\/archeojewels.com\/wp-content\/uploads\/2022\/04\/03collec_white-914x1376.jpg",914,1376,true],"amela_featured_large":["https:\/\/archeojewels.com\/wp-content\/uploads\/2022\/04\/03collec_white-1024x608.jpg",1024,608,true],"woocommerce_thumbnail":["https:\/\/archeojewels.com\/wp-content\/uploads\/2022\/04\/03collec_white-305x459.jpg",305,459,true],"woocommerce_single":["https:\/\/archeojewels.com\/wp-content\/uploads\/2022\/04\/03collec_white-620x934.jpg",620,934,true],"woocommerce_gallery_thumbnail":["https:\/\/archeojewels.com\/wp-content\/uploads\/2022\/04\/03collec_white-148x148.jpg",148,148,true],"sow-carousel-default":["https:\/\/archeojewels.com\/wp-content\/uploads\/2022\/04\/03collec_white-272x182.jpg",272,182,true]},"uagb_author_info":{"display_name":"Archeo Jewels","author_link":"https:\/\/archeojewels.com\/fr\/author\/"},"uagb_comment_info":0,"uagb_excerpt":"Tout de doigt: 52-53,5 environ Hauteur 2.4 cm Description:\u00a0\u00a0Bagues en argent et en \u00e9mail. La pierre d'argent sous l'\u00e9mail, est une reproduction d'une pierre antique romaine de cornaline. Elle repr\u00e9sentait un guerrier avec casque 200 B.C.","jetpack_sharing_enabled":true,"_links":{"self":[{"href":"https:\/\/archeojewels.com\/fr\/wp-json\/wp\/v2\/product\/12586","targetHints":{"allow":["GET"]}}],"collection":[{"href":"https:\/\/archeojewels.com\/fr\/wp-json\/wp\/v2\/product"}],"about":[{"href":"https:\/\/archeojewels.com\/fr\/wp-json\/wp\/v2\/types\/product"}],"replies":[{"embeddable":true,"href":"https:\/\/archeojewels.com\/fr\/wp-json\/wp\/v2\/comments?post=12586"}],"wp:featuredmedia":[{"embeddable":true,"href":"https:\/\/archeojewels.com\/fr\/wp-json\/wp\/v2\/media\/12595"}],"wp:attachment":[{"href":"https:\/\/archeojewels.com\/fr\/wp-json\/wp\/v2\/media?parent=12586"}],"wp:term":[{"taxonomy":"product_brand","embeddable":true,"href":"https:\/\/archeojewels.com\/fr\/wp-json\/wp\/v2\/product_brand?post=12586"},{"taxonomy":"product_cat","embeddable":true,"href":"https:\/\/archeojewels.com\/fr\/wp-json\/wp\/v2\/product_cat?post=12586"},{"taxonomy":"product_tag","embeddable":true,"href":"https:\/\/archeojewels.com\/fr\/wp-json\/wp\/v2\/product_tag?post=12586"}],"curies":[{"name":"wp","href":"https:\/\/api.w.org\/{rel}","templated":true}]}}