{"id":12802,"date":"2022-05-06T20:16:20","date_gmt":"2022-05-06T20:16:20","guid":{"rendered":"https:\/\/archeojewels.com\/wordpress\/?post_type=product&#038;p=12802"},"modified":"2026-02-15T00:05:07","modified_gmt":"2026-02-15T00:05:07","slug":"silver-necklace-with-an-antique-assyrian-engraved-stone-ar-504-ar","status":"publish","type":"product","link":"https:\/\/archeojewels.com\/fr\/product\/silver-necklace-with-an-antique-assyrian-engraved-stone-ar-504-ar\/","title":{"rendered":"Collier en argent avec une pierre Assyrien grav\u00e9e. CO 504-AR"},"content":{"rendered":"","protected":false},"excerpt":{"rendered":"<p style=\"background: whitesmoke; margin: 0in 0in 0pt; text-align: left; vertical-align: top;\"><span><span>Collier en argent avec une pierre Assyrien grav\u00e9e.<\/span><\/span><\/p>\n<p style=\"background: whitesmoke; margin: 0in 0in 0pt; text-align: left; vertical-align: top;\">\n<p style=\"background: whitesmoke; margin: 0in 0in 0pt; text-align: left; vertical-align: top;\"><span><span>\u00a0Le collier est fait avec deux fils en PVC transparent et des fils d&rsquo;argent qui passe \u00e0 l&rsquo;int\u00e9rieur du PVC.<\/p>\n<p>P\u00e9riode pierre grav\u00e9e:\u00a0<\/span><span>m\u00e9dio-Assyrienne<\/span><span>\u00a0(1365 &#8211; 911 avant JC)<\/span><\/span><\/p>\n<p style=\"margin: 0in 0in 0pt; text-align: left;\">\n<p style=\"margin: 0in 0in 0pt; text-align: left;\"><span><span>L&rsquo;<strong>Assyrie<\/strong>\u00a0est une ancienne r\u00e9gion du Nord de la M\u00e9sopotamie, qui tire son nom de la ville d&rsquo;Assur, qui est aussi celui de sa divinit\u00e9 tut\u00e9laire, le dieu Assur. Aux\u00a0VIII<sup><span>e<\/span><\/sup>\u00a0et\u00a0VII<sup><span>e<\/span><\/sup>\u00a0si\u00e8cles av. J.-C., l&rsquo;Assyrie contr\u00f4le des territoires s&rsquo;\u00e9tendant sur la totalit\u00e9 ou sur une partie de plusieurs pays actuels tels l&rsquo;Irak, la Syrie, le Liban et l&rsquo;Iran.<\/span><\/span><\/p>\n<p><span><span>L&rsquo;<\/span><\/span><span><span>assyriologie<\/span><\/span><span><span>, discipline qui \u00e9tudie l&rsquo;Assyrie antique et plus largement la\u00a0<\/span><\/span><span><span>M\u00e9sopotamie<\/span><\/span><span><span>\u00a0antique, distingue trois phases dans l&rsquo;histoire assyrienne, sachant qu&rsquo;avant les environs de 700 av. J.-C. les dates sont approximatives : la p\u00e9riode pal\u00e9o-assyrienne, du\u00a0XX<sup><span>e<\/span><\/sup>\u00a0au d\u00e9but du\u00a0XIV<sup><span>e<\/span><\/sup>\u00a0si\u00e8cle av. J.-C. ; la p\u00e9riode m\u00e9dio-assyrienne, jusqu&rsquo;\u00e0 911 av. J.-C. ; et la p\u00e9riode n\u00e9o-assyrienne, jusqu&rsquo;\u00e0 612-609 av. J.-C., date de la fin du royaume assyrien<\/span><\/span><\/p>\n","protected":false},"featured_media":12803,"comment_status":"open","ping_status":"closed","template":"","meta":{"_uag_custom_page_level_css":""},"product_brand":[],"product_cat":[122],"product_tag":[],"class_list":{"0":"post-12802","1":"product","2":"type-product","3":"status-publish","4":"has-post-thumbnail","6":"product_cat-silver-necklaces","8":"first","9":"instock","10":"taxable","11":"shipping-taxable","12":"purchasable","13":"product-type-simple"},"uagb_featured_image_src":{"full":["https:\/\/archeojewels.com\/wp-content\/uploads\/2022\/05\/co_504-ar-a.jpg",950,579,false],"thumbnail":["https:\/\/archeojewels.com\/wp-content\/uploads\/2022\/05\/co_504-ar-a-150x150.jpg",150,150,true],"medium":["https:\/\/archeojewels.com\/wp-content\/uploads\/2022\/05\/co_504-ar-a-300x183.jpg",300,183,true],"medium_large":["https:\/\/archeojewels.com\/wp-content\/uploads\/2022\/05\/co_504-ar-a-768x468.jpg",768,468,true],"large":["https:\/\/archeojewels.com\/wp-content\/uploads\/2022\/05\/co_504-ar-a.jpg",950,579,false],"gs-tiny":["https:\/\/archeojewels.com\/wp-content\/uploads\/2022\/05\/co_504-ar-a.jpg",50,30,false],"xl":["https:\/\/archeojewels.com\/wp-content\/uploads\/2022\/05\/co_504-ar-a.jpg",950,579,false],"xxl":["https:\/\/archeojewels.com\/wp-content\/uploads\/2022\/05\/co_504-ar-a.jpg",950,579,false],"xxxl":["https:\/\/archeojewels.com\/wp-content\/uploads\/2022\/05\/co_504-ar-a.jpg",950,579,false],"xxxxl":["https:\/\/archeojewels.com\/wp-content\/uploads\/2022\/05\/co_504-ar-a.jpg",950,579,false],"xxxxxl":["https:\/\/archeojewels.com\/wp-content\/uploads\/2022\/05\/co_504-ar-a.jpg",950,579,false],"1536x1536":["https:\/\/archeojewels.com\/wp-content\/uploads\/2022\/05\/co_504-ar-a.jpg",950,579,false],"2048x2048":["https:\/\/archeojewels.com\/wp-content\/uploads\/2022\/05\/co_504-ar-a.jpg",950,579,false],"amela_featured_small":["https:\/\/archeojewels.com\/wp-content\/uploads\/2022\/05\/co_504-ar-a-445x271.jpg",445,271,true],"amela_featured_medium":["https:\/\/archeojewels.com\/wp-content\/uploads\/2022\/05\/co_504-ar-a-914x557.jpg",914,557,true],"amela_featured_large":["https:\/\/archeojewels.com\/wp-content\/uploads\/2022\/05\/co_504-ar-a.jpg",950,579,false],"woocommerce_thumbnail":["https:\/\/archeojewels.com\/wp-content\/uploads\/2022\/05\/co_504-ar-a-305x186.jpg",305,186,true],"woocommerce_single":["https:\/\/archeojewels.com\/wp-content\/uploads\/2022\/05\/co_504-ar-a-620x378.jpg",620,378,true],"woocommerce_gallery_thumbnail":["https:\/\/archeojewels.com\/wp-content\/uploads\/2022\/05\/co_504-ar-a-148x148.jpg",148,148,true],"sow-carousel-default":["https:\/\/archeojewels.com\/wp-content\/uploads\/2022\/05\/co_504-ar-a-272x182.jpg",272,182,true]},"uagb_author_info":{"display_name":"Archeo Jewels","author_link":"https:\/\/archeojewels.com\/fr\/author\/"},"uagb_comment_info":0,"uagb_excerpt":"Collier en argent avec une pierre Assyrien grav\u00e9e. \u00a0Le collier est fait avec deux fils en PVC transparent et des fils d'argent qui passe \u00e0 l'int\u00e9rieur du PVC. P\u00e9riode pierre grav\u00e9e:\u00a0m\u00e9dio-Assyrienne\u00a0(1365 - 911 avant JC) L'Assyrie\u00a0est une ancienne r\u00e9gion du Nord de la M\u00e9sopotamie, qui tire son nom de la ville d'Assur, qui est aussi\u2026","jetpack_sharing_enabled":true,"_links":{"self":[{"href":"https:\/\/archeojewels.com\/fr\/wp-json\/wp\/v2\/product\/12802","targetHints":{"allow":["GET"]}}],"collection":[{"href":"https:\/\/archeojewels.com\/fr\/wp-json\/wp\/v2\/product"}],"about":[{"href":"https:\/\/archeojewels.com\/fr\/wp-json\/wp\/v2\/types\/product"}],"replies":[{"embeddable":true,"href":"https:\/\/archeojewels.com\/fr\/wp-json\/wp\/v2\/comments?post=12802"}],"wp:featuredmedia":[{"embeddable":true,"href":"https:\/\/archeojewels.com\/fr\/wp-json\/wp\/v2\/media\/12803"}],"wp:attachment":[{"href":"https:\/\/archeojewels.com\/fr\/wp-json\/wp\/v2\/media?parent=12802"}],"wp:term":[{"taxonomy":"product_brand","embeddable":true,"href":"https:\/\/archeojewels.com\/fr\/wp-json\/wp\/v2\/product_brand?post=12802"},{"taxonomy":"product_cat","embeddable":true,"href":"https:\/\/archeojewels.com\/fr\/wp-json\/wp\/v2\/product_cat?post=12802"},{"taxonomy":"product_tag","embeddable":true,"href":"https:\/\/archeojewels.com\/fr\/wp-json\/wp\/v2\/product_tag?post=12802"}],"curies":[{"name":"wp","href":"https:\/\/api.w.org\/{rel}","templated":true}]}}