{"id":12815,"date":"2022-05-06T21:06:39","date_gmt":"2022-05-06T21:06:39","guid":{"rendered":"https:\/\/archeojewels.com\/wordpress\/?post_type=product&#038;p=12815"},"modified":"2026-02-14T23:02:49","modified_gmt":"2026-02-14T23:02:49","slug":"gold-earrings-with-antique-mother-of-pearl-coins-or-202-or","status":"publish","type":"product","link":"https:\/\/archeojewels.com\/fr\/product\/gold-earrings-with-antique-mother-of-pearl-coins-or-202-or\/","title":{"rendered":"Boucles d&rsquo;oreilles mont\u00e9es de jetons Napol\u00e9on III.  OR 202-OR"},"content":{"rendered":"","protected":false},"excerpt":{"rendered":"<p>Hauteur\u00a0 0 cm<\/p>\n<p>Description: Boucles d&rsquo;oreilles on or 18kt mont\u00e9es de jetons de jeu en nacre Napol\u00e9on III, \u00e9poque des jetons Napol\u00e9on III \u00ab\u00a01860\u00a0\u00bb.<\/p>\n","protected":false},"featured_media":12816,"comment_status":"open","ping_status":"closed","template":"","meta":{"_uag_custom_page_level_css":""},"product_brand":[],"product_cat":[115],"product_tag":[],"class_list":{"0":"post-12815","1":"product","2":"type-product","3":"status-publish","4":"has-post-thumbnail","6":"product_cat-golden-earrings","8":"first","9":"instock","10":"taxable","11":"shipping-taxable","12":"purchasable","13":"product-type-simple"},"uagb_featured_image_src":{"full":["https:\/\/archeojewels.com\/wp-content\/uploads\/2022\/05\/or_202-or_1956914445.jpg",538,633,false],"thumbnail":["https:\/\/archeojewels.com\/wp-content\/uploads\/2022\/05\/or_202-or_1956914445-150x150.jpg",150,150,true],"medium":["https:\/\/archeojewels.com\/wp-content\/uploads\/2022\/05\/or_202-or_1956914445-255x300.jpg",255,300,true],"medium_large":["https:\/\/archeojewels.com\/wp-content\/uploads\/2022\/05\/or_202-or_1956914445.jpg",538,633,false],"large":["https:\/\/archeojewels.com\/wp-content\/uploads\/2022\/05\/or_202-or_1956914445.jpg",538,633,false],"gs-tiny":["https:\/\/archeojewels.com\/wp-content\/uploads\/2022\/05\/or_202-or_1956914445.jpg",50,59,false],"xl":["https:\/\/archeojewels.com\/wp-content\/uploads\/2022\/05\/or_202-or_1956914445.jpg",538,633,false],"xxl":["https:\/\/archeojewels.com\/wp-content\/uploads\/2022\/05\/or_202-or_1956914445.jpg",538,633,false],"xxxl":["https:\/\/archeojewels.com\/wp-content\/uploads\/2022\/05\/or_202-or_1956914445.jpg",538,633,false],"xxxxl":["https:\/\/archeojewels.com\/wp-content\/uploads\/2022\/05\/or_202-or_1956914445.jpg",538,633,false],"xxxxxl":["https:\/\/archeojewels.com\/wp-content\/uploads\/2022\/05\/or_202-or_1956914445.jpg",538,633,false],"1536x1536":["https:\/\/archeojewels.com\/wp-content\/uploads\/2022\/05\/or_202-or_1956914445.jpg",538,633,false],"2048x2048":["https:\/\/archeojewels.com\/wp-content\/uploads\/2022\/05\/or_202-or_1956914445.jpg",538,633,false],"amela_featured_small":["https:\/\/archeojewels.com\/wp-content\/uploads\/2022\/05\/or_202-or_1956914445-445x524.jpg",445,524,true],"amela_featured_medium":["https:\/\/archeojewels.com\/wp-content\/uploads\/2022\/05\/or_202-or_1956914445.jpg",538,633,false],"amela_featured_large":["https:\/\/archeojewels.com\/wp-content\/uploads\/2022\/05\/or_202-or_1956914445-538x608.jpg",538,608,true],"woocommerce_thumbnail":["https:\/\/archeojewels.com\/wp-content\/uploads\/2022\/05\/or_202-or_1956914445-305x359.jpg",305,359,true],"woocommerce_single":["https:\/\/archeojewels.com\/wp-content\/uploads\/2022\/05\/or_202-or_1956914445.jpg",538,633,false],"woocommerce_gallery_thumbnail":["https:\/\/archeojewels.com\/wp-content\/uploads\/2022\/05\/or_202-or_1956914445-148x148.jpg",148,148,true],"sow-carousel-default":["https:\/\/archeojewels.com\/wp-content\/uploads\/2022\/05\/or_202-or_1956914445-272x182.jpg",272,182,true]},"uagb_author_info":{"display_name":"Archeo Jewels","author_link":"https:\/\/archeojewels.com\/fr\/author\/"},"uagb_comment_info":0,"uagb_excerpt":"Hauteur\u00a0 0 cm Description: Boucles d'oreilles on or 18kt mont\u00e9es de jetons de jeu en nacre Napol\u00e9on III, \u00e9poque des jetons Napol\u00e9on III \"1860\".","jetpack_sharing_enabled":true,"_links":{"self":[{"href":"https:\/\/archeojewels.com\/fr\/wp-json\/wp\/v2\/product\/12815","targetHints":{"allow":["GET"]}}],"collection":[{"href":"https:\/\/archeojewels.com\/fr\/wp-json\/wp\/v2\/product"}],"about":[{"href":"https:\/\/archeojewels.com\/fr\/wp-json\/wp\/v2\/types\/product"}],"replies":[{"embeddable":true,"href":"https:\/\/archeojewels.com\/fr\/wp-json\/wp\/v2\/comments?post=12815"}],"wp:featuredmedia":[{"embeddable":true,"href":"https:\/\/archeojewels.com\/fr\/wp-json\/wp\/v2\/media\/12816"}],"wp:attachment":[{"href":"https:\/\/archeojewels.com\/fr\/wp-json\/wp\/v2\/media?parent=12815"}],"wp:term":[{"taxonomy":"product_brand","embeddable":true,"href":"https:\/\/archeojewels.com\/fr\/wp-json\/wp\/v2\/product_brand?post=12815"},{"taxonomy":"product_cat","embeddable":true,"href":"https:\/\/archeojewels.com\/fr\/wp-json\/wp\/v2\/product_cat?post=12815"},{"taxonomy":"product_tag","embeddable":true,"href":"https:\/\/archeojewels.com\/fr\/wp-json\/wp\/v2\/product_tag?post=12815"}],"curies":[{"name":"wp","href":"https:\/\/api.w.org\/{rel}","templated":true}]}}