{"id":12833,"date":"2022-05-06T21:37:47","date_gmt":"2022-05-06T21:37:47","guid":{"rendered":"https:\/\/archeojewels.com\/wordpress\/?post_type=product&#038;p=12833"},"modified":"2026-02-14T23:16:18","modified_gmt":"2026-02-14T23:16:18","slug":"brooch-vr-802-or","status":"publish","type":"product","link":"https:\/\/archeojewels.com\/fr\/product\/brooch-vr-802-or\/","title":{"rendered":"Broche VR 802-OR"},"content":{"rendered":"","protected":false},"excerpt":{"rendered":"<p><strong>Description:<\/strong>\u00a0Broche avec un bouton affleurant en verre grav\u00e9, repr\u00e9sentant un chien peint \u00e0 la main. P\u00e9riode du bouton: fin 800, Angleterre. Cadre Moderne en or 18 carats.<br \/>\nUndo edits<\/p>\n","protected":false},"featured_media":12834,"comment_status":"open","ping_status":"closed","template":"","meta":{"_uag_custom_page_level_css":""},"product_brand":[],"product_cat":[113],"product_tag":[],"class_list":{"0":"post-12833","1":"product","2":"type-product","3":"status-publish","4":"has-post-thumbnail","6":"product_cat-various-articles","8":"first","9":"instock","10":"taxable","11":"shipping-taxable","12":"purchasable","13":"product-type-simple"},"uagb_featured_image_src":{"full":["https:\/\/archeojewels.com\/wp-content\/uploads\/2022\/05\/img_5837.jpg",503,600,false],"thumbnail":["https:\/\/archeojewels.com\/wp-content\/uploads\/2022\/05\/img_5837-150x150.jpg",150,150,true],"medium":["https:\/\/archeojewels.com\/wp-content\/uploads\/2022\/05\/img_5837-252x300.jpg",252,300,true],"medium_large":["https:\/\/archeojewels.com\/wp-content\/uploads\/2022\/05\/img_5837.jpg",503,600,false],"large":["https:\/\/archeojewels.com\/wp-content\/uploads\/2022\/05\/img_5837.jpg",503,600,false],"gs-tiny":["https:\/\/archeojewels.com\/wp-content\/uploads\/2022\/05\/img_5837.jpg",50,60,false],"xl":["https:\/\/archeojewels.com\/wp-content\/uploads\/2022\/05\/img_5837.jpg",503,600,false],"xxl":["https:\/\/archeojewels.com\/wp-content\/uploads\/2022\/05\/img_5837.jpg",503,600,false],"xxxl":["https:\/\/archeojewels.com\/wp-content\/uploads\/2022\/05\/img_5837.jpg",503,600,false],"xxxxl":["https:\/\/archeojewels.com\/wp-content\/uploads\/2022\/05\/img_5837.jpg",503,600,false],"xxxxxl":["https:\/\/archeojewels.com\/wp-content\/uploads\/2022\/05\/img_5837.jpg",503,600,false],"1536x1536":["https:\/\/archeojewels.com\/wp-content\/uploads\/2022\/05\/img_5837.jpg",503,600,false],"2048x2048":["https:\/\/archeojewels.com\/wp-content\/uploads\/2022\/05\/img_5837.jpg",503,600,false],"amela_featured_small":["https:\/\/archeojewels.com\/wp-content\/uploads\/2022\/05\/img_5837-445x531.jpg",445,531,true],"amela_featured_medium":["https:\/\/archeojewels.com\/wp-content\/uploads\/2022\/05\/img_5837.jpg",503,600,false],"amela_featured_large":["https:\/\/archeojewels.com\/wp-content\/uploads\/2022\/05\/img_5837.jpg",503,600,false],"woocommerce_thumbnail":["https:\/\/archeojewels.com\/wp-content\/uploads\/2022\/05\/img_5837-305x364.jpg",305,364,true],"woocommerce_single":["https:\/\/archeojewels.com\/wp-content\/uploads\/2022\/05\/img_5837.jpg",503,600,false],"woocommerce_gallery_thumbnail":["https:\/\/archeojewels.com\/wp-content\/uploads\/2022\/05\/img_5837-148x148.jpg",148,148,true],"sow-carousel-default":["https:\/\/archeojewels.com\/wp-content\/uploads\/2022\/05\/img_5837-272x182.jpg",272,182,true]},"uagb_author_info":{"display_name":"Archeo Jewels","author_link":"https:\/\/archeojewels.com\/fr\/author\/"},"uagb_comment_info":0,"uagb_excerpt":"Description:\u00a0Broche avec un bouton affleurant en verre grav\u00e9, repr\u00e9sentant un chien peint \u00e0 la main. P\u00e9riode du bouton: fin 800, Angleterre. Cadre Moderne en or 18 carats. Undo edits","jetpack_sharing_enabled":true,"_links":{"self":[{"href":"https:\/\/archeojewels.com\/fr\/wp-json\/wp\/v2\/product\/12833","targetHints":{"allow":["GET"]}}],"collection":[{"href":"https:\/\/archeojewels.com\/fr\/wp-json\/wp\/v2\/product"}],"about":[{"href":"https:\/\/archeojewels.com\/fr\/wp-json\/wp\/v2\/types\/product"}],"replies":[{"embeddable":true,"href":"https:\/\/archeojewels.com\/fr\/wp-json\/wp\/v2\/comments?post=12833"}],"wp:featuredmedia":[{"embeddable":true,"href":"https:\/\/archeojewels.com\/fr\/wp-json\/wp\/v2\/media\/12834"}],"wp:attachment":[{"href":"https:\/\/archeojewels.com\/fr\/wp-json\/wp\/v2\/media?parent=12833"}],"wp:term":[{"taxonomy":"product_brand","embeddable":true,"href":"https:\/\/archeojewels.com\/fr\/wp-json\/wp\/v2\/product_brand?post=12833"},{"taxonomy":"product_cat","embeddable":true,"href":"https:\/\/archeojewels.com\/fr\/wp-json\/wp\/v2\/product_cat?post=12833"},{"taxonomy":"product_tag","embeddable":true,"href":"https:\/\/archeojewels.com\/fr\/wp-json\/wp\/v2\/product_tag?post=12833"}],"curies":[{"name":"wp","href":"https:\/\/api.w.org\/{rel}","templated":true}]}}