{"id":12841,"date":"2022-05-06T21:52:56","date_gmt":"2022-05-06T21:52:56","guid":{"rendered":"https:\/\/archeojewels.com\/wordpress\/?post_type=product&#038;p=12841"},"modified":"2026-02-14T23:29:35","modified_gmt":"2026-02-14T23:29:35","slug":"silver-seal-ring-an-043-ar","status":"publish","type":"product","link":"https:\/\/archeojewels.com\/fr\/product\/silver-seal-ring-an-043-ar\/","title":{"rendered":"Bague on argent. AN 043-AR"},"content":{"rendered":"<h2>About Pico<\/h2>\n<p>La l\u00e9gende le d\u00e9crit comme un roi qui avait la capacit\u00e9 de prendre la forme de nombreux animaux, et les proph\u00e9ties sous la forme de pic perch\u00e9 sur une colonne dans le temple de Mars. Elle a contribu\u00e9 \u00e0 la Faune de la louve allaitant Romulus et R\u00e9mus. Dans un mythe au sujet du roi de Rome, Numa Pompilius se souvient comment ils ont \u00e9t\u00e9 recommand\u00e9es pour \u00eatre bue par la nymphe Eg\u00e9rie et Faun Pico prouver que les rites pour apaiser la col\u00e8re de Jupiter et de se prot\u00e9ger de la foudre. Le nom du peuple de Pico Piceni d\u00e9rive de la divinit\u00e9.<\/p>\n","protected":false},"excerpt":{"rendered":"<p>Size \/ Tout de doigt : environ 54<\/p>\n<p><strong>Description:<\/strong>\u00a0 Bague on argent avec une pi\u00e8ce de monnaie imprim\u00e9e de l&#8217;empereur Romain Hadrien en argent bruni.<\/p>\n","protected":false},"featured_media":12842,"comment_status":"open","ping_status":"closed","template":"","meta":{"_uag_custom_page_level_css":""},"product_brand":[],"product_cat":[128],"product_tag":[],"class_list":{"0":"post-12841","1":"product","2":"type-product","3":"status-publish","4":"has-post-thumbnail","6":"product_cat-pico-collection","8":"first","9":"instock","10":"taxable","11":"shipping-taxable","12":"purchasable","13":"product-type-simple"},"uagb_featured_image_src":{"full":["https:\/\/archeojewels.com\/wp-content\/uploads\/2022\/05\/pico5.jpg",600,900,false],"thumbnail":["https:\/\/archeojewels.com\/wp-content\/uploads\/2022\/05\/pico5-150x150.jpg",150,150,true],"medium":["https:\/\/archeojewels.com\/wp-content\/uploads\/2022\/05\/pico5-200x300.jpg",200,300,true],"medium_large":["https:\/\/archeojewels.com\/wp-content\/uploads\/2022\/05\/pico5.jpg",600,900,false],"large":["https:\/\/archeojewels.com\/wp-content\/uploads\/2022\/05\/pico5.jpg",600,900,false],"gs-tiny":["https:\/\/archeojewels.com\/wp-content\/uploads\/2022\/05\/pico5.jpg",50,75,false],"xl":["https:\/\/archeojewels.com\/wp-content\/uploads\/2022\/05\/pico5.jpg",600,900,false],"xxl":["https:\/\/archeojewels.com\/wp-content\/uploads\/2022\/05\/pico5.jpg",600,900,false],"xxxl":["https:\/\/archeojewels.com\/wp-content\/uploads\/2022\/05\/pico5.jpg",600,900,false],"xxxxl":["https:\/\/archeojewels.com\/wp-content\/uploads\/2022\/05\/pico5.jpg",600,900,false],"xxxxxl":["https:\/\/archeojewels.com\/wp-content\/uploads\/2022\/05\/pico5.jpg",600,900,false],"1536x1536":["https:\/\/archeojewels.com\/wp-content\/uploads\/2022\/05\/pico5.jpg",600,900,false],"2048x2048":["https:\/\/archeojewels.com\/wp-content\/uploads\/2022\/05\/pico5.jpg",600,900,false],"amela_featured_small":["https:\/\/archeojewels.com\/wp-content\/uploads\/2022\/05\/pico5-445x668.jpg",445,668,true],"amela_featured_medium":["https:\/\/archeojewels.com\/wp-content\/uploads\/2022\/05\/pico5.jpg",600,900,false],"amela_featured_large":["https:\/\/archeojewels.com\/wp-content\/uploads\/2022\/05\/pico5-600x608.jpg",600,608,true],"woocommerce_thumbnail":["https:\/\/archeojewels.com\/wp-content\/uploads\/2022\/05\/pico5-305x458.jpg",305,458,true],"woocommerce_single":["https:\/\/archeojewels.com\/wp-content\/uploads\/2022\/05\/pico5.jpg",600,900,false],"woocommerce_gallery_thumbnail":["https:\/\/archeojewels.com\/wp-content\/uploads\/2022\/05\/pico5-148x148.jpg",148,148,true],"sow-carousel-default":["https:\/\/archeojewels.com\/wp-content\/uploads\/2022\/05\/pico5-272x182.jpg",272,182,true]},"uagb_author_info":{"display_name":"Archeo Jewels","author_link":"https:\/\/archeojewels.com\/fr\/author\/"},"uagb_comment_info":0,"uagb_excerpt":"Size \/ Tout de doigt : environ 54 Description:\u00a0 Bague on argent avec une pi\u00e8ce de monnaie imprim\u00e9e de l'empereur Romain Hadrien en argent bruni.","jetpack_sharing_enabled":true,"_links":{"self":[{"href":"https:\/\/archeojewels.com\/fr\/wp-json\/wp\/v2\/product\/12841","targetHints":{"allow":["GET"]}}],"collection":[{"href":"https:\/\/archeojewels.com\/fr\/wp-json\/wp\/v2\/product"}],"about":[{"href":"https:\/\/archeojewels.com\/fr\/wp-json\/wp\/v2\/types\/product"}],"replies":[{"embeddable":true,"href":"https:\/\/archeojewels.com\/fr\/wp-json\/wp\/v2\/comments?post=12841"}],"wp:featuredmedia":[{"embeddable":true,"href":"https:\/\/archeojewels.com\/fr\/wp-json\/wp\/v2\/media\/12842"}],"wp:attachment":[{"href":"https:\/\/archeojewels.com\/fr\/wp-json\/wp\/v2\/media?parent=12841"}],"wp:term":[{"taxonomy":"product_brand","embeddable":true,"href":"https:\/\/archeojewels.com\/fr\/wp-json\/wp\/v2\/product_brand?post=12841"},{"taxonomy":"product_cat","embeddable":true,"href":"https:\/\/archeojewels.com\/fr\/wp-json\/wp\/v2\/product_cat?post=12841"},{"taxonomy":"product_tag","embeddable":true,"href":"https:\/\/archeojewels.com\/fr\/wp-json\/wp\/v2\/product_tag?post=12841"}],"curies":[{"name":"wp","href":"https:\/\/api.w.org\/{rel}","templated":true}]}}