{"id":12880,"date":"2022-05-06T22:51:09","date_gmt":"2022-05-06T22:51:09","guid":{"rendered":"https:\/\/archeojewels.com\/wordpress\/?post_type=product&#038;p=12880"},"modified":"2026-02-14T23:19:54","modified_gmt":"2026-02-14T23:19:54","slug":"silver-seal-ring-an-202-ar","status":"publish","type":"product","link":"https:\/\/archeojewels.com\/fr\/product\/silver-seal-ring-an-202-ar\/","title":{"rendered":"Bagues artisanales en argent  AN 202-AR"},"content":{"rendered":"","protected":false},"excerpt":{"rendered":"<p>Size \/ Tour de doigt : environ 53<\/p>\n<p>Hauteur 2.1 cm<\/p>\n<p><strong>Description:<\/strong>\u00a0Bagues artisanales en argent, ayant un cachet antique tournant.<br \/>\nCachet\u00a0 du 13\u00e8me si\u00e8cle B.C &#8211; Zone: Assyrie.<br \/>\nRepr\u00e9sentant des sc\u00e8nes \u00e9rotiques.<\/p>\n","protected":false},"featured_media":12881,"comment_status":"open","ping_status":"closed","template":"","meta":{"_uag_custom_page_level_css":""},"product_brand":[],"product_cat":[124],"product_tag":[],"class_list":{"0":"post-12880","1":"product","2":"type-product","3":"status-publish","4":"has-post-thumbnail","6":"product_cat-unique-silver-rings","8":"first","9":"instock","10":"taxable","11":"shipping-taxable","12":"purchasable","13":"product-type-simple"},"uagb_featured_image_src":{"full":["https:\/\/archeojewels.com\/wp-content\/uploads\/2022\/05\/an_202_ar.jpg",1024,1542,false],"thumbnail":["https:\/\/archeojewels.com\/wp-content\/uploads\/2022\/05\/an_202_ar-150x150.jpg",150,150,true],"medium":["https:\/\/archeojewels.com\/wp-content\/uploads\/2022\/05\/an_202_ar-199x300.jpg",199,300,true],"medium_large":["https:\/\/archeojewels.com\/wp-content\/uploads\/2022\/05\/an_202_ar-768x1157.jpg",768,1157,true],"large":["https:\/\/archeojewels.com\/wp-content\/uploads\/2022\/05\/an_202_ar-680x1024.jpg",680,1024,true],"gs-tiny":["https:\/\/archeojewels.com\/wp-content\/uploads\/2022\/05\/an_202_ar.jpg",50,75,false],"xl":["https:\/\/archeojewels.com\/wp-content\/uploads\/2022\/05\/an_202_ar.jpg",1024,1542,false],"xxl":["https:\/\/archeojewels.com\/wp-content\/uploads\/2022\/05\/an_202_ar.jpg",1024,1542,false],"xxxl":["https:\/\/archeojewels.com\/wp-content\/uploads\/2022\/05\/an_202_ar.jpg",1024,1542,false],"xxxxl":["https:\/\/archeojewels.com\/wp-content\/uploads\/2022\/05\/an_202_ar.jpg",1024,1542,false],"xxxxxl":["https:\/\/archeojewels.com\/wp-content\/uploads\/2022\/05\/an_202_ar.jpg",1024,1542,false],"1536x1536":["https:\/\/archeojewels.com\/wp-content\/uploads\/2022\/05\/an_202_ar-1020x1536.jpg",1020,1536,true],"2048x2048":["https:\/\/archeojewels.com\/wp-content\/uploads\/2022\/05\/an_202_ar.jpg",1024,1542,false],"amela_featured_small":["https:\/\/archeojewels.com\/wp-content\/uploads\/2022\/05\/an_202_ar-445x670.jpg",445,670,true],"amela_featured_medium":["https:\/\/archeojewels.com\/wp-content\/uploads\/2022\/05\/an_202_ar-914x1376.jpg",914,1376,true],"amela_featured_large":["https:\/\/archeojewels.com\/wp-content\/uploads\/2022\/05\/an_202_ar-1024x608.jpg",1024,608,true],"woocommerce_thumbnail":["https:\/\/archeojewels.com\/wp-content\/uploads\/2022\/05\/an_202_ar-305x459.jpg",305,459,true],"woocommerce_single":["https:\/\/archeojewels.com\/wp-content\/uploads\/2022\/05\/an_202_ar-620x934.jpg",620,934,true],"woocommerce_gallery_thumbnail":["https:\/\/archeojewels.com\/wp-content\/uploads\/2022\/05\/an_202_ar-148x148.jpg",148,148,true],"sow-carousel-default":["https:\/\/archeojewels.com\/wp-content\/uploads\/2022\/05\/an_202_ar-272x182.jpg",272,182,true]},"uagb_author_info":{"display_name":"Archeo Jewels","author_link":"https:\/\/archeojewels.com\/fr\/author\/"},"uagb_comment_info":0,"uagb_excerpt":"Size \/ Tour de doigt : environ 53 Hauteur 2.1 cm Description:\u00a0Bagues artisanales en argent, ayant un cachet antique tournant. Cachet\u00a0 du 13\u00e8me si\u00e8cle B.C - Zone: Assyrie. Repr\u00e9sentant des sc\u00e8nes \u00e9rotiques.","jetpack_sharing_enabled":true,"_links":{"self":[{"href":"https:\/\/archeojewels.com\/fr\/wp-json\/wp\/v2\/product\/12880","targetHints":{"allow":["GET"]}}],"collection":[{"href":"https:\/\/archeojewels.com\/fr\/wp-json\/wp\/v2\/product"}],"about":[{"href":"https:\/\/archeojewels.com\/fr\/wp-json\/wp\/v2\/types\/product"}],"replies":[{"embeddable":true,"href":"https:\/\/archeojewels.com\/fr\/wp-json\/wp\/v2\/comments?post=12880"}],"wp:featuredmedia":[{"embeddable":true,"href":"https:\/\/archeojewels.com\/fr\/wp-json\/wp\/v2\/media\/12881"}],"wp:attachment":[{"href":"https:\/\/archeojewels.com\/fr\/wp-json\/wp\/v2\/media?parent=12880"}],"wp:term":[{"taxonomy":"product_brand","embeddable":true,"href":"https:\/\/archeojewels.com\/fr\/wp-json\/wp\/v2\/product_brand?post=12880"},{"taxonomy":"product_cat","embeddable":true,"href":"https:\/\/archeojewels.com\/fr\/wp-json\/wp\/v2\/product_cat?post=12880"},{"taxonomy":"product_tag","embeddable":true,"href":"https:\/\/archeojewels.com\/fr\/wp-json\/wp\/v2\/product_tag?post=12880"}],"curies":[{"name":"wp","href":"https:\/\/api.w.org\/{rel}","templated":true}]}}