{"id":12882,"date":"2022-05-06T22:54:28","date_gmt":"2022-05-06T22:54:28","guid":{"rendered":"https:\/\/archeojewels.com\/wordpress\/?post_type=product&#038;p=12882"},"modified":"2026-02-14T23:08:00","modified_gmt":"2026-02-14T23:08:00","slug":"gold-ring-with-a-steatite-stone-an-107-or","status":"publish","type":"product","link":"https:\/\/archeojewels.com\/fr\/product\/gold-ring-with-a-steatite-stone-an-107-or\/","title":{"rendered":"Bague avec un Bouton Romain en st\u00e9atite. AN 107-OR"},"content":{"rendered":"","protected":false},"excerpt":{"rendered":"<p>Taille 56<\/p>\n<p>Hauteur\u00a0 3 cm<\/p>\n<p><strong>Description:<\/strong>\u00a0Bague on ore 18kt avec un Bouton Romain antique en st\u00e9atite noire\u00a0 \u00e0 double tranchant.Bouton St\u00e9atite P\u00e9riode: II-III si\u00e8cle avant JC. Provinces romaines<\/p>\n","protected":false},"featured_media":12883,"comment_status":"open","ping_status":"closed","template":"","meta":{"_uag_custom_page_level_css":""},"product_brand":[],"product_cat":[114],"product_tag":[],"class_list":{"0":"post-12882","1":"product","2":"type-product","3":"status-publish","4":"has-post-thumbnail","6":"product_cat-golden-rings","8":"first","9":"instock","10":"taxable","11":"shipping-taxable","12":"purchasable","13":"product-type-simple"},"uagb_featured_image_src":{"full":["https:\/\/archeojewels.com\/wp-content\/uploads\/2022\/05\/an_107-or-b.jpg",629,850,false],"thumbnail":["https:\/\/archeojewels.com\/wp-content\/uploads\/2022\/05\/an_107-or-b-150x150.jpg",150,150,true],"medium":["https:\/\/archeojewels.com\/wp-content\/uploads\/2022\/05\/an_107-or-b-222x300.jpg",222,300,true],"medium_large":["https:\/\/archeojewels.com\/wp-content\/uploads\/2022\/05\/an_107-or-b.jpg",629,850,false],"large":["https:\/\/archeojewels.com\/wp-content\/uploads\/2022\/05\/an_107-or-b.jpg",629,850,false],"gs-tiny":["https:\/\/archeojewels.com\/wp-content\/uploads\/2022\/05\/an_107-or-b.jpg",50,68,false],"xl":["https:\/\/archeojewels.com\/wp-content\/uploads\/2022\/05\/an_107-or-b.jpg",629,850,false],"xxl":["https:\/\/archeojewels.com\/wp-content\/uploads\/2022\/05\/an_107-or-b.jpg",629,850,false],"xxxl":["https:\/\/archeojewels.com\/wp-content\/uploads\/2022\/05\/an_107-or-b.jpg",629,850,false],"xxxxl":["https:\/\/archeojewels.com\/wp-content\/uploads\/2022\/05\/an_107-or-b.jpg",629,850,false],"xxxxxl":["https:\/\/archeojewels.com\/wp-content\/uploads\/2022\/05\/an_107-or-b.jpg",629,850,false],"1536x1536":["https:\/\/archeojewels.com\/wp-content\/uploads\/2022\/05\/an_107-or-b.jpg",629,850,false],"2048x2048":["https:\/\/archeojewels.com\/wp-content\/uploads\/2022\/05\/an_107-or-b.jpg",629,850,false],"amela_featured_small":["https:\/\/archeojewels.com\/wp-content\/uploads\/2022\/05\/an_107-or-b-445x601.jpg",445,601,true],"amela_featured_medium":["https:\/\/archeojewels.com\/wp-content\/uploads\/2022\/05\/an_107-or-b.jpg",629,850,false],"amela_featured_large":["https:\/\/archeojewels.com\/wp-content\/uploads\/2022\/05\/an_107-or-b-629x608.jpg",629,608,true],"woocommerce_thumbnail":["https:\/\/archeojewels.com\/wp-content\/uploads\/2022\/05\/an_107-or-b-305x412.jpg",305,412,true],"woocommerce_single":["https:\/\/archeojewels.com\/wp-content\/uploads\/2022\/05\/an_107-or-b-620x838.jpg",620,838,true],"woocommerce_gallery_thumbnail":["https:\/\/archeojewels.com\/wp-content\/uploads\/2022\/05\/an_107-or-b-148x148.jpg",148,148,true],"sow-carousel-default":["https:\/\/archeojewels.com\/wp-content\/uploads\/2022\/05\/an_107-or-b-272x182.jpg",272,182,true]},"uagb_author_info":{"display_name":"Archeo Jewels","author_link":"https:\/\/archeojewels.com\/fr\/author\/"},"uagb_comment_info":0,"uagb_excerpt":"Taille 56 Hauteur\u00a0 3 cm Description:\u00a0Bague on ore 18kt avec un Bouton Romain antique en st\u00e9atite noire\u00a0 \u00e0 double tranchant.Bouton St\u00e9atite P\u00e9riode: II-III si\u00e8cle avant JC. Provinces romaines","jetpack_sharing_enabled":true,"_links":{"self":[{"href":"https:\/\/archeojewels.com\/fr\/wp-json\/wp\/v2\/product\/12882","targetHints":{"allow":["GET"]}}],"collection":[{"href":"https:\/\/archeojewels.com\/fr\/wp-json\/wp\/v2\/product"}],"about":[{"href":"https:\/\/archeojewels.com\/fr\/wp-json\/wp\/v2\/types\/product"}],"replies":[{"embeddable":true,"href":"https:\/\/archeojewels.com\/fr\/wp-json\/wp\/v2\/comments?post=12882"}],"wp:featuredmedia":[{"embeddable":true,"href":"https:\/\/archeojewels.com\/fr\/wp-json\/wp\/v2\/media\/12883"}],"wp:attachment":[{"href":"https:\/\/archeojewels.com\/fr\/wp-json\/wp\/v2\/media?parent=12882"}],"wp:term":[{"taxonomy":"product_brand","embeddable":true,"href":"https:\/\/archeojewels.com\/fr\/wp-json\/wp\/v2\/product_brand?post=12882"},{"taxonomy":"product_cat","embeddable":true,"href":"https:\/\/archeojewels.com\/fr\/wp-json\/wp\/v2\/product_cat?post=12882"},{"taxonomy":"product_tag","embeddable":true,"href":"https:\/\/archeojewels.com\/fr\/wp-json\/wp\/v2\/product_tag?post=12882"}],"curies":[{"name":"wp","href":"https:\/\/api.w.org\/{rel}","templated":true}]}}