{"id":12891,"date":"2022-05-06T23:05:00","date_gmt":"2022-05-06T23:05:00","guid":{"rendered":"https:\/\/archeojewels.com\/wordpress\/?post_type=product&#038;p=12891"},"modified":"2026-02-14T23:58:46","modified_gmt":"2026-02-14T23:58:46","slug":"necklace-with-two-faced-head-co-403-or","status":"publish","type":"product","link":"https:\/\/archeojewels.com\/fr\/product\/necklace-with-two-faced-head-co-403-or\/","title":{"rendered":"Collier avec t\u00eate \u00e0 double visage. CO 403-OR"},"content":{"rendered":"","protected":false},"excerpt":{"rendered":"<p>Hauteur pendentif 7.5 cm<\/p>\n<p><strong>Description:<\/strong>\u00a0Collier en or 18 ktet en cuir.<br \/>\nPendentif\u00a0:t\u00eate \u00e0 double face d\u2019une statue\u00a0 repr\u00e9sentant une idole qui Pivot sur axe.<br \/>\nFace t\u00eate \u00e8re 700-800 avant J.-C., les Assyriens.<\/p>\n","protected":false},"featured_media":12893,"comment_status":"open","ping_status":"closed","template":"","meta":{"_uag_custom_page_level_css":""},"product_brand":[],"product_cat":[121],"product_tag":[],"class_list":{"0":"post-12891","1":"product","2":"type-product","3":"status-publish","4":"has-post-thumbnail","6":"product_cat-golden-necklaces","8":"first","9":"instock","10":"taxable","11":"shipping-taxable","12":"purchasable","13":"product-type-simple"},"uagb_featured_image_src":{"full":["https:\/\/archeojewels.com\/wp-content\/uploads\/2022\/05\/img_5376.jpg",448,600,false],"thumbnail":["https:\/\/archeojewels.com\/wp-content\/uploads\/2022\/05\/img_5376-150x150.jpg",150,150,true],"medium":["https:\/\/archeojewels.com\/wp-content\/uploads\/2022\/05\/img_5376-224x300.jpg",224,300,true],"medium_large":["https:\/\/archeojewels.com\/wp-content\/uploads\/2022\/05\/img_5376.jpg",448,600,false],"large":["https:\/\/archeojewels.com\/wp-content\/uploads\/2022\/05\/img_5376.jpg",448,600,false],"gs-tiny":["https:\/\/archeojewels.com\/wp-content\/uploads\/2022\/05\/img_5376.jpg",50,67,false],"xl":["https:\/\/archeojewels.com\/wp-content\/uploads\/2022\/05\/img_5376.jpg",448,600,false],"xxl":["https:\/\/archeojewels.com\/wp-content\/uploads\/2022\/05\/img_5376.jpg",448,600,false],"xxxl":["https:\/\/archeojewels.com\/wp-content\/uploads\/2022\/05\/img_5376.jpg",448,600,false],"xxxxl":["https:\/\/archeojewels.com\/wp-content\/uploads\/2022\/05\/img_5376.jpg",448,600,false],"xxxxxl":["https:\/\/archeojewels.com\/wp-content\/uploads\/2022\/05\/img_5376.jpg",448,600,false],"1536x1536":["https:\/\/archeojewels.com\/wp-content\/uploads\/2022\/05\/img_5376.jpg",448,600,false],"2048x2048":["https:\/\/archeojewels.com\/wp-content\/uploads\/2022\/05\/img_5376.jpg",448,600,false],"amela_featured_small":["https:\/\/archeojewels.com\/wp-content\/uploads\/2022\/05\/img_5376-445x596.jpg",445,596,true],"amela_featured_medium":["https:\/\/archeojewels.com\/wp-content\/uploads\/2022\/05\/img_5376.jpg",448,600,false],"amela_featured_large":["https:\/\/archeojewels.com\/wp-content\/uploads\/2022\/05\/img_5376.jpg",448,600,false],"woocommerce_thumbnail":["https:\/\/archeojewels.com\/wp-content\/uploads\/2022\/05\/img_5376-305x408.jpg",305,408,true],"woocommerce_single":["https:\/\/archeojewels.com\/wp-content\/uploads\/2022\/05\/img_5376.jpg",448,600,false],"woocommerce_gallery_thumbnail":["https:\/\/archeojewels.com\/wp-content\/uploads\/2022\/05\/img_5376-148x148.jpg",148,148,true],"sow-carousel-default":["https:\/\/archeojewels.com\/wp-content\/uploads\/2022\/05\/img_5376-272x182.jpg",272,182,true]},"uagb_author_info":{"display_name":"Archeo Jewels","author_link":"https:\/\/archeojewels.com\/fr\/author\/"},"uagb_comment_info":0,"uagb_excerpt":"Hauteur pendentif 7.5 cm Description:\u00a0Collier en or 18 ktet en cuir. Pendentif\u00a0:t\u00eate \u00e0 double face d\u2019une statue\u00a0 repr\u00e9sentant une idole qui Pivot sur axe. Face t\u00eate \u00e8re 700-800 avant J.-C., les Assyriens.","jetpack_sharing_enabled":true,"_links":{"self":[{"href":"https:\/\/archeojewels.com\/fr\/wp-json\/wp\/v2\/product\/12891","targetHints":{"allow":["GET"]}}],"collection":[{"href":"https:\/\/archeojewels.com\/fr\/wp-json\/wp\/v2\/product"}],"about":[{"href":"https:\/\/archeojewels.com\/fr\/wp-json\/wp\/v2\/types\/product"}],"replies":[{"embeddable":true,"href":"https:\/\/archeojewels.com\/fr\/wp-json\/wp\/v2\/comments?post=12891"}],"wp:featuredmedia":[{"embeddable":true,"href":"https:\/\/archeojewels.com\/fr\/wp-json\/wp\/v2\/media\/12893"}],"wp:attachment":[{"href":"https:\/\/archeojewels.com\/fr\/wp-json\/wp\/v2\/media?parent=12891"}],"wp:term":[{"taxonomy":"product_brand","embeddable":true,"href":"https:\/\/archeojewels.com\/fr\/wp-json\/wp\/v2\/product_brand?post=12891"},{"taxonomy":"product_cat","embeddable":true,"href":"https:\/\/archeojewels.com\/fr\/wp-json\/wp\/v2\/product_cat?post=12891"},{"taxonomy":"product_tag","embeddable":true,"href":"https:\/\/archeojewels.com\/fr\/wp-json\/wp\/v2\/product_tag?post=12891"}],"curies":[{"name":"wp","href":"https:\/\/api.w.org\/{rel}","templated":true}]}}