{"id":12898,"date":"2022-05-06T23:17:08","date_gmt":"2022-05-06T23:17:08","guid":{"rendered":"https:\/\/archeojewels.com\/wordpress\/?post_type=product&#038;p=12898"},"modified":"2026-02-14T23:56:31","modified_gmt":"2026-02-14T23:56:31","slug":"sidus-art-deco-ladies-wrist-watch-in-18kt-gold-oro-704-or","status":"publish","type":"product","link":"https:\/\/archeojewels.com\/fr\/product\/sidus-art-deco-ladies-wrist-watch-in-18kt-gold-oro-704-or\/","title":{"rendered":"Art D\u00e9co montre-bracelet Sidus, en or 18 ct e diamants. ORO 704-OR"},"content":{"rendered":"","protected":false},"excerpt":{"rendered":"<div class=\"gkLegend1\">\n<p><strong>Description:<\/strong>\u00a0Art D\u00e9co montre-bracelet, en or 18 ct e diamants. Sidus 1920.<\/p>\n<div class=\"gkLegend1\">\n<h4>\u00c0 propos de Sidus:<\/h4>\n<p>Sidus \u00e9tait une marque de Georges Ducommun du Locle, en Suisse. Une de ses autres marques \u00e9tait Doxa.<\/p>\n<\/div>\n<div class=\"gkLegend4\">\n<h4>Conditions\u00a0:<\/h4>\n<p>En raison du probl\u00e8me de permutation de pi\u00e8ces et de bricolage, ainsi que les plaintes mal inform\u00e9es quant \u00e0 l&rsquo;exactitude des montres vintage (par exemple \u00ab\u00a0un d\u00e9calage de 3 \u00e0 5 minutes par jour, il y a une \u00e9gratignure que vous n&rsquo;aviez pas mentionn\u00e9 auparavant, je veux un remboursement!). Je n&rsquo;accepte plus les retours. Les montres que je vends sont vendues TELLES QUELLLES sans retour. Je vais essayer d&rsquo;\u00eatre aussi pr\u00e9cis que je peux dans la liste, mais je ne peux pas garantir ou offrir des remboursements. S&rsquo;il vous pla\u00eet posez toutes les questions \u00e0 l&rsquo;avance. Je vais vous donner autant d&rsquo;informations que possible sur une montre, mais celles-ci sont us\u00e9es, pas nouvelles.<\/p>\n<\/div>\n<\/div>\n","protected":false},"featured_media":12899,"comment_status":"open","ping_status":"closed","template":"","meta":{"_uag_custom_page_level_css":""},"product_brand":[],"product_cat":[112],"product_tag":[],"class_list":{"0":"post-12898","1":"product","2":"type-product","3":"status-publish","4":"has-post-thumbnail","6":"product_cat-watches","8":"first","9":"instock","10":"taxable","11":"shipping-taxable","12":"purchasable","13":"product-type-simple"},"uagb_featured_image_src":{"full":["https:\/\/archeojewels.com\/wp-content\/uploads\/2022\/05\/img_6193.jpg",483,600,false],"thumbnail":["https:\/\/archeojewels.com\/wp-content\/uploads\/2022\/05\/img_6193-150x150.jpg",150,150,true],"medium":["https:\/\/archeojewels.com\/wp-content\/uploads\/2022\/05\/img_6193-242x300.jpg",242,300,true],"medium_large":["https:\/\/archeojewels.com\/wp-content\/uploads\/2022\/05\/img_6193.jpg",483,600,false],"large":["https:\/\/archeojewels.com\/wp-content\/uploads\/2022\/05\/img_6193.jpg",483,600,false],"gs-tiny":["https:\/\/archeojewels.com\/wp-content\/uploads\/2022\/05\/img_6193.jpg",50,62,false],"xl":["https:\/\/archeojewels.com\/wp-content\/uploads\/2022\/05\/img_6193.jpg",483,600,false],"xxl":["https:\/\/archeojewels.com\/wp-content\/uploads\/2022\/05\/img_6193.jpg",483,600,false],"xxxl":["https:\/\/archeojewels.com\/wp-content\/uploads\/2022\/05\/img_6193.jpg",483,600,false],"xxxxl":["https:\/\/archeojewels.com\/wp-content\/uploads\/2022\/05\/img_6193.jpg",483,600,false],"xxxxxl":["https:\/\/archeojewels.com\/wp-content\/uploads\/2022\/05\/img_6193.jpg",483,600,false],"1536x1536":["https:\/\/archeojewels.com\/wp-content\/uploads\/2022\/05\/img_6193.jpg",483,600,false],"2048x2048":["https:\/\/archeojewels.com\/wp-content\/uploads\/2022\/05\/img_6193.jpg",483,600,false],"amela_featured_small":["https:\/\/archeojewels.com\/wp-content\/uploads\/2022\/05\/img_6193-445x553.jpg",445,553,true],"amela_featured_medium":["https:\/\/archeojewels.com\/wp-content\/uploads\/2022\/05\/img_6193.jpg",483,600,false],"amela_featured_large":["https:\/\/archeojewels.com\/wp-content\/uploads\/2022\/05\/img_6193.jpg",483,600,false],"woocommerce_thumbnail":["https:\/\/archeojewels.com\/wp-content\/uploads\/2022\/05\/img_6193-305x379.jpg",305,379,true],"woocommerce_single":["https:\/\/archeojewels.com\/wp-content\/uploads\/2022\/05\/img_6193.jpg",483,600,false],"woocommerce_gallery_thumbnail":["https:\/\/archeojewels.com\/wp-content\/uploads\/2022\/05\/img_6193-148x148.jpg",148,148,true],"sow-carousel-default":["https:\/\/archeojewels.com\/wp-content\/uploads\/2022\/05\/img_6193-272x182.jpg",272,182,true]},"uagb_author_info":{"display_name":"Archeo Jewels","author_link":"https:\/\/archeojewels.com\/fr\/author\/"},"uagb_comment_info":0,"uagb_excerpt":"Description:\u00a0Art D\u00e9co montre-bracelet, en or 18 ct e diamants. Sidus 1920. \u00c0 propos de Sidus: Sidus \u00e9tait une marque de Georges Ducommun du Locle, en Suisse. Une de ses autres marques \u00e9tait Doxa. Conditions\u00a0: En raison du probl\u00e8me de permutation de pi\u00e8ces et de bricolage, ainsi que les plaintes mal inform\u00e9es quant \u00e0 l'exactitude des\u2026","jetpack_sharing_enabled":true,"_links":{"self":[{"href":"https:\/\/archeojewels.com\/fr\/wp-json\/wp\/v2\/product\/12898","targetHints":{"allow":["GET"]}}],"collection":[{"href":"https:\/\/archeojewels.com\/fr\/wp-json\/wp\/v2\/product"}],"about":[{"href":"https:\/\/archeojewels.com\/fr\/wp-json\/wp\/v2\/types\/product"}],"replies":[{"embeddable":true,"href":"https:\/\/archeojewels.com\/fr\/wp-json\/wp\/v2\/comments?post=12898"}],"wp:featuredmedia":[{"embeddable":true,"href":"https:\/\/archeojewels.com\/fr\/wp-json\/wp\/v2\/media\/12899"}],"wp:attachment":[{"href":"https:\/\/archeojewels.com\/fr\/wp-json\/wp\/v2\/media?parent=12898"}],"wp:term":[{"taxonomy":"product_brand","embeddable":true,"href":"https:\/\/archeojewels.com\/fr\/wp-json\/wp\/v2\/product_brand?post=12898"},{"taxonomy":"product_cat","embeddable":true,"href":"https:\/\/archeojewels.com\/fr\/wp-json\/wp\/v2\/product_cat?post=12898"},{"taxonomy":"product_tag","embeddable":true,"href":"https:\/\/archeojewels.com\/fr\/wp-json\/wp\/v2\/product_tag?post=12898"}],"curies":[{"name":"wp","href":"https:\/\/api.w.org\/{rel}","templated":true}]}}