{"id":12971,"date":"2022-05-08T23:09:20","date_gmt":"2022-05-08T23:09:20","guid":{"rendered":"https:\/\/archeojewels.com\/wordpress\/?post_type=product&#038;p=12971"},"modified":"2026-02-14T22:35:21","modified_gmt":"2026-02-14T22:35:21","slug":"necklace-with-antique-mother-of-pearl-co-405-or","status":"publish","type":"product","link":"https:\/\/archeojewels.com\/fr\/product\/necklace-with-antique-mother-of-pearl-co-405-or\/","title":{"rendered":"Collier avec jetons en nacre. CO 405-OR"},"content":{"rendered":"","protected":false},"excerpt":{"rendered":"<p>Hauteur\u00a0 30 cm<\/p>\n<p><strong>Description:<\/strong>\u00a0Collier avec Jetons de jeuen nacre mont\u00e9sur collier en or 18 carats,<br \/>\n\u00e9poquedes jetons en nacre, Napol\u00e9on III \u00ab\u00a01860\u00a0\u00bb.<\/p>\n","protected":false},"featured_media":12972,"comment_status":"open","ping_status":"closed","template":"","meta":{"_uag_custom_page_level_css":""},"product_brand":[],"product_cat":[121],"product_tag":[],"class_list":{"0":"post-12971","1":"product","2":"type-product","3":"status-publish","4":"has-post-thumbnail","6":"product_cat-golden-necklaces","8":"first","9":"instock","10":"taxable","11":"shipping-taxable","12":"purchasable","13":"product-type-simple"},"uagb_featured_image_src":{"full":["https:\/\/archeojewels.com\/wp-content\/uploads\/2022\/05\/img_5506.jpg",410,600,false],"thumbnail":["https:\/\/archeojewels.com\/wp-content\/uploads\/2022\/05\/img_5506-150x150.jpg",150,150,true],"medium":["https:\/\/archeojewels.com\/wp-content\/uploads\/2022\/05\/img_5506-205x300.jpg",205,300,true],"medium_large":["https:\/\/archeojewels.com\/wp-content\/uploads\/2022\/05\/img_5506.jpg",410,600,false],"large":["https:\/\/archeojewels.com\/wp-content\/uploads\/2022\/05\/img_5506.jpg",410,600,false],"gs-tiny":["https:\/\/archeojewels.com\/wp-content\/uploads\/2022\/05\/img_5506.jpg",50,73,false],"xl":["https:\/\/archeojewels.com\/wp-content\/uploads\/2022\/05\/img_5506.jpg",410,600,false],"xxl":["https:\/\/archeojewels.com\/wp-content\/uploads\/2022\/05\/img_5506.jpg",410,600,false],"xxxl":["https:\/\/archeojewels.com\/wp-content\/uploads\/2022\/05\/img_5506.jpg",410,600,false],"xxxxl":["https:\/\/archeojewels.com\/wp-content\/uploads\/2022\/05\/img_5506.jpg",410,600,false],"xxxxxl":["https:\/\/archeojewels.com\/wp-content\/uploads\/2022\/05\/img_5506.jpg",410,600,false],"1536x1536":["https:\/\/archeojewels.com\/wp-content\/uploads\/2022\/05\/img_5506.jpg",410,600,false],"2048x2048":["https:\/\/archeojewels.com\/wp-content\/uploads\/2022\/05\/img_5506.jpg",410,600,false],"amela_featured_small":["https:\/\/archeojewels.com\/wp-content\/uploads\/2022\/05\/img_5506.jpg",410,600,false],"amela_featured_medium":["https:\/\/archeojewels.com\/wp-content\/uploads\/2022\/05\/img_5506.jpg",410,600,false],"amela_featured_large":["https:\/\/archeojewels.com\/wp-content\/uploads\/2022\/05\/img_5506.jpg",410,600,false],"woocommerce_thumbnail":["https:\/\/archeojewels.com\/wp-content\/uploads\/2022\/05\/img_5506-305x446.jpg",305,446,true],"woocommerce_single":["https:\/\/archeojewels.com\/wp-content\/uploads\/2022\/05\/img_5506.jpg",410,600,false],"woocommerce_gallery_thumbnail":["https:\/\/archeojewels.com\/wp-content\/uploads\/2022\/05\/img_5506-148x148.jpg",148,148,true],"sow-carousel-default":["https:\/\/archeojewels.com\/wp-content\/uploads\/2022\/05\/img_5506-272x182.jpg",272,182,true]},"uagb_author_info":{"display_name":"Archeo Jewels","author_link":"https:\/\/archeojewels.com\/fr\/author\/"},"uagb_comment_info":0,"uagb_excerpt":"Hauteur\u00a0 30 cm Description:\u00a0Collier avec Jetons de jeuen nacre mont\u00e9sur collier en or 18 carats, \u00e9poquedes jetons en nacre, Napol\u00e9on III \"1860\".","jetpack_sharing_enabled":true,"_links":{"self":[{"href":"https:\/\/archeojewels.com\/fr\/wp-json\/wp\/v2\/product\/12971","targetHints":{"allow":["GET"]}}],"collection":[{"href":"https:\/\/archeojewels.com\/fr\/wp-json\/wp\/v2\/product"}],"about":[{"href":"https:\/\/archeojewels.com\/fr\/wp-json\/wp\/v2\/types\/product"}],"replies":[{"embeddable":true,"href":"https:\/\/archeojewels.com\/fr\/wp-json\/wp\/v2\/comments?post=12971"}],"wp:featuredmedia":[{"embeddable":true,"href":"https:\/\/archeojewels.com\/fr\/wp-json\/wp\/v2\/media\/12972"}],"wp:attachment":[{"href":"https:\/\/archeojewels.com\/fr\/wp-json\/wp\/v2\/media?parent=12971"}],"wp:term":[{"taxonomy":"product_brand","embeddable":true,"href":"https:\/\/archeojewels.com\/fr\/wp-json\/wp\/v2\/product_brand?post=12971"},{"taxonomy":"product_cat","embeddable":true,"href":"https:\/\/archeojewels.com\/fr\/wp-json\/wp\/v2\/product_cat?post=12971"},{"taxonomy":"product_tag","embeddable":true,"href":"https:\/\/archeojewels.com\/fr\/wp-json\/wp\/v2\/product_tag?post=12971"}],"curies":[{"name":"wp","href":"https:\/\/api.w.org\/{rel}","templated":true}]}}