{"id":12975,"date":"2022-05-08T23:43:14","date_gmt":"2022-05-08T23:43:14","guid":{"rendered":"https:\/\/archeojewels.com\/wordpress\/?post_type=product&#038;p=12975"},"modified":"2026-02-14T22:33:50","modified_gmt":"2026-02-14T22:33:50","slug":"necklace-with-antique-mother-of-pearl-co-408-or","status":"publish","type":"product","link":"https:\/\/archeojewels.com\/fr\/product\/necklace-with-antique-mother-of-pearl-co-408-or\/","title":{"rendered":"Collier avec jetons en nacre. CO 408-OR"},"content":{"rendered":"","protected":false},"excerpt":{"rendered":"<p>Hauteur collier 22 cm<\/p>\n<p><strong>Description:<\/strong>\u00a0Collier avec Jetons de jeu en nacre mont\u00e9a collier on or 18 carats,<br \/>\n\u00e9poque des jetons en nacre, Napol\u00e9on III\u00a0\u00bb1860&Prime;.<\/p>\n","protected":false},"featured_media":12976,"comment_status":"open","ping_status":"closed","template":"","meta":{"_uag_custom_page_level_css":""},"product_brand":[],"product_cat":[121],"product_tag":[],"class_list":{"0":"post-12975","1":"product","2":"type-product","3":"status-publish","4":"has-post-thumbnail","6":"product_cat-golden-necklaces","8":"first","9":"instock","10":"taxable","11":"shipping-taxable","12":"purchasable","13":"product-type-simple"},"uagb_featured_image_src":{"full":["https:\/\/archeojewels.com\/wp-content\/uploads\/2022\/05\/co_408_or_d.jpg",893,452,false],"thumbnail":["https:\/\/archeojewels.com\/wp-content\/uploads\/2022\/05\/co_408_or_d-150x150.jpg",150,150,true],"medium":["https:\/\/archeojewels.com\/wp-content\/uploads\/2022\/05\/co_408_or_d-300x152.jpg",300,152,true],"medium_large":["https:\/\/archeojewels.com\/wp-content\/uploads\/2022\/05\/co_408_or_d-768x389.jpg",768,389,true],"large":["https:\/\/archeojewels.com\/wp-content\/uploads\/2022\/05\/co_408_or_d.jpg",893,452,false],"gs-tiny":["https:\/\/archeojewels.com\/wp-content\/uploads\/2022\/05\/co_408_or_d.jpg",50,25,false],"xl":["https:\/\/archeojewels.com\/wp-content\/uploads\/2022\/05\/co_408_or_d.jpg",893,452,false],"xxl":["https:\/\/archeojewels.com\/wp-content\/uploads\/2022\/05\/co_408_or_d.jpg",893,452,false],"xxxl":["https:\/\/archeojewels.com\/wp-content\/uploads\/2022\/05\/co_408_or_d.jpg",893,452,false],"xxxxl":["https:\/\/archeojewels.com\/wp-content\/uploads\/2022\/05\/co_408_or_d.jpg",893,452,false],"xxxxxl":["https:\/\/archeojewels.com\/wp-content\/uploads\/2022\/05\/co_408_or_d.jpg",893,452,false],"1536x1536":["https:\/\/archeojewels.com\/wp-content\/uploads\/2022\/05\/co_408_or_d.jpg",893,452,false],"2048x2048":["https:\/\/archeojewels.com\/wp-content\/uploads\/2022\/05\/co_408_or_d.jpg",893,452,false],"amela_featured_small":["https:\/\/archeojewels.com\/wp-content\/uploads\/2022\/05\/co_408_or_d-445x225.jpg",445,225,true],"amela_featured_medium":["https:\/\/archeojewels.com\/wp-content\/uploads\/2022\/05\/co_408_or_d.jpg",893,452,false],"amela_featured_large":["https:\/\/archeojewels.com\/wp-content\/uploads\/2022\/05\/co_408_or_d.jpg",893,452,false],"woocommerce_thumbnail":["https:\/\/archeojewels.com\/wp-content\/uploads\/2022\/05\/co_408_or_d-305x154.jpg",305,154,true],"woocommerce_single":["https:\/\/archeojewels.com\/wp-content\/uploads\/2022\/05\/co_408_or_d-620x314.jpg",620,314,true],"woocommerce_gallery_thumbnail":["https:\/\/archeojewels.com\/wp-content\/uploads\/2022\/05\/co_408_or_d-148x148.jpg",148,148,true],"sow-carousel-default":["https:\/\/archeojewels.com\/wp-content\/uploads\/2022\/05\/co_408_or_d-272x182.jpg",272,182,true]},"uagb_author_info":{"display_name":"Archeo Jewels","author_link":"https:\/\/archeojewels.com\/fr\/author\/"},"uagb_comment_info":0,"uagb_excerpt":"Hauteur collier 22 cm Description:\u00a0Collier avec Jetons de jeu en nacre mont\u00e9a collier on or 18 carats, \u00e9poque des jetons en nacre, Napol\u00e9on III\"1860\".","jetpack_sharing_enabled":true,"_links":{"self":[{"href":"https:\/\/archeojewels.com\/fr\/wp-json\/wp\/v2\/product\/12975","targetHints":{"allow":["GET"]}}],"collection":[{"href":"https:\/\/archeojewels.com\/fr\/wp-json\/wp\/v2\/product"}],"about":[{"href":"https:\/\/archeojewels.com\/fr\/wp-json\/wp\/v2\/types\/product"}],"replies":[{"embeddable":true,"href":"https:\/\/archeojewels.com\/fr\/wp-json\/wp\/v2\/comments?post=12975"}],"wp:featuredmedia":[{"embeddable":true,"href":"https:\/\/archeojewels.com\/fr\/wp-json\/wp\/v2\/media\/12976"}],"wp:attachment":[{"href":"https:\/\/archeojewels.com\/fr\/wp-json\/wp\/v2\/media?parent=12975"}],"wp:term":[{"taxonomy":"product_brand","embeddable":true,"href":"https:\/\/archeojewels.com\/fr\/wp-json\/wp\/v2\/product_brand?post=12975"},{"taxonomy":"product_cat","embeddable":true,"href":"https:\/\/archeojewels.com\/fr\/wp-json\/wp\/v2\/product_cat?post=12975"},{"taxonomy":"product_tag","embeddable":true,"href":"https:\/\/archeojewels.com\/fr\/wp-json\/wp\/v2\/product_tag?post=12975"}],"curies":[{"name":"wp","href":"https:\/\/api.w.org\/{rel}","templated":true}]}}