{"id":633,"date":"2020-10-13T09:00:26","date_gmt":"2020-10-13T09:00:26","guid":{"rendered":"http:\/\/localhost\/razzi\/?page_id=633"},"modified":"2022-06-09T02:24:25","modified_gmt":"2022-06-09T02:24:25","slug":"about-us","status":"publish","type":"page","link":"https:\/\/archeojewels.com\/it\/about-us\/","title":{"rendered":"About Us"},"content":{"rendered":"\n<h2 class=\"has-text-align-left wp-block-heading\">Chi Siamo<\/h2>\n\n\n<div class=\"wp-block-image\">\n<figure class=\"alignleft size-full\"><a href=\"https:\/\/archeojewels.com\/wordpress\/wp-content\/uploads\/2022\/04\/ibrahim.jpg\"><img loading=\"lazy\" decoding=\"async\" width=\"238\" height=\"332\" src=\"https:\/\/archeojewels.com\/wordpress\/wp-content\/uploads\/2022\/04\/ibrahim.jpg\" alt=\"\" class=\"wp-image-11899\" srcset=\"https:\/\/archeojewels.com\/wp-content\/uploads\/2022\/04\/ibrahim.jpg 238w, https:\/\/archeojewels.com\/wp-content\/uploads\/2022\/04\/ibrahim-215x300.jpg 215w\" sizes=\"auto, (max-width: 238px) 100vw, 238px\" \/><\/a><\/figure>\n<\/div>\n\n\n<p class=\"has-drop-cap\">Ibrahim Rawdah ha&nbsp;vissuto&nbsp;e&nbsp;cresciuto&nbsp;in una delle citt\u00e0 pi\u00f9 attraenti per un disegnatore di gioielli &#8220;d&#8217;epoca&#8221;: Roma: La capitale italiana, cuore della civilt\u00e0 Romana. Roma, citt\u00e0 che ad ogni angolo di strada, pu\u00f2 raccontare storie di epoche diverse.  E stata in quest\u2019atmosfera che Ibrahim ha fatto i suoi primi passi lavorando con i suoi zii come architetto d\u2019interni nella loro prestigiosa galleria di mobili d\u2019antiquariato &#8220;Studio Ripetta\u201d che si trova nel cuore di una delle pi\u00f9 vecchie vie del centro storico, Via Di Ripetta. <\/p>\n\n\n\n<p>S\u2019ispira di tutto ci\u00f2 che vede, di tutto ci\u00f2 che tocca, ma anche dalle persone che incontra. Col tempo, comincia ad avere degli interessi alle monete antiche romane, e d\u2019allora trova la sua ispirazione in altri pezzi antichi: tipo pietre, bronzi, pezzi di collane di varie epoche: romane, etrusche, greche ed orientali. Presto questo interesse diventa una vera passione. <\/p>\n\n\n\n<p>Tutto inizia nel 1991, dove crea il suo primo gioiello: un anello d&#8217;oro montato con una corniola incisa. <\/p>\n\n\n\n<p>E da quel momento Ibrahim crea un marchio di gioielli &#8220;Archeo jewels &#8220;: una collezione fatta con oro e argento, gioielli montati con pezzi rari e antichi. Contemporaneamente crea un&#8217;altra linea, sempre in argento, inserendo coppie di monete antiche o pietre incise, ricoperte di smalto colorato, rispettando lo stile e lo spirito di Archeo Jewels.<\/p>\n\n\n\n<div style=\"height:52px\" aria-hidden=\"true\" class=\"wp-block-spacer\"><\/div>\n\n\n\n<div class=\"wp-block-buttons is-content-justification-center is-layout-flex wp-container-core-buttons-is-layout-16018d1d wp-block-buttons-is-layout-flex\">\n<div class=\"wp-block-button has-custom-width wp-block-button__width-25 has-custom-font-size has-medium-font-size\"><a class=\"wp-block-button__link has-background\" href=\"https:\/\/archeojewels.com\/it\/shop\/\" style=\"background-color:#a773c1\" rel=\"\">Aquistare Ora<\/a><\/div>\n<\/div>\n\n\n\n<div style=\"height:111px\" aria-hidden=\"true\" class=\"wp-block-spacer\"><\/div>\n\n\n\n<div class=\"wp-block-columns is-layout-flex wp-container-core-columns-is-layout-9d6595d7 wp-block-columns-is-layout-flex\">\n<div class=\"wp-block-column is-layout-flow wp-block-column-is-layout-flow\" style=\"flex-basis:66.66%\">\n<div class=\"wp-block-cb-carousel\" data-slick=\"{\"slidesToShow\":3,\"slidesToScroll\":1,\"speed\":300,\"arrows\":true,\"dots\":true,\"autoplay\":false,\"autoplaySpeed\":3000,\"infinite\":false,\"responsive\":[{\"breakpoint\":769,\"settings\":{\"slidesToShow\":1,\"slidesToScroll\":1}}]}\">\n<div class=\"wp-block-cb-slide\">\n<figure class=\"wp-block-video\"><video height=\"360\" style=\"aspect-ratio: 640 \/ 360;\" width=\"640\" autoplay controls loop muted src=\"https:\/\/archeojewels.com\/wp-content\/uploads\/2022\/04\/video1.mp4\"><\/video><\/figure>\n<\/div>\n\n\n\n<div class=\"wp-block-cb-slide\">\n<figure class=\"wp-block-video\"><video height=\"360\" style=\"aspect-ratio: 640 \/ 360;\" width=\"640\" autoplay controls loop muted src=\"https:\/\/archeojewels.com\/wp-content\/uploads\/2022\/04\/video2.mp4\"><\/video><\/figure>\n<\/div>\n\n\n\n<div class=\"wp-block-cb-slide\">\n<figure class=\"wp-block-video\"><video height=\"1080\" style=\"aspect-ratio: 1920 \/ 1080;\" width=\"1920\" autoplay controls loop muted src=\"https:\/\/archeojewels.com\/wp-content\/uploads\/2022\/04\/vidoe3.mp4\"><\/video><\/figure>\n<\/div>\n<\/div>\n<\/div>\n\n\n\n<div class=\"wp-block-column is-layout-flow wp-block-column-is-layout-flow\" style=\"flex-basis:33.33%\">\n<iframe loading=\"lazy\" src=\"https:\/\/www.facebook.com\/plugins\/page.php?href=https%3A%2F%2Fwww.facebook.com%2Farcheojewels%2F%3Fhc_ref%3DARQIDbS77MQNARJDhzeEHqIdyHCTiXY87MjHBOoYMB1sD0LWFsXd7ppAt-lkeOM7Ehc%26fref%3Dnf%26__tn__%3DkC-R&#038;tabs=timeline&#038;width=400&#038;height=400&#038;small_header=false&#038;adapt_container_width=true&#038;hide_cover=false&#038;show_facepile=false&#038;appId\" width=\"400\" height=\"400\" style=\"border:none;overflow:hidden\" scrolling=\"no\" frameborder=\"0\" allowfullscreen=\"true\" allow=\"autoplay; clipboard-write; encrypted-media; picture-in-picture; web-share\"><\/iframe>\n<\/div>\n<\/div>\n","protected":false},"excerpt":{"rendered":"<p>Chi Siamo Ibrahim Rawdah ha&nbsp;vissuto&nbsp;e&nbsp;cresciuto&nbsp;in una delle citt\u00e0 pi\u00f9 attraenti per un disegnatore di gioielli &#8220;d&#8217;epoca&#8221;: Roma: La capitale italiana, cuore della civilt\u00e0 Romana. Roma, citt\u00e0 che ad ogni angolo di strada, pu\u00f2 raccontare storie di epoche diverse. E stata in quest\u2019atmosfera che Ibrahim ha fatto i suoi primi passi lavorando con i suoi zii [&hellip;]<\/p>\n","protected":false},"author":2,"featured_media":0,"parent":0,"menu_order":0,"comment_status":"closed","ping_status":"closed","template":"","meta":{"_uag_custom_page_level_css":"","footnotes":""},"class_list":["post-633","page","type-page","status-publish","hentry"],"uagb_featured_image_src":{"full":false,"thumbnail":false,"medium":false,"medium_large":false,"large":false,"gs-tiny":false,"xl":false,"xxl":false,"xxxl":false,"xxxxl":false,"xxxxxl":false,"1536x1536":false,"2048x2048":false,"amela_featured_small":false,"amela_featured_medium":false,"amela_featured_large":false,"woocommerce_thumbnail":false,"woocommerce_single":false,"woocommerce_gallery_thumbnail":false,"sow-carousel-default":false},"uagb_author_info":{"display_name":"Archeo Jewels","author_link":"https:\/\/archeojewels.com\/it\/author\/kallan\/"},"uagb_comment_info":0,"uagb_excerpt":"Chi Siamo Ibrahim Rawdah ha&nbsp;vissuto&nbsp;e&nbsp;cresciuto&nbsp;in una delle citt\u00e0 pi\u00f9 attraenti per un disegnatore di gioielli &#8220;d&#8217;epoca&#8221;: Roma: La capitale italiana, cuore della civilt\u00e0 Romana. Roma, citt\u00e0 che ad ogni angolo di strada, pu\u00f2 raccontare storie di epoche diverse. E stata in quest\u2019atmosfera che Ibrahim ha fatto i suoi primi passi lavorando con i suoi zii&hellip;","jetpack_sharing_enabled":true,"_links":{"self":[{"href":"https:\/\/archeojewels.com\/it\/wp-json\/wp\/v2\/pages\/633","targetHints":{"allow":["GET"]}}],"collection":[{"href":"https:\/\/archeojewels.com\/it\/wp-json\/wp\/v2\/pages"}],"about":[{"href":"https:\/\/archeojewels.com\/it\/wp-json\/wp\/v2\/types\/page"}],"author":[{"embeddable":true,"href":"https:\/\/archeojewels.com\/it\/wp-json\/wp\/v2\/users\/2"}],"replies":[{"embeddable":true,"href":"https:\/\/archeojewels.com\/it\/wp-json\/wp\/v2\/comments?post=633"}],"version-history":[{"count":92,"href":"https:\/\/archeojewels.com\/it\/wp-json\/wp\/v2\/pages\/633\/revisions"}],"predecessor-version":[{"id":13104,"href":"https:\/\/archeojewels.com\/it\/wp-json\/wp\/v2\/pages\/633\/revisions\/13104"}],"wp:attachment":[{"href":"https:\/\/archeojewels.com\/it\/wp-json\/wp\/v2\/media?parent=633"}],"curies":[{"name":"wp","href":"https:\/\/api.w.org\/{rel}","templated":true}]}}