{"id":12161,"date":"2022-04-08T21:04:33","date_gmt":"2022-04-08T21:04:33","guid":{"rendered":"https:\/\/archeojewels.com\/wordpress\/fr\/?post_type=product&#038;p=12161"},"modified":"2026-02-15T00:15:26","modified_gmt":"2026-02-15T00:15:26","slug":"silver-bracelet-with-an-ancient-phoenician-stone-br-650-ar","status":"publish","type":"product","link":"https:\/\/archeojewels.com\/it\/product\/silver-bracelet-with-an-ancient-phoenician-stone-br-650-ar\/","title":{"rendered":"Bracciale in argento con una pietra antica Fenicia. BR 650-AR"},"content":{"rendered":"","protected":false},"excerpt":{"rendered":"<p><span lang=\"IT\">Bracciale in argento con una pietra antica Fenicia in Steatite che <\/span><span lang=\"IT\">rapresenta la figura di un animale (Leone).\u00a0\u00a0<\/span><\/p>\n<p><span lang=\"IT\">La pietra e del secolo VIII-VII a.C.<\/span><\/p>\n<p><span lang=\"IT\">Argento 925<\/span><\/p>\n<p>&nbsp;<\/p>\n<p><span lang=\"IT\">I\u00a0<strong>Fenici<\/strong>\u00a0<\/span><\/p>\n<p><span lang=\"IT\">I\u00a0<strong>Fenici<\/strong> furono un popolo originariamente insediatosi sulle coste orientali del <\/span><span lang=\"IT\">mar <\/span><span lang=\"IT\">Mediterraneo<\/span><span lang=\"IT\">, nei pressi dell&#8217;attuale\u00a0<\/span><span lang=\"IT\">Libano. <\/span><\/p>\n<p><span lang=\"IT\">Il pi\u00f9 importante elemento culturale che si suole ascrivere alla civilt\u00e0 fenicia \u00e8 <\/span><span lang=\"IT\">l&#8217;invenzione dell&#8217;alfabeto. La lingua fenicia, infatti, \u00e8 stata scritta a partire dalla fine del <\/span><span lang=\"IT\">II millennio a.C.<\/span><span lang=\"IT\">\u00a0mediante un\u00a0<\/span><span lang=\"IT\">alfabeto<\/span><span lang=\"IT\">, di tipo consonantico, con ventidue segni scritti <\/span><span lang=\"IT\">da destra verso sinistra. Tale scrittura venne in seguito adottata anche da altri popoli <\/span><span lang=\"IT\">circostanti e dette origine a una serie di altre scritture alfabetiche, non solo semitiche <\/span><span lang=\"IT\">anche l&#8217;alfabeto greco e quello latino derivano in ultima istanza da quello fenicio.<\/span><\/p>\n","protected":false},"featured_media":12164,"comment_status":"open","ping_status":"closed","template":"","meta":{"_uag_custom_page_level_css":""},"product_brand":[],"product_cat":[120],"product_tag":[],"class_list":{"0":"post-12161","1":"product","2":"type-product","3":"status-publish","4":"has-post-thumbnail","6":"product_cat-silver-bracelets","8":"first","9":"instock","10":"taxable","11":"shipping-taxable","12":"purchasable","13":"product-type-simple"},"uagb_featured_image_src":{"full":["https:\/\/archeojewels.com\/wp-content\/uploads\/2022\/04\/br_650ar-b.jpg",900,600,false],"thumbnail":["https:\/\/archeojewels.com\/wp-content\/uploads\/2022\/04\/br_650ar-b-150x150.jpg",150,150,true],"medium":["https:\/\/archeojewels.com\/wp-content\/uploads\/2022\/04\/br_650ar-b-300x200.jpg",300,200,true],"medium_large":["https:\/\/archeojewels.com\/wp-content\/uploads\/2022\/04\/br_650ar-b-768x512.jpg",768,512,true],"large":["https:\/\/archeojewels.com\/wp-content\/uploads\/2022\/04\/br_650ar-b.jpg",900,600,false],"gs-tiny":["https:\/\/archeojewels.com\/wp-content\/uploads\/2022\/04\/br_650ar-b.jpg",50,33,false],"xl":["https:\/\/archeojewels.com\/wp-content\/uploads\/2022\/04\/br_650ar-b.jpg",900,600,false],"xxl":["https:\/\/archeojewels.com\/wp-content\/uploads\/2022\/04\/br_650ar-b.jpg",900,600,false],"xxxl":["https:\/\/archeojewels.com\/wp-content\/uploads\/2022\/04\/br_650ar-b.jpg",900,600,false],"xxxxl":["https:\/\/archeojewels.com\/wp-content\/uploads\/2022\/04\/br_650ar-b.jpg",900,600,false],"xxxxxl":["https:\/\/archeojewels.com\/wp-content\/uploads\/2022\/04\/br_650ar-b.jpg",900,600,false],"1536x1536":["https:\/\/archeojewels.com\/wp-content\/uploads\/2022\/04\/br_650ar-b.jpg",900,600,false],"2048x2048":["https:\/\/archeojewels.com\/wp-content\/uploads\/2022\/04\/br_650ar-b.jpg",900,600,false],"amela_featured_small":["https:\/\/archeojewels.com\/wp-content\/uploads\/2022\/04\/br_650ar-b.jpg",445,297,false],"amela_featured_medium":["https:\/\/archeojewels.com\/wp-content\/uploads\/2022\/04\/br_650ar-b.jpg",900,600,false],"amela_featured_large":["https:\/\/archeojewels.com\/wp-content\/uploads\/2022\/04\/br_650ar-b.jpg",900,600,false],"woocommerce_thumbnail":["https:\/\/archeojewels.com\/wp-content\/uploads\/2022\/04\/br_650ar-b-305x203.jpg",305,203,true],"woocommerce_single":["https:\/\/archeojewels.com\/wp-content\/uploads\/2022\/04\/br_650ar-b-620x413.jpg",620,413,true],"woocommerce_gallery_thumbnail":["https:\/\/archeojewels.com\/wp-content\/uploads\/2022\/04\/br_650ar-b-148x148.jpg",148,148,true],"sow-carousel-default":["https:\/\/archeojewels.com\/wp-content\/uploads\/2022\/04\/br_650ar-b.jpg",272,182,false]},"uagb_author_info":{"display_name":"Archeo Jewels","author_link":"https:\/\/archeojewels.com\/it\/author\/"},"uagb_comment_info":0,"uagb_excerpt":"Bracciale in argento con una pietra antica Fenicia in Steatite che rapresenta la figura di un animale (Leone).\u00a0\u00a0 La pietra e del secolo VIII-VII a.C. Argento 925 &nbsp; I\u00a0Fenici\u00a0 I\u00a0Fenici furono un popolo originariamente insediatosi sulle coste orientali del mar Mediterraneo, nei pressi dell'attuale\u00a0Libano. Il pi\u00f9 importante elemento culturale che si suole ascrivere alla civilt\u00e0&hellip;","jetpack_sharing_enabled":true,"_links":{"self":[{"href":"https:\/\/archeojewels.com\/it\/wp-json\/wp\/v2\/product\/12161","targetHints":{"allow":["GET"]}}],"collection":[{"href":"https:\/\/archeojewels.com\/it\/wp-json\/wp\/v2\/product"}],"about":[{"href":"https:\/\/archeojewels.com\/it\/wp-json\/wp\/v2\/types\/product"}],"replies":[{"embeddable":true,"href":"https:\/\/archeojewels.com\/it\/wp-json\/wp\/v2\/comments?post=12161"}],"wp:featuredmedia":[{"embeddable":true,"href":"https:\/\/archeojewels.com\/it\/wp-json\/wp\/v2\/media\/12164"}],"wp:attachment":[{"href":"https:\/\/archeojewels.com\/it\/wp-json\/wp\/v2\/media?parent=12161"}],"wp:term":[{"taxonomy":"product_brand","embeddable":true,"href":"https:\/\/archeojewels.com\/it\/wp-json\/wp\/v2\/product_brand?post=12161"},{"taxonomy":"product_cat","embeddable":true,"href":"https:\/\/archeojewels.com\/it\/wp-json\/wp\/v2\/product_cat?post=12161"},{"taxonomy":"product_tag","embeddable":true,"href":"https:\/\/archeojewels.com\/it\/wp-json\/wp\/v2\/product_tag?post=12161"}],"curies":[{"name":"wp","href":"https:\/\/api.w.org\/{rel}","templated":true}]}}