{"id":12179,"date":"2022-04-08T21:26:53","date_gmt":"2022-04-08T21:26:53","guid":{"rendered":"https:\/\/archeojewels.com\/wordpress\/?post_type=product&#038;p=12179"},"modified":"2026-02-14T23:04:41","modified_gmt":"2026-02-14T23:04:41","slug":"vintage-baume-mercier-watch-oro-701-or","status":"publish","type":"product","link":"https:\/\/archeojewels.com\/it\/product\/vintage-baume-mercier-watch-oro-701-or\/","title":{"rendered":"Orologio vintage BAUME &#038; MERCIER. ORO 701-OR"},"content":{"rendered":"","protected":false},"excerpt":{"rendered":"<p><strong>Description:<\/strong>\u00a0OROLOGIO BAUME &#038; MERCIER IN ORO 18 K CON LA COPERTURA<br \/>\nOrologio in oro giallo 18 K.<br \/>\nIl braccialetto ha una catena di sicurezza ed \u00e8 contrassegnato 0,750 AB con il contrassegno svizzero dell&#8217;oro, la copertura \u00e8 contrassegnata 7 208,750 con il contrassegno dell&#8217;oro, la cassa dell\u2019orologio \u00e8 contrassegnata Baume &#038; Mercier Geneve 18 K 206 0,750 129196 e gli impianti sono contrassegnati GIOIELLI di B&#038;M GENEVE 17.<br \/>\nQuest\u2019orologio funziona perfettamente.<br \/>\nIl peso totale a parte gli impianti \u00e8 di 18,6 grammi.<\/p>\n<div class=\"gkLegend4\">\n<h4>CONDIZIONI:<\/h4>\n<p>A causa del problema di sostituzione pezzi e di denunce disinformate circa la precisione di un orologio d&#8217;epoca (vale a dire &#8220;c&#8217;\u00e8 un ritardo di 3 a 5 minuti ogni giorno, ha un graffio che non avete descritto, voglio un rimborso!) non si accettano resi. Gli orologi che vendo sono venduti COME SONO senzaRESI. Cercher\u00f2 di essere il pi\u00f9 preciso possibile nella lista, ma non posso garantire o offrire alcun rimborso. Si prega di fare tutte le domande in anticipo. Vi dir\u00f2 quanto pi\u00f9 possibile su qualsiasi orologio, ma questi sono gi\u00e0 di propriet\u00e0, non nuovi.<\/p>\n<\/div>\n","protected":false},"featured_media":12180,"comment_status":"open","ping_status":"closed","template":"","meta":{"_uag_custom_page_level_css":""},"product_brand":[],"product_cat":[112],"product_tag":[],"class_list":{"0":"post-12179","1":"product","2":"type-product","3":"status-publish","4":"has-post-thumbnail","6":"product_cat-watches","8":"first","9":"instock","10":"taxable","11":"shipping-taxable","12":"purchasable","13":"product-type-simple"},"uagb_featured_image_src":{"full":["https:\/\/archeojewels.com\/wp-content\/uploads\/2022\/04\/img_6422.jpg",519,600,false],"thumbnail":["https:\/\/archeojewels.com\/wp-content\/uploads\/2022\/04\/img_6422-150x150.jpg",150,150,true],"medium":["https:\/\/archeojewels.com\/wp-content\/uploads\/2022\/04\/img_6422-260x300.jpg",260,300,true],"medium_large":["https:\/\/archeojewels.com\/wp-content\/uploads\/2022\/04\/img_6422.jpg",519,600,false],"large":["https:\/\/archeojewels.com\/wp-content\/uploads\/2022\/04\/img_6422.jpg",519,600,false],"gs-tiny":["https:\/\/archeojewels.com\/wp-content\/uploads\/2022\/04\/img_6422.jpg",50,58,false],"xl":["https:\/\/archeojewels.com\/wp-content\/uploads\/2022\/04\/img_6422.jpg",519,600,false],"xxl":["https:\/\/archeojewels.com\/wp-content\/uploads\/2022\/04\/img_6422.jpg",519,600,false],"xxxl":["https:\/\/archeojewels.com\/wp-content\/uploads\/2022\/04\/img_6422.jpg",519,600,false],"xxxxl":["https:\/\/archeojewels.com\/wp-content\/uploads\/2022\/04\/img_6422.jpg",519,600,false],"xxxxxl":["https:\/\/archeojewels.com\/wp-content\/uploads\/2022\/04\/img_6422.jpg",519,600,false],"1536x1536":["https:\/\/archeojewels.com\/wp-content\/uploads\/2022\/04\/img_6422.jpg",519,600,false],"2048x2048":["https:\/\/archeojewels.com\/wp-content\/uploads\/2022\/04\/img_6422.jpg",519,600,false],"amela_featured_small":["https:\/\/archeojewels.com\/wp-content\/uploads\/2022\/04\/img_6422.jpg",445,514,false],"amela_featured_medium":["https:\/\/archeojewels.com\/wp-content\/uploads\/2022\/04\/img_6422.jpg",519,600,false],"amela_featured_large":["https:\/\/archeojewels.com\/wp-content\/uploads\/2022\/04\/img_6422.jpg",519,600,false],"woocommerce_thumbnail":["https:\/\/archeojewels.com\/wp-content\/uploads\/2022\/04\/img_6422-305x353.jpg",305,353,true],"woocommerce_single":["https:\/\/archeojewels.com\/wp-content\/uploads\/2022\/04\/img_6422.jpg",519,600,false],"woocommerce_gallery_thumbnail":["https:\/\/archeojewels.com\/wp-content\/uploads\/2022\/04\/img_6422-148x148.jpg",148,148,true],"sow-carousel-default":["https:\/\/archeojewels.com\/wp-content\/uploads\/2022\/04\/img_6422.jpg",157,182,false]},"uagb_author_info":{"display_name":"Archeo Jewels","author_link":"https:\/\/archeojewels.com\/it\/author\/"},"uagb_comment_info":0,"uagb_excerpt":"Description:\u00a0OROLOGIO BAUME & MERCIER IN ORO 18 K CON LA COPERTURA Orologio in oro giallo 18 K. Il braccialetto ha una catena di sicurezza ed \u00e8 contrassegnato 0,750 AB con il contrassegno svizzero dell'oro, la copertura \u00e8 contrassegnata 7 208,750 con il contrassegno dell'oro, la cassa dell\u2019orologio \u00e8 contrassegnata Baume & Mercier Geneve 18 K&hellip;","jetpack_sharing_enabled":true,"_links":{"self":[{"href":"https:\/\/archeojewels.com\/it\/wp-json\/wp\/v2\/product\/12179","targetHints":{"allow":["GET"]}}],"collection":[{"href":"https:\/\/archeojewels.com\/it\/wp-json\/wp\/v2\/product"}],"about":[{"href":"https:\/\/archeojewels.com\/it\/wp-json\/wp\/v2\/types\/product"}],"replies":[{"embeddable":true,"href":"https:\/\/archeojewels.com\/it\/wp-json\/wp\/v2\/comments?post=12179"}],"wp:featuredmedia":[{"embeddable":true,"href":"https:\/\/archeojewels.com\/it\/wp-json\/wp\/v2\/media\/12180"}],"wp:attachment":[{"href":"https:\/\/archeojewels.com\/it\/wp-json\/wp\/v2\/media?parent=12179"}],"wp:term":[{"taxonomy":"product_brand","embeddable":true,"href":"https:\/\/archeojewels.com\/it\/wp-json\/wp\/v2\/product_brand?post=12179"},{"taxonomy":"product_cat","embeddable":true,"href":"https:\/\/archeojewels.com\/it\/wp-json\/wp\/v2\/product_cat?post=12179"},{"taxonomy":"product_tag","embeddable":true,"href":"https:\/\/archeojewels.com\/it\/wp-json\/wp\/v2\/product_tag?post=12179"}],"curies":[{"name":"wp","href":"https:\/\/api.w.org\/{rel}","templated":true}]}}