{"id":12586,"date":"2022-04-23T02:46:12","date_gmt":"2022-04-23T02:46:12","guid":{"rendered":"https:\/\/archeojewels.com\/wordpress\/?post_type=product&#038;p=12586"},"modified":"2026-02-15T00:14:11","modified_gmt":"2026-02-15T00:14:11","slug":"silver-seal-ring","status":"publish","type":"product","link":"https:\/\/archeojewels.com\/it\/product\/silver-seal-ring\/","title":{"rendered":"Anello a sigillo in argento. AN 051-AR"},"content":{"rendered":"<h2>Hydra<\/h2>\n<p><a href=\"https:\/\/archeojewels.com\/wp-content\/uploads\/2022\/04\/hydra.jpg\"><img loading=\"lazy\" decoding=\"async\" class=\"alignnone size-full wp-image-12132\" src=\"https:\/\/archeojewels.com\/wp-content\/uploads\/2022\/04\/hydra.jpg\" alt=\"\" width=\"250\" height=\"173\" \/><\/a><\/p>\n<h6><em>Hercules slaying the Hydra, Hans Sebald Beham engraving, 1545<\/em><\/h6>\n<p>Aveva nove teste di serpente, di cui la centrale era immortale. Secondo altre versioni tuttavia ne aveva 50 e tutte d&#8217;oro. Il corpo era di un drago gigantesco e senza ali. Qualsiasi testa venisse tagliata, subito ne rispuntavano due. Il sangue e il fiato dell&#8217;Idra erano veleno mortale. Il mito narra che l&#8217;Idra, che viveva nei pressi di Lerna, fu ucciso da Ercole durante la seconda delle sue fatiche. Non fu un&#8217;impresa facile: trov\u00f2 l&#8217;orrenda belva mentre digeriva il suo pasto nella caverna e le tagli\u00f2 tutte le teste. Per non cadere preda del suo fiato tremendo Ercole trattenne il respiro. Scopr\u00ec per\u00f2 che dal moncherino di ogni testa tagliata ne spuntavano istantaneamente altre due. Ebbe quindi un&#8217;illuminazione, e chiese aiuto al nipote Lolao: mentre Ercole tagliava le teste, Lolao dava fuoco al sangue della ferita, cicatrizzandola in modo che le teste non potessero ricrescere. L&#8217;ultima testa tuttavia era immortale e non serv\u00ec nemmeno il suo nuovo stratagemma. Allora seppell\u00ec la testa e il corpo sotto un masso enorme.<\/p>\n<p>Ercole bagn\u00f2 la punta delle frecce nel sangue dell&#8217;idra, altamente velenoso, per rendere le ferite inflitte da esse inguaribili. Un&#8217;accidentale puntura con una di tali frecce provoc\u00f2 atroci sofferenze a Chirone, centauro amico e insegnante di Ercole, che essendo immortale non poteva morire e, per porre fine al tormento, don\u00f2 la propria immortalit\u00e0 a Prometeo.<\/p>\n","protected":false},"excerpt":{"rendered":"<p>Anello a sigillo in argento 925, con riproduzione di una pietra Romana \u201ccorniola incisa con figura femminile \u201c200 B.C.\u201c ricoperta in Smalto colorato.<\/p>\n<p>Misura 16.4 &#8211; 17<\/p>\n<p>Altezza 2.4 cm<\/p>\n","protected":false},"featured_media":12595,"comment_status":"open","ping_status":"closed","template":"","meta":{"_uag_custom_page_level_css":""},"product_brand":[],"product_cat":[127],"product_tag":[],"class_list":{"0":"post-12586","1":"product","2":"type-product","3":"status-publish","4":"has-post-thumbnail","6":"product_cat-hydra-collection","8":"first","9":"instock","10":"taxable","11":"shipping-taxable","12":"purchasable","13":"product-type-variable"},"uagb_featured_image_src":{"full":["https:\/\/archeojewels.com\/wp-content\/uploads\/2022\/04\/03collec_white.jpg",1024,1542,false],"thumbnail":["https:\/\/archeojewels.com\/wp-content\/uploads\/2022\/04\/03collec_white-150x150.jpg",150,150,true],"medium":["https:\/\/archeojewels.com\/wp-content\/uploads\/2022\/04\/03collec_white-199x300.jpg",199,300,true],"medium_large":["https:\/\/archeojewels.com\/wp-content\/uploads\/2022\/04\/03collec_white-768x1157.jpg",768,1157,true],"large":["https:\/\/archeojewels.com\/wp-content\/uploads\/2022\/04\/03collec_white-680x1024.jpg",680,1024,true],"gs-tiny":["https:\/\/archeojewels.com\/wp-content\/uploads\/2022\/04\/03collec_white.jpg",50,75,false],"xl":["https:\/\/archeojewels.com\/wp-content\/uploads\/2022\/04\/03collec_white.jpg",1024,1542,false],"xxl":["https:\/\/archeojewels.com\/wp-content\/uploads\/2022\/04\/03collec_white.jpg",1024,1542,false],"xxxl":["https:\/\/archeojewels.com\/wp-content\/uploads\/2022\/04\/03collec_white.jpg",1024,1542,false],"xxxxl":["https:\/\/archeojewels.com\/wp-content\/uploads\/2022\/04\/03collec_white.jpg",1024,1542,false],"xxxxxl":["https:\/\/archeojewels.com\/wp-content\/uploads\/2022\/04\/03collec_white.jpg",1024,1542,false],"1536x1536":["https:\/\/archeojewels.com\/wp-content\/uploads\/2022\/04\/03collec_white-1020x1536.jpg",1020,1536,true],"2048x2048":["https:\/\/archeojewels.com\/wp-content\/uploads\/2022\/04\/03collec_white.jpg",1024,1542,false],"amela_featured_small":["https:\/\/archeojewels.com\/wp-content\/uploads\/2022\/04\/03collec_white-445x670.jpg",445,670,true],"amela_featured_medium":["https:\/\/archeojewels.com\/wp-content\/uploads\/2022\/04\/03collec_white-914x1376.jpg",914,1376,true],"amela_featured_large":["https:\/\/archeojewels.com\/wp-content\/uploads\/2022\/04\/03collec_white-1024x608.jpg",1024,608,true],"woocommerce_thumbnail":["https:\/\/archeojewels.com\/wp-content\/uploads\/2022\/04\/03collec_white-305x459.jpg",305,459,true],"woocommerce_single":["https:\/\/archeojewels.com\/wp-content\/uploads\/2022\/04\/03collec_white-620x934.jpg",620,934,true],"woocommerce_gallery_thumbnail":["https:\/\/archeojewels.com\/wp-content\/uploads\/2022\/04\/03collec_white-148x148.jpg",148,148,true],"sow-carousel-default":["https:\/\/archeojewels.com\/wp-content\/uploads\/2022\/04\/03collec_white-272x182.jpg",272,182,true]},"uagb_author_info":{"display_name":"Archeo Jewels","author_link":"https:\/\/archeojewels.com\/it\/author\/"},"uagb_comment_info":0,"uagb_excerpt":"Anello a sigillo in argento 925, con riproduzione di una pietra Romana \u201ccorniola incisa con figura femminile \u201c200 B.C.\u201c ricoperta in Smalto colorato. Misura 16.4 - 17 Altezza 2.4 cm","jetpack_sharing_enabled":true,"_links":{"self":[{"href":"https:\/\/archeojewels.com\/it\/wp-json\/wp\/v2\/product\/12586","targetHints":{"allow":["GET"]}}],"collection":[{"href":"https:\/\/archeojewels.com\/it\/wp-json\/wp\/v2\/product"}],"about":[{"href":"https:\/\/archeojewels.com\/it\/wp-json\/wp\/v2\/types\/product"}],"replies":[{"embeddable":true,"href":"https:\/\/archeojewels.com\/it\/wp-json\/wp\/v2\/comments?post=12586"}],"wp:featuredmedia":[{"embeddable":true,"href":"https:\/\/archeojewels.com\/it\/wp-json\/wp\/v2\/media\/12595"}],"wp:attachment":[{"href":"https:\/\/archeojewels.com\/it\/wp-json\/wp\/v2\/media?parent=12586"}],"wp:term":[{"taxonomy":"product_brand","embeddable":true,"href":"https:\/\/archeojewels.com\/it\/wp-json\/wp\/v2\/product_brand?post=12586"},{"taxonomy":"product_cat","embeddable":true,"href":"https:\/\/archeojewels.com\/it\/wp-json\/wp\/v2\/product_cat?post=12586"},{"taxonomy":"product_tag","embeddable":true,"href":"https:\/\/archeojewels.com\/it\/wp-json\/wp\/v2\/product_tag?post=12586"}],"curies":[{"name":"wp","href":"https:\/\/api.w.org\/{rel}","templated":true}]}}