{"id":12618,"date":"2022-04-23T03:18:12","date_gmt":"2022-04-23T03:18:12","guid":{"rendered":"https:\/\/archeojewels.com\/wordpress\/?post_type=product&#038;p=12618"},"modified":"2026-02-14T23:30:54","modified_gmt":"2026-02-14T23:30:54","slug":"silver-seal-ring-an-042-ar","status":"publish","type":"product","link":"https:\/\/archeojewels.com\/it\/product\/silver-seal-ring-an-042-ar\/","title":{"rendered":"Anello in argento a sigillo AN 042-AR"},"content":{"rendered":"<h2>About Pico<\/h2>\n<p>Dio profetico della cerchia di Marte. Giovane bellissimo, di lui si innamorarono tutte le ninfe dei boschi e delle sorgenti, ma lui am\u00f2 soltanto Canente, figlia di Giano. Un giorno, mentre cacciava, incontr\u00f2 la maga Circe, che vedendolo se ne innamor\u00f2 e lo volle a tutti i costi. Ma Pico, essendo innamorato di Canente, respinse la maga, che, risentita, lo mut\u00f2 in un picchio: ancora oggi quest&#8217;uccello picchia i tronchi perch\u00e9 non riesce a sciogliere l&#8217;incantesimo che lo lega a quelle forme.<\/p>\n","protected":false},"excerpt":{"rendered":"<p>Size \/ Misura 17.7 \/ 55<\/p>\n<p><strong>Description:<\/strong>\u00a0 Anello in argento a sigillo con moneta impressa \u201cdenarius dell\u2019imperatore Adreano.<br \/>\nCorpo in argento dorato con moneta stampata in argento.<\/p>\n","protected":false},"featured_media":12619,"comment_status":"open","ping_status":"closed","template":"","meta":{"_uag_custom_page_level_css":""},"product_brand":[],"product_cat":[128],"product_tag":[],"class_list":{"0":"post-12618","1":"product","2":"type-product","3":"status-publish","4":"has-post-thumbnail","6":"product_cat-pico-collection","8":"first","9":"instock","10":"taxable","11":"shipping-taxable","12":"purchasable","13":"product-type-simple"},"uagb_featured_image_src":{"full":["https:\/\/archeojewels.com\/wp-content\/uploads\/2022\/04\/pico4_1126925014.jpg",604,900,false],"thumbnail":["https:\/\/archeojewels.com\/wp-content\/uploads\/2022\/04\/pico4_1126925014-150x150.jpg",150,150,true],"medium":["https:\/\/archeojewels.com\/wp-content\/uploads\/2022\/04\/pico4_1126925014-201x300.jpg",201,300,true],"medium_large":["https:\/\/archeojewels.com\/wp-content\/uploads\/2022\/04\/pico4_1126925014.jpg",604,900,false],"large":["https:\/\/archeojewels.com\/wp-content\/uploads\/2022\/04\/pico4_1126925014.jpg",604,900,false],"gs-tiny":["https:\/\/archeojewels.com\/wp-content\/uploads\/2022\/04\/pico4_1126925014.jpg",50,75,false],"xl":["https:\/\/archeojewels.com\/wp-content\/uploads\/2022\/04\/pico4_1126925014.jpg",604,900,false],"xxl":["https:\/\/archeojewels.com\/wp-content\/uploads\/2022\/04\/pico4_1126925014.jpg",604,900,false],"xxxl":["https:\/\/archeojewels.com\/wp-content\/uploads\/2022\/04\/pico4_1126925014.jpg",604,900,false],"xxxxl":["https:\/\/archeojewels.com\/wp-content\/uploads\/2022\/04\/pico4_1126925014.jpg",604,900,false],"xxxxxl":["https:\/\/archeojewels.com\/wp-content\/uploads\/2022\/04\/pico4_1126925014.jpg",604,900,false],"1536x1536":["https:\/\/archeojewels.com\/wp-content\/uploads\/2022\/04\/pico4_1126925014.jpg",604,900,false],"2048x2048":["https:\/\/archeojewels.com\/wp-content\/uploads\/2022\/04\/pico4_1126925014.jpg",604,900,false],"amela_featured_small":["https:\/\/archeojewels.com\/wp-content\/uploads\/2022\/04\/pico4_1126925014-445x663.jpg",445,663,true],"amela_featured_medium":["https:\/\/archeojewels.com\/wp-content\/uploads\/2022\/04\/pico4_1126925014.jpg",604,900,false],"amela_featured_large":["https:\/\/archeojewels.com\/wp-content\/uploads\/2022\/04\/pico4_1126925014-604x608.jpg",604,608,true],"woocommerce_thumbnail":["https:\/\/archeojewels.com\/wp-content\/uploads\/2022\/04\/pico4_1126925014-305x454.jpg",305,454,true],"woocommerce_single":["https:\/\/archeojewels.com\/wp-content\/uploads\/2022\/04\/pico4_1126925014.jpg",604,900,false],"woocommerce_gallery_thumbnail":["https:\/\/archeojewels.com\/wp-content\/uploads\/2022\/04\/pico4_1126925014-148x148.jpg",148,148,true],"sow-carousel-default":["https:\/\/archeojewels.com\/wp-content\/uploads\/2022\/04\/pico4_1126925014-272x182.jpg",272,182,true]},"uagb_author_info":{"display_name":"Archeo Jewels","author_link":"https:\/\/archeojewels.com\/it\/author\/"},"uagb_comment_info":0,"uagb_excerpt":"Size \/ Misura 17.7 \/ 55 Description:\u00a0 Anello in argento a sigillo con moneta impressa \u201cdenarius dell\u2019imperatore Adreano. Corpo in argento dorato con moneta stampata in argento.","jetpack_sharing_enabled":true,"_links":{"self":[{"href":"https:\/\/archeojewels.com\/it\/wp-json\/wp\/v2\/product\/12618","targetHints":{"allow":["GET"]}}],"collection":[{"href":"https:\/\/archeojewels.com\/it\/wp-json\/wp\/v2\/product"}],"about":[{"href":"https:\/\/archeojewels.com\/it\/wp-json\/wp\/v2\/types\/product"}],"replies":[{"embeddable":true,"href":"https:\/\/archeojewels.com\/it\/wp-json\/wp\/v2\/comments?post=12618"}],"wp:featuredmedia":[{"embeddable":true,"href":"https:\/\/archeojewels.com\/it\/wp-json\/wp\/v2\/media\/12619"}],"wp:attachment":[{"href":"https:\/\/archeojewels.com\/it\/wp-json\/wp\/v2\/media?parent=12618"}],"wp:term":[{"taxonomy":"product_brand","embeddable":true,"href":"https:\/\/archeojewels.com\/it\/wp-json\/wp\/v2\/product_brand?post=12618"},{"taxonomy":"product_cat","embeddable":true,"href":"https:\/\/archeojewels.com\/it\/wp-json\/wp\/v2\/product_cat?post=12618"},{"taxonomy":"product_tag","embeddable":true,"href":"https:\/\/archeojewels.com\/it\/wp-json\/wp\/v2\/product_tag?post=12618"}],"curies":[{"name":"wp","href":"https:\/\/api.w.org\/{rel}","templated":true}]}}