{"id":12828,"date":"2022-05-06T21:21:44","date_gmt":"2022-05-06T21:21:44","guid":{"rendered":"https:\/\/archeojewels.com\/wordpress\/?post_type=product&#038;p=12828"},"modified":"2026-02-15T00:03:13","modified_gmt":"2026-02-15T00:03:13","slug":"pendant-clock-oro-702-or","status":"publish","type":"product","link":"https:\/\/archeojewels.com\/it\/product\/pendant-clock-oro-702-or\/","title":{"rendered":"Orologgio a ciondolo. CO 702-OR"},"content":{"rendered":"","protected":false},"excerpt":{"rendered":"<p><strong>Description:<\/strong>\u00a0Orologgio a ciondolo in stile art deco in oro 18kt, argento e smalto. Circa 1930&#8217;s &#8211; 40&#8217;s.<\/p>\n<div class=\"gkLegend1\">\n<h4>A proposito di:<\/h4>\n<p>Il marchio JEAN PERRET Gen\u00e8ve \u00e8 di propriet\u00e0 della famiglia Buser della Svizzera, che per oltre 100 anni sono stati coinvolti in fabbricazione di orologi. L&#8217;azienda di famiglia gestita dal Sig. John Buser ed i suoi figli, Sabina e Martin Buser rappresentano la quarta generazione. Oggi JEAN PERRET \u00e8 uno dei pochi marchi indipendenti di orologi svizzeri e la crescita delle linee di prodotti e prestazioni generali sottolinea la forza e il fascino dei marchi. Il recente lancio di un orologio novit\u00e0 mondiale ha catturato l&#8217;attenzione internazionale e dimostra l&#8217;impegno JEAN PERRET per l&#8217;innovazione e l\u2019artigianato fine, che vengono elaborati ai pi\u00f9 alti standard di qualit\u00e0 svizzeri.<\/p>\n<\/div>\n<div class=\"gkLegend4\">\n<h4>Condizioni:<\/h4>\n<p>A causa del problema di sostituzione pezzi e di denunce disinformate circa la precisione di un orologio d&#8217;epoca (vale a dire &#8220;c&#8217;\u00e8 un ritardo di 3 a 5 minuti ogni giorno, ha un graffio che non avete descritto, voglio un rimborso!) non si accettano resi. Gli orologi che vendo sono venduti COME SONO senzaRESI. Cercher\u00f2 di essere il pi\u00f9 preciso possibile nella lista, ma non posso garantire o offrire alcun rimborso. Si prega di fare tutte le domande in anticipo. Vi dir\u00f2 quanto pi\u00f9 possibile su qualsiasi orologio, ma questi sono gi\u00e0 di propriet\u00e0, non nuovi.<\/p>\n<\/div>\n","protected":false},"featured_media":12829,"comment_status":"open","ping_status":"closed","template":"","meta":{"_uag_custom_page_level_css":""},"product_brand":[],"product_cat":[112],"product_tag":[],"class_list":{"0":"post-12828","1":"product","2":"type-product","3":"status-publish","4":"has-post-thumbnail","6":"product_cat-watches","8":"first","9":"instock","10":"taxable","11":"shipping-taxable","12":"purchasable","13":"product-type-simple"},"uagb_featured_image_src":{"full":["https:\/\/archeojewels.com\/wp-content\/uploads\/2022\/05\/img_5173.jpg",477,600,false],"thumbnail":["https:\/\/archeojewels.com\/wp-content\/uploads\/2022\/05\/img_5173-150x150.jpg",150,150,true],"medium":["https:\/\/archeojewels.com\/wp-content\/uploads\/2022\/05\/img_5173-239x300.jpg",239,300,true],"medium_large":["https:\/\/archeojewels.com\/wp-content\/uploads\/2022\/05\/img_5173.jpg",477,600,false],"large":["https:\/\/archeojewels.com\/wp-content\/uploads\/2022\/05\/img_5173.jpg",477,600,false],"gs-tiny":["https:\/\/archeojewels.com\/wp-content\/uploads\/2022\/05\/img_5173.jpg",50,63,false],"xl":["https:\/\/archeojewels.com\/wp-content\/uploads\/2022\/05\/img_5173.jpg",477,600,false],"xxl":["https:\/\/archeojewels.com\/wp-content\/uploads\/2022\/05\/img_5173.jpg",477,600,false],"xxxl":["https:\/\/archeojewels.com\/wp-content\/uploads\/2022\/05\/img_5173.jpg",477,600,false],"xxxxl":["https:\/\/archeojewels.com\/wp-content\/uploads\/2022\/05\/img_5173.jpg",477,600,false],"xxxxxl":["https:\/\/archeojewels.com\/wp-content\/uploads\/2022\/05\/img_5173.jpg",477,600,false],"1536x1536":["https:\/\/archeojewels.com\/wp-content\/uploads\/2022\/05\/img_5173.jpg",477,600,false],"2048x2048":["https:\/\/archeojewels.com\/wp-content\/uploads\/2022\/05\/img_5173.jpg",477,600,false],"amela_featured_small":["https:\/\/archeojewels.com\/wp-content\/uploads\/2022\/05\/img_5173-445x560.jpg",445,560,true],"amela_featured_medium":["https:\/\/archeojewels.com\/wp-content\/uploads\/2022\/05\/img_5173.jpg",477,600,false],"amela_featured_large":["https:\/\/archeojewels.com\/wp-content\/uploads\/2022\/05\/img_5173.jpg",477,600,false],"woocommerce_thumbnail":["https:\/\/archeojewels.com\/wp-content\/uploads\/2022\/05\/img_5173-305x384.jpg",305,384,true],"woocommerce_single":["https:\/\/archeojewels.com\/wp-content\/uploads\/2022\/05\/img_5173.jpg",477,600,false],"woocommerce_gallery_thumbnail":["https:\/\/archeojewels.com\/wp-content\/uploads\/2022\/05\/img_5173-148x148.jpg",148,148,true],"sow-carousel-default":["https:\/\/archeojewels.com\/wp-content\/uploads\/2022\/05\/img_5173-272x182.jpg",272,182,true]},"uagb_author_info":{"display_name":"Archeo Jewels","author_link":"https:\/\/archeojewels.com\/it\/author\/"},"uagb_comment_info":0,"uagb_excerpt":"Description:\u00a0Orologgio a ciondolo in stile art deco in oro 18kt, argento e smalto. Circa 1930's - 40's. A proposito di: Il marchio JEAN PERRET Gen\u00e8ve \u00e8 di propriet\u00e0 della famiglia Buser della Svizzera, che per oltre 100 anni sono stati coinvolti in fabbricazione di orologi. L'azienda di famiglia gestita dal Sig. John Buser ed i&hellip;","jetpack_sharing_enabled":true,"_links":{"self":[{"href":"https:\/\/archeojewels.com\/it\/wp-json\/wp\/v2\/product\/12828","targetHints":{"allow":["GET"]}}],"collection":[{"href":"https:\/\/archeojewels.com\/it\/wp-json\/wp\/v2\/product"}],"about":[{"href":"https:\/\/archeojewels.com\/it\/wp-json\/wp\/v2\/types\/product"}],"replies":[{"embeddable":true,"href":"https:\/\/archeojewels.com\/it\/wp-json\/wp\/v2\/comments?post=12828"}],"wp:featuredmedia":[{"embeddable":true,"href":"https:\/\/archeojewels.com\/it\/wp-json\/wp\/v2\/media\/12829"}],"wp:attachment":[{"href":"https:\/\/archeojewels.com\/it\/wp-json\/wp\/v2\/media?parent=12828"}],"wp:term":[{"taxonomy":"product_brand","embeddable":true,"href":"https:\/\/archeojewels.com\/it\/wp-json\/wp\/v2\/product_brand?post=12828"},{"taxonomy":"product_cat","embeddable":true,"href":"https:\/\/archeojewels.com\/it\/wp-json\/wp\/v2\/product_cat?post=12828"},{"taxonomy":"product_tag","embeddable":true,"href":"https:\/\/archeojewels.com\/it\/wp-json\/wp\/v2\/product_tag?post=12828"}],"curies":[{"name":"wp","href":"https:\/\/api.w.org\/{rel}","templated":true}]}}