{"id":12876,"date":"2022-05-06T22:42:15","date_gmt":"2022-05-06T22:42:15","guid":{"rendered":"https:\/\/archeojewels.com\/wordpress\/?post_type=product&#038;p=12876"},"modified":"2022-05-06T22:43:15","modified_gmt":"2022-05-06T22:43:15","slug":"delbana-ladies-wrist-watch-in-18kt-oro-703-or","status":"publish","type":"product","link":"https:\/\/archeojewels.com\/it\/product\/delbana-ladies-wrist-watch-in-18kt-oro-703-or\/","title":{"rendered":"Delbana, Orologio da polso in oro 18Kt. ORO 703-OR"},"content":{"rendered":"","protected":false},"excerpt":{"rendered":"<div class=\"gkLegend1\">\n<p><strong>Description:<\/strong>\u00a0Orologio da polso in oro 18Kt. Delbana, anni 50.<br \/>\nNumero orologio: 597830<\/p>\n<div class=\"gkLegend4\">\n<h4>Condizioni:<\/h4>\n<p>A causa del problema di sostituzione pezzi e di denunce disinformate circa la precisione di un orologio d&#8217;epoca (vale a dire &#8220;c&#8217;\u00e8 un ritardo di 3 a 5 minuti ogni giorno, ha un graffio che non avete descritto, voglio un rimborso!) non si accettano resi. Gli orologi che vendo sono venduti COME SONO senzaRESI. Cercher\u00f2 di essere il pi\u00f9 preciso possibile nella lista, ma non posso garantire o offrire alcun rimborso. Si prega di fare tutte le domande in anticipo. Vi dir\u00f2 quanto pi\u00f9 possibile su qualsiasi orologio, ma questi sono gi\u00e0 di propriet\u00e0, non nuovi.<\/p>\n<\/div>\n<\/div>\n","protected":false},"featured_media":12877,"comment_status":"open","ping_status":"closed","template":"","meta":{"_uag_custom_page_level_css":""},"product_brand":[],"product_cat":[112],"product_tag":[],"class_list":{"0":"post-12876","1":"product","2":"type-product","3":"status-publish","4":"has-post-thumbnail","6":"product_cat-watches","8":"first","9":"instock","10":"taxable","11":"shipping-taxable","12":"purchasable","13":"product-type-simple"},"uagb_featured_image_src":{"full":["https:\/\/archeojewels.com\/wp-content\/uploads\/2022\/05\/logo-2.jpg",300,300,false],"thumbnail":["https:\/\/archeojewels.com\/wp-content\/uploads\/2022\/05\/logo-2-150x150.jpg",150,150,true],"medium":["https:\/\/archeojewels.com\/wp-content\/uploads\/2022\/05\/logo-2-300x300.jpg",300,300,true],"medium_large":["https:\/\/archeojewels.com\/wp-content\/uploads\/2022\/05\/logo-2.jpg",300,300,false],"large":["https:\/\/archeojewels.com\/wp-content\/uploads\/2022\/05\/logo-2.jpg",300,300,false],"gs-tiny":["https:\/\/archeojewels.com\/wp-content\/uploads\/2022\/05\/logo-2.jpg",50,50,false],"xl":["https:\/\/archeojewels.com\/wp-content\/uploads\/2022\/05\/logo-2.jpg",300,300,false],"xxl":["https:\/\/archeojewels.com\/wp-content\/uploads\/2022\/05\/logo-2.jpg",300,300,false],"xxxl":["https:\/\/archeojewels.com\/wp-content\/uploads\/2022\/05\/logo-2.jpg",300,300,false],"xxxxl":["https:\/\/archeojewels.com\/wp-content\/uploads\/2022\/05\/logo-2.jpg",300,300,false],"xxxxxl":["https:\/\/archeojewels.com\/wp-content\/uploads\/2022\/05\/logo-2.jpg",300,300,false],"1536x1536":["https:\/\/archeojewels.com\/wp-content\/uploads\/2022\/05\/logo-2.jpg",300,300,false],"2048x2048":["https:\/\/archeojewels.com\/wp-content\/uploads\/2022\/05\/logo-2.jpg",300,300,false],"amela_featured_small":["https:\/\/archeojewels.com\/wp-content\/uploads\/2022\/05\/logo-2.jpg",300,300,false],"amela_featured_medium":["https:\/\/archeojewels.com\/wp-content\/uploads\/2022\/05\/logo-2.jpg",300,300,false],"amela_featured_large":["https:\/\/archeojewels.com\/wp-content\/uploads\/2022\/05\/logo-2.jpg",300,300,false],"woocommerce_thumbnail":["https:\/\/archeojewels.com\/wp-content\/uploads\/2022\/05\/logo-2.jpg",300,300,false],"woocommerce_single":["https:\/\/archeojewels.com\/wp-content\/uploads\/2022\/05\/logo-2.jpg",300,300,false],"woocommerce_gallery_thumbnail":["https:\/\/archeojewels.com\/wp-content\/uploads\/2022\/05\/logo-2-148x148.jpg",148,148,true],"sow-carousel-default":["https:\/\/archeojewels.com\/wp-content\/uploads\/2022\/05\/logo-2-272x182.jpg",272,182,true]},"uagb_author_info":{"display_name":"Archeo Jewels","author_link":"https:\/\/archeojewels.com\/it\/author\/"},"uagb_comment_info":0,"uagb_excerpt":"Description:\u00a0Orologio da polso in oro 18Kt. Delbana, anni 50. Numero orologio: 597830 Condizioni: A causa del problema di sostituzione pezzi e di denunce disinformate circa la precisione di un orologio d'epoca (vale a dire \"c'\u00e8 un ritardo di 3 a 5 minuti ogni giorno, ha un graffio che non avete descritto, voglio un rimborso!) non&hellip;","jetpack_sharing_enabled":true,"_links":{"self":[{"href":"https:\/\/archeojewels.com\/it\/wp-json\/wp\/v2\/product\/12876","targetHints":{"allow":["GET"]}}],"collection":[{"href":"https:\/\/archeojewels.com\/it\/wp-json\/wp\/v2\/product"}],"about":[{"href":"https:\/\/archeojewels.com\/it\/wp-json\/wp\/v2\/types\/product"}],"replies":[{"embeddable":true,"href":"https:\/\/archeojewels.com\/it\/wp-json\/wp\/v2\/comments?post=12876"}],"wp:featuredmedia":[{"embeddable":true,"href":"https:\/\/archeojewels.com\/it\/wp-json\/wp\/v2\/media\/12877"}],"wp:attachment":[{"href":"https:\/\/archeojewels.com\/it\/wp-json\/wp\/v2\/media?parent=12876"}],"wp:term":[{"taxonomy":"product_brand","embeddable":true,"href":"https:\/\/archeojewels.com\/it\/wp-json\/wp\/v2\/product_brand?post=12876"},{"taxonomy":"product_cat","embeddable":true,"href":"https:\/\/archeojewels.com\/it\/wp-json\/wp\/v2\/product_cat?post=12876"},{"taxonomy":"product_tag","embeddable":true,"href":"https:\/\/archeojewels.com\/it\/wp-json\/wp\/v2\/product_tag?post=12876"}],"curies":[{"name":"wp","href":"https:\/\/api.w.org\/{rel}","templated":true}]}}